{"id":364386,"date":"2023-01-15T13:46:10","date_gmt":"2023-01-15T12:46:10","guid":{"rendered":"https:\/\/www.claret.cat\/llibre\/elogio-de-la-bicicleta-9788497843256\/"},"modified":"2024-05-22T22:32:30","modified_gmt":"2024-05-22T20:32:30","slug":"elogio-de-la-bicicleta-9788497843256","status":"publish","type":"product","link":"https:\/\/www.claret.cat\/es\/libro\/elogio-de-la-bicicleta-9788497843256\/","title":{"rendered":"ELOGIO DE LA BICICLETA"},"content":{"rendered":"<p>Este delicioso Elogio de la bicicleta pasa por tres etapas narrativas: el mito, la epopeya y la utop\u00eda. A pesar de que sus dimensiones m\u00edtica y heroica han sufrido algunos reveses derivados de su vinculaci\u00f3n a las desviaciones del deporte profesional y el doping, la bicicleta -impulsada por las nuevas pol\u00edticas de la ciudad- regresa con fuerza a los escenarios urbanos y su imagen es objeto de un renovado entusiasmo popular.<\/p>\n<p>Podemos ponernos a so\u00f1ar y proyectar a grandes rasgos una ciudad ut\u00f3pica del ma\u00f1ana en donde la bicicleta y el transporte p\u00fablico sean los \u00fanicos medios de desplazamiento. Incluso so\u00f1ar con un mundo en el que las exigencias de los ciclistas dobleguen el poder\u00edo pol\u00edtico&#8230; siempre y cuando, en el mundo, reinen la paz, la igualdad y el aire puro, tras la ruina de los magnates del petr\u00f3leo.<\/p>\n<p>Sin embargo, en su humildad, la bicicleta nos ense\u00f1a, ante todo, a estar en armon\u00eda con el tiempo y el espacio. Nos hace redescubrir el principio de realidad en un mundo invadido por la ficci\u00f3n y las im\u00e1genes. El ciclismo es, por tanto, un humanismo que abre con renacidos br\u00edos las puertas de la utop\u00eda y de un futuro m\u00e1s esperanzador: el s\u00edmbolo de un futuro ecol\u00f3gico para la ciudad del ma\u00f1ana y de un proyecto urbano que tal vez podr\u00eda reconciliar a la sociedad consigo misma.<\/p>\n<p>Marc Aug\u00e9 (Poitiers, 1935) es profesor de antropolog\u00eda y etnolog\u00eda de l&#8221;\u00c9cole des Hautes \u00c9tudes en Sciences Sociales de Par\u00eds, de la cual fue director (1985-1995). Tambi\u00e9n ha sido responsable y director de diferentes investigaciones en el Centre Nacional de la Recherche Scientifique (CNRS). De su extensa obra publicada por Editorial Gedisa destacan: Los no lugares -un cl\u00e1sico de la etnolog\u00eda urbana-, El viajero subterr\u00e1neo: un etn\u00f3logo en el metro, Ficciones de fin de siglo, Diario de guerra: el mundo despu\u00e9s del 11 de septiembre, El tiempo en ruinas, \u00bfPor qu\u00e9 vivimos?, El oficio de antrop\u00f3logo y Casablanca, una melanc\u00f3lica y delicada reflexi\u00f3n acerca del m\u00edtico filme, el cine y el sentido de la vida.<\/p>\n","protected":false},"excerpt":{"rendered":"<p>AUG\u00c9, MARC<\/p>\n","protected":false},"featured_media":364401,"template":"","meta":{"_acf_changed":false,"om_disable_all_campaigns":false,"rs_blank_template":"","rs_page_bg_color":"","slide_template_v7":"","inline_featured_image":false,"_monsterinsights_skip_tracking":false,"_monsterinsights_sitenote_active":false,"_monsterinsights_sitenote_note":"","_monsterinsights_sitenote_category":0},"product_brand":[],"product_cat":[546,96],"product_tag":[],"class_list":{"0":"post-364386","1":"product","2":"type-product","3":"status-publish","4":"has-post-thumbnail","6":"product_cat-deportes","7":"product_cat-esports","9":"first","10":"instock","11":"taxable","12":"shipping-taxable","13":"purchasable","14":"product-type-simple"},"acf":{"editorial":[{"ID":8243,"post_author":"3","post_date":"2022-09-30 09:21:25","post_date_gmt":"2022-09-30 07:21:25","post_content":"","post_title":"GEDISA, EDITORIAL","post_excerpt":"","post_status":"publish","comment_status":"closed","ping_status":"closed","post_password":"","post_name":"gedisa-editorial","to_ping":"","pinged":"","post_modified":"2022-09-30 09:21:25","post_modified_gmt":"2022-09-30 07:21:25","post_content_filtered":"","post_parent":0,"guid":"http:\/\/dev.claret.cat\/editorial\/gedisa-editorial\/","menu_order":0,"post_type":"editorial","post_mime_type":"","comment_count":"0","filter":"raw"}],"autores-libros":[{"ID":163287,"post_author":"3","post_date":"2022-10-14 17:37:49","post_date_gmt":"2022-10-14 15:37:49","post_content":"","post_title":"MARC AUG\u00c9","post_excerpt":"","post_status":"publish","comment_status":"closed","ping_status":"closed","post_password":"","post_name":"marc-auge","to_ping":"","pinged":"","post_modified":"2022-10-14 17:37:49","post_modified_gmt":"2022-10-14 15:37:49","post_content_filtered":"","post_parent":0,"guid":"http:\/\/dev.claret.cat\/autor\/marc-auge\/","menu_order":0,"post_type":"autor","post_mime_type":"","comment_count":"0","filter":"raw"}],"autor":"AUG\u00c9, MARC","codart":"849784325","libros-coleccion":"","ediciones":"1","encuadernacion":"R\u00fastica","fecha_de_publicacion":"01\/05\/2009","novedad":"0","paginas":"112","subtitulo":"","orden":"999","portada":"0","idioma":"spa"},"aioseo_notices":[],"_links":{"self":[{"href":"https:\/\/www.claret.cat\/es\/wp-json\/wp\/v2\/product\/364386","targetHints":{"allow":["GET"]}}],"collection":[{"href":"https:\/\/www.claret.cat\/es\/wp-json\/wp\/v2\/product"}],"about":[{"href":"https:\/\/www.claret.cat\/es\/wp-json\/wp\/v2\/types\/product"}],"wp:featuredmedia":[{"embeddable":true,"href":"https:\/\/www.claret.cat\/es\/wp-json\/wp\/v2\/media\/364401"}],"wp:attachment":[{"href":"https:\/\/www.claret.cat\/es\/wp-json\/wp\/v2\/media?parent=364386"}],"wp:term":[{"taxonomy":"product_brand","embeddable":true,"href":"https:\/\/www.claret.cat\/es\/wp-json\/wp\/v2\/product_brand?post=364386"},{"taxonomy":"product_cat","embeddable":true,"href":"https:\/\/www.claret.cat\/es\/wp-json\/wp\/v2\/product_cat?post=364386"},{"taxonomy":"product_tag","embeddable":true,"href":"https:\/\/www.claret.cat\/es\/wp-json\/wp\/v2\/product_tag?post=364386"}],"curies":[{"name":"wp","href":"https:\/\/api.w.org\/{rel}","templated":true}]}}