{"id":364433,"date":"2023-01-15T14:00:52","date_gmt":"2023-01-15T13:00:52","guid":{"rendered":"https:\/\/www.claret.cat\/llibre\/la-comunidad-ilusoria-9788497845533\/"},"modified":"2024-05-22T22:31:03","modified_gmt":"2024-05-22T20:31:03","slug":"la-comunidad-ilusoria-9788497845533","status":"publish","type":"product","link":"https:\/\/www.claret.cat\/es\/libro\/la-comunidad-ilusoria-9788497845533\/","title":{"rendered":"LA COMUNIDAD ILUSORIA"},"content":{"rendered":"<p>La noci\u00f3n de comunidad es hoy en d\u00eda puesta a todas las salsas. Sin embargo, el destino de que provee a sus individuos mide el grado de democracia de una sociedad. Ning\u00fan individuo puede definirse por una sola pertenencia \u201ccomunitaria\u201d. Identidad y alteridad est\u00e1n \u00edntimamente ligadas. Pero el individuo es el referente absoluto a partir del cual pueden comprenderse la realidad de las fronteras y la necesidad de las relaciones. Una frontera no es una barrera, sino un umbral; entre individuos, entre colectividades, entre lenguas existen fronteras sutiles cuyo aprendizaje permite reconocerse sin alienarse.<br \/>Este texto aboga por un existencialismo pol\u00edtico para el que la idea de comunidad y de bien com\u00fan no existe m\u00e1s que en el estado de proyecto. Postula que toda la educaci\u00f3n digna de este nombre deber\u00eda tener por ideal no el enfrentamiento con una sola tradici\u00f3n sino el cruce de fronteras y de culturas.<\/p>\n","protected":false},"excerpt":{"rendered":"<p>AUG\u00c9, MARC<\/p>\n","protected":false},"featured_media":364434,"template":"","meta":{"_acf_changed":false,"om_disable_all_campaigns":false,"rs_blank_template":"","rs_page_bg_color":"","slide_template_v7":"","inline_featured_image":false,"_monsterinsights_skip_tracking":false,"_monsterinsights_sitenote_active":false,"_monsterinsights_sitenote_note":"","_monsterinsights_sitenote_category":0},"product_brand":[],"product_cat":[90,540],"product_tag":[],"class_list":{"0":"post-364433","1":"product","2":"type-product","3":"status-publish","4":"has-post-thumbnail","6":"product_cat-altres","7":"product_cat-otros","9":"first","10":"instock","11":"taxable","12":"shipping-taxable","13":"purchasable","14":"product-type-simple"},"acf":{"editorial":[{"ID":147981,"post_author":"3","post_date":"2022-10-14 11:54:43","post_date_gmt":"2022-10-14 09:54:43","post_content":"","post_title":"EDITORIAL GEDISA","post_excerpt":"","post_status":"publish","comment_status":"closed","ping_status":"closed","post_password":"","post_name":"editorial-gedisa","to_ping":"","pinged":"","post_modified":"2022-10-14 11:54:43","post_modified_gmt":"2022-10-14 09:54:43","post_content_filtered":"","post_parent":0,"guid":"http:\/\/dev.claret.cat\/editorial\/editorial-gedisa\/","menu_order":0,"post_type":"editorial","post_mime_type":"","comment_count":"0","filter":"raw"}],"autores-libros":[{"ID":163287,"post_author":"3","post_date":"2022-10-14 17:37:49","post_date_gmt":"2022-10-14 15:37:49","post_content":"","post_title":"MARC AUG\u00c9","post_excerpt":"","post_status":"publish","comment_status":"closed","ping_status":"closed","post_password":"","post_name":"marc-auge","to_ping":"","pinged":"","post_modified":"2022-10-14 17:37:49","post_modified_gmt":"2022-10-14 15:37:49","post_content_filtered":"","post_parent":0,"guid":"http:\/\/dev.claret.cat\/autor\/marc-auge\/","menu_order":0,"post_type":"autor","post_mime_type":"","comment_count":"0","filter":"raw"}],"autor":"AUG\u00c9, MARC","codart":"849784553","libros-coleccion":"","ediciones":"1","encuadernacion":"R\u00fastica","fecha_de_publicacion":"29\/10\/2012","novedad":"0","paginas":"48","subtitulo":"","orden":"999","portada":"0","idioma":"spa"},"aioseo_notices":[],"_links":{"self":[{"href":"https:\/\/www.claret.cat\/es\/wp-json\/wp\/v2\/product\/364433","targetHints":{"allow":["GET"]}}],"collection":[{"href":"https:\/\/www.claret.cat\/es\/wp-json\/wp\/v2\/product"}],"about":[{"href":"https:\/\/www.claret.cat\/es\/wp-json\/wp\/v2\/types\/product"}],"wp:featuredmedia":[{"embeddable":true,"href":"https:\/\/www.claret.cat\/es\/wp-json\/wp\/v2\/media\/364434"}],"wp:attachment":[{"href":"https:\/\/www.claret.cat\/es\/wp-json\/wp\/v2\/media?parent=364433"}],"wp:term":[{"taxonomy":"product_brand","embeddable":true,"href":"https:\/\/www.claret.cat\/es\/wp-json\/wp\/v2\/product_brand?post=364433"},{"taxonomy":"product_cat","embeddable":true,"href":"https:\/\/www.claret.cat\/es\/wp-json\/wp\/v2\/product_cat?post=364433"},{"taxonomy":"product_tag","embeddable":true,"href":"https:\/\/www.claret.cat\/es\/wp-json\/wp\/v2\/product_tag?post=364433"}],"curies":[{"name":"wp","href":"https:\/\/api.w.org\/{rel}","templated":true}]}}