{"id":364864,"date":"2023-01-15T15:00:57","date_gmt":"2023-01-15T14:00:57","guid":{"rendered":"https:\/\/www.claret.cat\/llibre\/novena-al-sagrat-cor-de-jesus-9788498050998\/"},"modified":"2024-05-22T22:03:48","modified_gmt":"2024-05-22T20:03:48","slug":"novena-al-sagrat-cor-de-jesus-9788498050998","status":"publish","type":"product","link":"https:\/\/www.claret.cat\/es\/libro\/novena-al-sagrat-cor-de-jesus-9788498050998\/","title":{"rendered":"NOVENA AL SAGRAT COR DE JES\u00daS"},"content":{"rendered":"<p>El cor, en el seu sentit b\u00edblic, indica el m\u00e9s profund de l&#8217;\u00e9sser, l&#8217;arrel dels seus actes, on la persona es decideix o no per D\u00e9u. \u00c9s enlloc de la trobada i de l\u2019alian\u00e7a de l&#8217;home amb D\u00e9u, com explica el Catecisme de l\u2019esgl\u00e9sia Cat\u00f2lica (n. 2563).<br \/>L\u2019alian\u00e7a nova i definitiva entre D\u00e9u i la humanitat s&#8217;ha establert per sempre en Jesucrist. En el Cor del Redemptor es troben l&#8217;amor huma i div\u00ed amb que Jesucrist estima cont\u00ednuament el Pare i tots els homes.<br \/>Grans testimonis de l&#8217;espiritualitat cristiana han viscut i propagat la devoci\u00f3 al Cor de Crist; entre ells, sant Bemat, sant Joan Eudes o santa Margarida Maria Alacoque.<\/p>\n","protected":false},"excerpt":{"rendered":"<p>CENTRE PASTORAL LIT\u00daRGICA<\/p>\n","protected":false},"featured_media":364865,"template":"","meta":{"_acf_changed":false,"om_disable_all_campaigns":false,"rs_blank_template":"","rs_page_bg_color":"","slide_template_v7":"","inline_featured_image":false,"_monsterinsights_skip_tracking":false,"_monsterinsights_sitenote_active":false,"_monsterinsights_sitenote_note":"","_monsterinsights_sitenote_category":0},"product_brand":[],"product_cat":[496,246,497,248,522,298],"product_tag":[],"class_list":{"0":"post-364864","1":"product","2":"type-product","3":"status-publish","4":"has-post-thumbnail","6":"product_cat-devocionarios","7":"product_cat-devocionaris","8":"product_cat-meditaciones","9":"product_cat-meditacions","10":"product_cat-sacramental-pastoral-1_espiritualidad","11":"product_cat-sacramental","13":"first","14":"instock","15":"taxable","16":"shipping-taxable","17":"purchasable","18":"product-type-simple"},"acf":{"editorial":[{"ID":6172,"post_author":"3","post_date":"2022-07-28 17:46:27","post_date_gmt":"2022-07-28 15:46:27","post_content":"","post_title":"CPL","post_excerpt":"","post_status":"publish","comment_status":"closed","ping_status":"closed","post_password":"","post_name":"cpl","to_ping":"","pinged":"","post_modified":"2022-07-28 17:46:27","post_modified_gmt":"2022-07-28 15:46:27","post_content_filtered":"","post_parent":0,"guid":"http:\/\/dev.claret.cat\/editorial\/cpl\/","menu_order":0,"post_type":"editorial","post_mime_type":"","comment_count":"0","filter":"raw"}],"autores-libros":[{"ID":5341,"post_author":"3","post_date":"2022-07-28 17:21:54","post_date_gmt":"2022-07-28 15:21:54","post_content":"","post_title":"CENTRE PASTORAL LIT\u00daRGICA","post_excerpt":"","post_status":"publish","comment_status":"closed","ping_status":"closed","post_password":"","post_name":"centre-pastoral-liturgica","to_ping":"","pinged":"","post_modified":"2022-07-28 17:21:54","post_modified_gmt":"2022-07-28 15:21:54","post_content_filtered":"","post_parent":0,"guid":"http:\/\/dev.claret.cat\/autor\/centre-pastoral-liturgica\/","menu_order":0,"post_type":"autor","post_mime_type":"","comment_count":"0","filter":"raw"}],"autor":"CENTRE PASTORAL LIT\u00daRGICA","codart":"849805099","libros-coleccion":"CELEBRAR-CATALA-C.P.L.","ediciones":"1","encuadernacion":"R\u00fastica","fecha_de_publicacion":"08\/02\/2006","novedad":"0","paginas":"68","subtitulo":"","orden":"999","portada":"0","idioma":"cat"},"aioseo_notices":[],"_links":{"self":[{"href":"https:\/\/www.claret.cat\/es\/wp-json\/wp\/v2\/product\/364864","targetHints":{"allow":["GET"]}}],"collection":[{"href":"https:\/\/www.claret.cat\/es\/wp-json\/wp\/v2\/product"}],"about":[{"href":"https:\/\/www.claret.cat\/es\/wp-json\/wp\/v2\/types\/product"}],"wp:featuredmedia":[{"embeddable":true,"href":"https:\/\/www.claret.cat\/es\/wp-json\/wp\/v2\/media\/364865"}],"wp:attachment":[{"href":"https:\/\/www.claret.cat\/es\/wp-json\/wp\/v2\/media?parent=364864"}],"wp:term":[{"taxonomy":"product_brand","embeddable":true,"href":"https:\/\/www.claret.cat\/es\/wp-json\/wp\/v2\/product_brand?post=364864"},{"taxonomy":"product_cat","embeddable":true,"href":"https:\/\/www.claret.cat\/es\/wp-json\/wp\/v2\/product_cat?post=364864"},{"taxonomy":"product_tag","embeddable":true,"href":"https:\/\/www.claret.cat\/es\/wp-json\/wp\/v2\/product_tag?post=364864"}],"curies":[{"name":"wp","href":"https:\/\/api.w.org\/{rel}","templated":true}]}}