{"id":365062,"date":"2023-01-15T15:45:18","date_gmt":"2023-01-15T14:45:18","guid":{"rendered":"https:\/\/www.claret.cat\/llibre\/orar-por-las-vocaciones-9788498051797\/"},"modified":"2024-05-22T21:57:09","modified_gmt":"2024-05-22T19:57:09","slug":"orar-por-las-vocaciones-9788498051797","status":"publish","type":"product","link":"https:\/\/www.claret.cat\/es\/libro\/orar-por-las-vocaciones-9788498051797\/","title":{"rendered":"ORAR POR LAS VOCACIONES"},"content":{"rendered":"<p>Un libro muy \u00fatil, porque el tema es muy importante. Una selecci\u00f3n de textos b\u00edblicos, oraciones y pensamientos vocacionales, para ayudar en algo que la comunidad cristiana nunca debe olvidar: orar para que se susciten en su seno vocaciones al ministerio sacerdotal.<\/p>\n","protected":false},"excerpt":{"rendered":"<p>[CENTRE DE PASTORAL LIT\u00daRGICA]<\/p>\n","protected":false},"featured_media":0,"template":"","meta":{"_acf_changed":false,"om_disable_all_campaigns":false,"rs_blank_template":"","rs_page_bg_color":"","slide_template_v7":"","inline_featured_image":false,"_monsterinsights_skip_tracking":false,"_monsterinsights_sitenote_active":false,"_monsterinsights_sitenote_note":"","_monsterinsights_sitenote_category":0},"product_brand":[],"product_cat":[396,247,395,240,266,507],"product_tag":[],"class_list":{"0":"post-365062","1":"product","2":"type-product","3":"status-publish","5":"product_cat-oracion","6":"product_cat-pregaria","7":"product_cat-vida-religiosa-espiritualidad-1_espiritualidad","8":"product_cat-vida-religiosa-espiritualitat","9":"product_cat-vocacional","10":"product_cat-vocacional-pastoral-1_espiritualidad","12":"first","13":"outofstock","14":"taxable","15":"shipping-taxable","16":"purchasable","17":"product-type-simple"},"acf":{"editorial":[{"ID":6172,"post_author":"3","post_date":"2022-07-28 17:46:27","post_date_gmt":"2022-07-28 15:46:27","post_content":"","post_title":"CPL","post_excerpt":"","post_status":"publish","comment_status":"closed","ping_status":"closed","post_password":"","post_name":"cpl","to_ping":"","pinged":"","post_modified":"2022-07-28 17:46:27","post_modified_gmt":"2022-07-28 15:46:27","post_content_filtered":"","post_parent":0,"guid":"http:\/\/dev.claret.cat\/editorial\/cpl\/","menu_order":0,"post_type":"editorial","post_mime_type":"","comment_count":"0","filter":"raw"}],"autores-libros":[{"ID":8275,"post_author":"3","post_date":"2022-09-30 09:46:50","post_date_gmt":"2022-09-30 07:46:50","post_content":"","post_title":"[CENTRE DE PASTORAL LIT\u00daRGICA]","post_excerpt":"","post_status":"publish","comment_status":"closed","ping_status":"closed","post_password":"","post_name":"centre-de-pastoral-liturgica","to_ping":"","pinged":"","post_modified":"2022-09-30 09:46:50","post_modified_gmt":"2022-09-30 07:46:50","post_content_filtered":"","post_parent":0,"guid":"http:\/\/dev.claret.cat\/autor\/centre-de-pastoral-liturgica\/","menu_order":0,"post_type":"autor","post_mime_type":"","comment_count":"0","filter":"raw"}],"autor":"[CENTRE DE PASTORAL LIT\u00daRGICA]","codart":"849805179","libros-coleccion":"Celebrar","ediciones":"1","encuadernacion":"R\u00fastica","fecha_de_publicacion":"21\/02\/2007","novedad":"0","paginas":"88","subtitulo":"","orden":"999","portada":"0","idioma":"spa"},"aioseo_notices":[],"_links":{"self":[{"href":"https:\/\/www.claret.cat\/es\/wp-json\/wp\/v2\/product\/365062","targetHints":{"allow":["GET"]}}],"collection":[{"href":"https:\/\/www.claret.cat\/es\/wp-json\/wp\/v2\/product"}],"about":[{"href":"https:\/\/www.claret.cat\/es\/wp-json\/wp\/v2\/types\/product"}],"wp:attachment":[{"href":"https:\/\/www.claret.cat\/es\/wp-json\/wp\/v2\/media?parent=365062"}],"wp:term":[{"taxonomy":"product_brand","embeddable":true,"href":"https:\/\/www.claret.cat\/es\/wp-json\/wp\/v2\/product_brand?post=365062"},{"taxonomy":"product_cat","embeddable":true,"href":"https:\/\/www.claret.cat\/es\/wp-json\/wp\/v2\/product_cat?post=365062"},{"taxonomy":"product_tag","embeddable":true,"href":"https:\/\/www.claret.cat\/es\/wp-json\/wp\/v2\/product_tag?post=365062"}],"curies":[{"name":"wp","href":"https:\/\/api.w.org\/{rel}","templated":true}]}}