{"id":365174,"date":"2023-01-15T16:06:33","date_gmt":"2023-01-15T15:06:33","guid":{"rendered":"https:\/\/www.claret.cat\/llibre\/sembrando-la-palabra-9788498052947\/"},"modified":"2024-05-22T21:46:39","modified_gmt":"2024-05-22T19:46:39","slug":"sembrando-la-palabra-9788498052947","status":"publish","type":"product","link":"https:\/\/www.claret.cat\/es\/libro\/sembrando-la-palabra-9788498052947\/","title":{"rendered":"SEMBRANDO LA PALABRA"},"content":{"rendered":"<p>Nunca profundizamos lo bastante en los textos de la Palabra de Dios que nos proclaman domingo tras domingo en la celebraci\u00f3n de la Eucarist\u00eda. Por eso vale la pena la nueva aportaci\u00f3n que nos ofrece este libro. En dos p\u00e1ginas, con un estilo sencillo y profundo a la vez, se nos invita a penetrar y vivir la lecturas de cada uno de los domingos y fiestas del calendario lit\u00fargico, en sus tres ciclos, para que nos hablen personalmente, a cada uno de nosotros y a cada una de nuestras comunidades.<\/p>\n","protected":false},"excerpt":{"rendered":"<p>SEBASTI\u00c1N AGUILAR, CARD. FERNANDO <\/p>\n","protected":false},"featured_media":365175,"template":"","meta":{"_acf_changed":false,"om_disable_all_campaigns":false,"rs_blank_template":"","rs_page_bg_color":"","slide_template_v7":"","inline_featured_image":false,"_monsterinsights_skip_tracking":false,"_monsterinsights_sitenote_active":false,"_monsterinsights_sitenote_note":"","_monsterinsights_sitenote_category":0},"product_brand":[],"product_cat":[399,253,256,501,497,248],"product_tag":[],"class_list":{"0":"post-365174","1":"product","2":"type-product","3":"status-publish","4":"has-post-thumbnail","6":"product_cat-any-liturgic-liturgia-1_espiritualidad","7":"product_cat-any-liturgic","8":"product_cat-homiletica","9":"product_cat-homiletica-liturgia-1_espiritualidad","10":"product_cat-meditaciones","11":"product_cat-meditacions","13":"first","14":"instock","15":"taxable","16":"shipping-taxable","17":"purchasable","18":"product-type-simple"},"acf":{"editorial":[{"ID":6172,"post_author":"3","post_date":"2022-07-28 17:46:27","post_date_gmt":"2022-07-28 15:46:27","post_content":"","post_title":"CPL","post_excerpt":"","post_status":"publish","comment_status":"closed","ping_status":"closed","post_password":"","post_name":"cpl","to_ping":"","pinged":"","post_modified":"2022-07-28 17:46:27","post_modified_gmt":"2022-07-28 15:46:27","post_content_filtered":"","post_parent":0,"guid":"http:\/\/dev.claret.cat\/editorial\/cpl\/","menu_order":0,"post_type":"editorial","post_mime_type":"","comment_count":"0","filter":"raw"}],"autores-libros":[{"ID":152072,"post_author":"3","post_date":"2022-10-14 14:45:53","post_date_gmt":"2022-10-14 12:45:53","post_content":"","post_title":"CARD. FERNANDO  SEBASTI\u00c1N AGUILAR","post_excerpt":"","post_status":"publish","comment_status":"closed","ping_status":"closed","post_password":"","post_name":"card-fernando-sebastian-aguilar","to_ping":"","pinged":"","post_modified":"2022-10-14 14:45:53","post_modified_gmt":"2022-10-14 12:45:53","post_content_filtered":"","post_parent":0,"guid":"http:\/\/dev.claret.cat\/autor\/card-fernando-sebastian-aguilar\/","menu_order":0,"post_type":"autor","post_mime_type":"","comment_count":"0","filter":"raw"}],"autor":"SEBASTI\u00c1N AGUILAR, CARD. FERNANDO ","codart":"849805294","libros-coleccion":"Dossier CPL","ediciones":"1","encuadernacion":"R\u00fastica","fecha_de_publicacion":"07\/11\/2008","novedad":"0","paginas":"430","subtitulo":"","orden":"999","portada":"0","idioma":"spa"},"aioseo_notices":[],"_links":{"self":[{"href":"https:\/\/www.claret.cat\/es\/wp-json\/wp\/v2\/product\/365174","targetHints":{"allow":["GET"]}}],"collection":[{"href":"https:\/\/www.claret.cat\/es\/wp-json\/wp\/v2\/product"}],"about":[{"href":"https:\/\/www.claret.cat\/es\/wp-json\/wp\/v2\/types\/product"}],"wp:featuredmedia":[{"embeddable":true,"href":"https:\/\/www.claret.cat\/es\/wp-json\/wp\/v2\/media\/365175"}],"wp:attachment":[{"href":"https:\/\/www.claret.cat\/es\/wp-json\/wp\/v2\/media?parent=365174"}],"wp:term":[{"taxonomy":"product_brand","embeddable":true,"href":"https:\/\/www.claret.cat\/es\/wp-json\/wp\/v2\/product_brand?post=365174"},{"taxonomy":"product_cat","embeddable":true,"href":"https:\/\/www.claret.cat\/es\/wp-json\/wp\/v2\/product_cat?post=365174"},{"taxonomy":"product_tag","embeddable":true,"href":"https:\/\/www.claret.cat\/es\/wp-json\/wp\/v2\/product_tag?post=365174"}],"curies":[{"name":"wp","href":"https:\/\/api.w.org\/{rel}","templated":true}]}}