{"id":365230,"date":"2023-01-15T16:11:10","date_gmt":"2023-01-15T15:11:10","guid":{"rendered":"https:\/\/www.claret.cat\/llibre\/sembrar-la-paraula-9788498053548\/"},"modified":"2024-05-22T21:39:23","modified_gmt":"2024-05-22T19:39:23","slug":"sembrar-la-paraula-9788498053548","status":"publish","type":"product","link":"https:\/\/www.claret.cat\/es\/libro\/sembrar-la-paraula-9788498053548\/","title":{"rendered":"SEMBRAR LA PARAULA"},"content":{"rendered":"<p>Mai no aprofundim prou en els textos de la Paraula de D\u00e9u que se&#8217;ns proclama cada diumenge a la celebraci\u00f3 de l&#8217;Eucaristia. En aquest llibre, don Fernando Sebasti\u00e1n, arquebisbe em\u00e8rit de Pamplona, fa que aquestes lectures ens resultin properes. Per a cada diumenge o festa ens ofereix una breu presentaci\u00f3 dels textos, un resum del seu missatge, i una s\u00e8rie de suggeriments per a la vida. Perqu\u00e8 el lector pugui trobar un bon punt de parten\u00e7a per a la seva reflexi\u00f3 personal, i, tamb\u00e9, si cal, per a preparar l&#8217;homilia.<\/p>\n","protected":false},"excerpt":{"rendered":"<p>SEBASTI\u00c1N AGUILAR, CARD. FERNANDO <\/p>\n","protected":false},"featured_media":365231,"template":"","meta":{"_acf_changed":false,"om_disable_all_campaigns":false,"rs_blank_template":"","rs_page_bg_color":"","slide_template_v7":"","inline_featured_image":false,"_monsterinsights_skip_tracking":false,"_monsterinsights_sitenote_active":false,"_monsterinsights_sitenote_note":"","_monsterinsights_sitenote_category":0},"product_brand":[],"product_cat":[90,540],"product_tag":[],"class_list":{"0":"post-365230","1":"product","2":"type-product","3":"status-publish","4":"has-post-thumbnail","6":"product_cat-altres","7":"product_cat-otros","9":"first","10":"instock","11":"taxable","12":"shipping-taxable","13":"purchasable","14":"product-type-simple"},"acf":{"editorial":[{"ID":6172,"post_author":"3","post_date":"2022-07-28 17:46:27","post_date_gmt":"2022-07-28 15:46:27","post_content":"","post_title":"CPL","post_excerpt":"","post_status":"publish","comment_status":"closed","ping_status":"closed","post_password":"","post_name":"cpl","to_ping":"","pinged":"","post_modified":"2022-07-28 17:46:27","post_modified_gmt":"2022-07-28 15:46:27","post_content_filtered":"","post_parent":0,"guid":"http:\/\/dev.claret.cat\/editorial\/cpl\/","menu_order":0,"post_type":"editorial","post_mime_type":"","comment_count":"0","filter":"raw"}],"autores-libros":[{"ID":152072,"post_author":"3","post_date":"2022-10-14 14:45:53","post_date_gmt":"2022-10-14 12:45:53","post_content":"","post_title":"CARD. FERNANDO  SEBASTI\u00c1N AGUILAR","post_excerpt":"","post_status":"publish","comment_status":"closed","ping_status":"closed","post_password":"","post_name":"card-fernando-sebastian-aguilar","to_ping":"","pinged":"","post_modified":"2022-10-14 14:45:53","post_modified_gmt":"2022-10-14 12:45:53","post_content_filtered":"","post_parent":0,"guid":"http:\/\/dev.claret.cat\/autor\/card-fernando-sebastian-aguilar\/","menu_order":0,"post_type":"autor","post_mime_type":"","comment_count":"0","filter":"raw"}],"autor":"SEBASTI\u00c1N AGUILAR, CARD. FERNANDO ","codart":"849805354","libros-coleccion":"","ediciones":"1","encuadernacion":"R\u00fastica","fecha_de_publicacion":"09\/06\/2009","novedad":"0","paginas":"430","subtitulo":"","orden":"999","portada":"0","idioma":"cat"},"aioseo_notices":[],"_links":{"self":[{"href":"https:\/\/www.claret.cat\/es\/wp-json\/wp\/v2\/product\/365230","targetHints":{"allow":["GET"]}}],"collection":[{"href":"https:\/\/www.claret.cat\/es\/wp-json\/wp\/v2\/product"}],"about":[{"href":"https:\/\/www.claret.cat\/es\/wp-json\/wp\/v2\/types\/product"}],"wp:featuredmedia":[{"embeddable":true,"href":"https:\/\/www.claret.cat\/es\/wp-json\/wp\/v2\/media\/365231"}],"wp:attachment":[{"href":"https:\/\/www.claret.cat\/es\/wp-json\/wp\/v2\/media?parent=365230"}],"wp:term":[{"taxonomy":"product_brand","embeddable":true,"href":"https:\/\/www.claret.cat\/es\/wp-json\/wp\/v2\/product_brand?post=365230"},{"taxonomy":"product_cat","embeddable":true,"href":"https:\/\/www.claret.cat\/es\/wp-json\/wp\/v2\/product_cat?post=365230"},{"taxonomy":"product_tag","embeddable":true,"href":"https:\/\/www.claret.cat\/es\/wp-json\/wp\/v2\/product_tag?post=365230"}],"curies":[{"name":"wp","href":"https:\/\/api.w.org\/{rel}","templated":true}]}}