{"id":365296,"date":"2023-01-15T16:15:17","date_gmt":"2023-01-15T15:15:17","guid":{"rendered":"https:\/\/www.claret.cat\/llibre\/la-santa-uncion-de-los-enfermos-9788498054026\/"},"modified":"2024-05-22T21:34:15","modified_gmt":"2024-05-22T19:34:15","slug":"la-santa-uncion-de-los-enfermos-9788498054026","status":"publish","type":"product","link":"https:\/\/www.claret.cat\/es\/libro\/la-santa-uncion-de-los-enfermos-9788498054026\/","title":{"rendered":"LA SANTA UNCI\u00d3N DE LOS ENFERMOS"},"content":{"rendered":"<p>Un breve tratado del sacramento de la Unci\u00f3n de los enfermos, contemplado desde sus diversos \u00e1ngulos, que nos ofecen una visi\u00f3n muy completa y que nos pueden guiar en la reflexi\u00f3n pastoral para su adecuada celebraci\u00f3n.<\/p>\n","protected":false},"excerpt":{"rendered":"<p>FERN\u00c1NDEZ RODR\u00cdGUEZ, JOS\u00c9<\/p>\n","protected":false},"featured_media":365297,"template":"","meta":{"_acf_changed":false,"om_disable_all_campaigns":false,"rs_blank_template":"","rs_page_bg_color":"","slide_template_v7":"","inline_featured_image":false,"_monsterinsights_skip_tracking":false,"_monsterinsights_sitenote_active":false,"_monsterinsights_sitenote_note":"","_monsterinsights_sitenote_category":0},"product_brand":[],"product_cat":[90,540],"product_tag":[],"class_list":{"0":"post-365296","1":"product","2":"type-product","3":"status-publish","4":"has-post-thumbnail","6":"product_cat-altres","7":"product_cat-otros","9":"first","10":"instock","11":"taxable","12":"shipping-taxable","13":"purchasable","14":"product-type-simple"},"acf":{"editorial":[{"ID":6172,"post_author":"3","post_date":"2022-07-28 17:46:27","post_date_gmt":"2022-07-28 15:46:27","post_content":"","post_title":"CPL","post_excerpt":"","post_status":"publish","comment_status":"closed","ping_status":"closed","post_password":"","post_name":"cpl","to_ping":"","pinged":"","post_modified":"2022-07-28 17:46:27","post_modified_gmt":"2022-07-28 15:46:27","post_content_filtered":"","post_parent":0,"guid":"http:\/\/dev.claret.cat\/editorial\/cpl\/","menu_order":0,"post_type":"editorial","post_mime_type":"","comment_count":"0","filter":"raw"}],"autores-libros":[{"ID":160402,"post_author":"3","post_date":"2022-10-14 15:52:47","post_date_gmt":"2022-10-14 13:52:47","post_content":"","post_title":"JOS\u00c9 MANUEL FERN\u00c1NDEZ RODR\u00cdGUEZ","post_excerpt":"","post_status":"publish","comment_status":"closed","ping_status":"closed","post_password":"","post_name":"jose-manuel-fernandez-rodriguez","to_ping":"","pinged":"","post_modified":"2022-10-14 15:52:47","post_modified_gmt":"2022-10-14 13:52:47","post_content_filtered":"","post_parent":0,"guid":"http:\/\/dev.claret.cat\/autor\/jose-manuel-fernandez-rodriguez\/","menu_order":0,"post_type":"autor","post_mime_type":"","comment_count":"0","filter":"raw"}],"autor":"FERN\u00c1NDEZ RODR\u00cdGUEZ, JOS\u00c9","codart":"849805402","libros-coleccion":"","ediciones":"1","encuadernacion":"R\u00fastica","fecha_de_publicacion":"25\/03\/2010","novedad":"0","paginas":"96","subtitulo":"HISTORIA, TEOLOG\u00cdA, PASTORAL - CUADERNOS PAHASE 193","orden":"999","portada":"0","idioma":"spa"},"aioseo_notices":[],"_links":{"self":[{"href":"https:\/\/www.claret.cat\/es\/wp-json\/wp\/v2\/product\/365296","targetHints":{"allow":["GET"]}}],"collection":[{"href":"https:\/\/www.claret.cat\/es\/wp-json\/wp\/v2\/product"}],"about":[{"href":"https:\/\/www.claret.cat\/es\/wp-json\/wp\/v2\/types\/product"}],"wp:featuredmedia":[{"embeddable":true,"href":"https:\/\/www.claret.cat\/es\/wp-json\/wp\/v2\/media\/365297"}],"wp:attachment":[{"href":"https:\/\/www.claret.cat\/es\/wp-json\/wp\/v2\/media?parent=365296"}],"wp:term":[{"taxonomy":"product_brand","embeddable":true,"href":"https:\/\/www.claret.cat\/es\/wp-json\/wp\/v2\/product_brand?post=365296"},{"taxonomy":"product_cat","embeddable":true,"href":"https:\/\/www.claret.cat\/es\/wp-json\/wp\/v2\/product_cat?post=365296"},{"taxonomy":"product_tag","embeddable":true,"href":"https:\/\/www.claret.cat\/es\/wp-json\/wp\/v2\/product_tag?post=365296"}],"curies":[{"name":"wp","href":"https:\/\/api.w.org\/{rel}","templated":true}]}}