{"id":36537,"date":"2022-10-02T18:21:07","date_gmt":"2022-10-02T16:21:07","guid":{"rendered":"http:\/\/dev.claret.cat\/producte\/los-cazafantasmas\/"},"modified":"2023-10-06T09:15:37","modified_gmt":"2023-10-06T07:15:37","slug":"los-cazafantasmas-9788491455783","status":"publish","type":"product","link":"https:\/\/www.claret.cat\/es\/libro\/los-cazafantasmas-9788491455783\/","title":{"rendered":"LOS CAZAFANTASMAS"},"content":{"rendered":"<p>Un \u00e1lbum ilustrado sobrenatural<\/p>\n<p> Algo extra\u00f1o sucede en la Escuela Weaver Hall, y los peque\u00f1os cient\u00edficos Peter Venkman, Ray Stantz, Egon Spengler y Winston Zeddemore empiezan a investigarlo. Al descubrir y atrapar a su primera entidad paranormal, los Cazafantasmas demuestran su val\u00eda, y con la ayuda de su nuevo miembro, Janine, los ni\u00f1os dar\u00e1n a conocer su trabajo como cazadores de fantasmas.<\/p>\n<p>  Sin embargo, no todo el mundo cree que su club sea necesario, y el director Yeager expulsar\u00e1 a los cinco estudiantes. Los Cazafantasmas est\u00e1n desolados, pero cuando un Hombre de Malvavisco gigante amenace con destruir la escuela, \u00bfa qui\u00e9n cre\u00e9is que llamar\u00e1n? \u00bfPodr\u00e1n Peter, Ray, Egon, Winston y Janine atrapar al monstruo y salvar el colegio?<\/p>\n","protected":false},"excerpt":{"rendered":"<p>BERROW, G.M \/ KEHOE, J.M.<\/p>\n","protected":false},"featured_media":454037,"template":"","meta":{"_acf_changed":false,"om_disable_all_campaigns":false,"rs_blank_template":"","rs_page_bg_color":"","slide_template_v7":"","inline_featured_image":false,"_monsterinsights_skip_tracking":false,"_monsterinsights_sitenote_active":false,"_monsterinsights_sitenote_note":"","_monsterinsights_sitenote_category":0},"product_brand":[],"product_cat":[363],"product_tag":[],"class_list":{"0":"post-36537","1":"product","2":"type-product","3":"status-publish","4":"has-post-thumbnail","6":"product_cat-lecturas-por-adolescentes-12-18-anos","8":"first","9":"instock","10":"taxable","11":"shipping-taxable","12":"purchasable","13":"product-type-simple"},"acf":{"autor":"BERROW, G.M \/ KEHOE, J.M.","codart":"849145578","libros-coleccion":"PICARONA","ediciones":"1","encuadernacion":"Carton\u00e9","fecha_de_publicacion":"01\/05\/2022","novedad":"1","paginas":"45","subtitulo":"","orden":"0","portada":"0","idioma":"spa","editorial":[{"ID":6329,"post_author":"3","post_date":"2022-07-28 17:49:51","post_date_gmt":"2022-07-28 15:49:51","post_content":"","post_title":"PICARONA","post_excerpt":"","post_status":"publish","comment_status":"closed","ping_status":"closed","post_password":"","post_name":"picarona","to_ping":"","pinged":"","post_modified":"2022-07-28 17:49:51","post_modified_gmt":"2022-07-28 15:49:51","post_content_filtered":"","post_parent":0,"guid":"http:\/\/dev.claret.cat\/editorial\/picarona\/","menu_order":0,"post_type":"editorial","post_mime_type":"","comment_count":"0","filter":"raw"}],"autores-libros":[{"ID":156494,"post_author":"3","post_date":"2022-10-14 15:21:16","post_date_gmt":"2022-10-14 13:21:16","post_content":"","post_title":"G.M BERROW","post_excerpt":"","post_status":"publish","comment_status":"closed","ping_status":"closed","post_password":"","post_name":"g-m-berrow","to_ping":"","pinged":"","post_modified":"2022-10-14 15:21:16","post_modified_gmt":"2022-10-14 13:21:16","post_content_filtered":"","post_parent":0,"guid":"http:\/\/dev.claret.cat\/autor\/g-m-berrow\/","menu_order":0,"post_type":"autor","post_mime_type":"","comment_count":"0","filter":"raw"},{"ID":158255,"post_author":"3","post_date":"2022-10-14 15:35:23","post_date_gmt":"2022-10-14 13:35:23","post_content":"","post_title":"J.M. KEHOE","post_excerpt":"","post_status":"publish","comment_status":"closed","ping_status":"closed","post_password":"","post_name":"j-m-kehoe","to_ping":"","pinged":"","post_modified":"2022-10-14 15:35:23","post_modified_gmt":"2022-10-14 13:35:23","post_content_filtered":"","post_parent":0,"guid":"http:\/\/dev.claret.cat\/autor\/j-m-kehoe\/","menu_order":0,"post_type":"autor","post_mime_type":"","comment_count":"0","filter":"raw"}]},"aioseo_notices":[],"_links":{"self":[{"href":"https:\/\/www.claret.cat\/es\/wp-json\/wp\/v2\/product\/36537","targetHints":{"allow":["GET"]}}],"collection":[{"href":"https:\/\/www.claret.cat\/es\/wp-json\/wp\/v2\/product"}],"about":[{"href":"https:\/\/www.claret.cat\/es\/wp-json\/wp\/v2\/types\/product"}],"wp:featuredmedia":[{"embeddable":true,"href":"https:\/\/www.claret.cat\/es\/wp-json\/wp\/v2\/media\/454037"}],"wp:attachment":[{"href":"https:\/\/www.claret.cat\/es\/wp-json\/wp\/v2\/media?parent=36537"}],"wp:term":[{"taxonomy":"product_brand","embeddable":true,"href":"https:\/\/www.claret.cat\/es\/wp-json\/wp\/v2\/product_brand?post=36537"},{"taxonomy":"product_cat","embeddable":true,"href":"https:\/\/www.claret.cat\/es\/wp-json\/wp\/v2\/product_cat?post=36537"},{"taxonomy":"product_tag","embeddable":true,"href":"https:\/\/www.claret.cat\/es\/wp-json\/wp\/v2\/product_tag?post=36537"}],"curies":[{"name":"wp","href":"https:\/\/api.w.org\/{rel}","templated":true}]}}