{"id":365385,"date":"2023-01-15T16:23:02","date_gmt":"2023-01-15T15:23:02","guid":{"rendered":"https:\/\/www.claret.cat\/llibre\/la-biblia-escola-de-pregaria-emaus-83-9788498053494\/"},"modified":"2024-05-22T21:41:36","modified_gmt":"2024-05-22T19:41:36","slug":"la-biblia-escola-de-pregaria-emaus-83-9788498053494","status":"publish","type":"product","link":"https:\/\/www.claret.cat\/es\/libro\/la-biblia-escola-de-pregaria-emaus-83-9788498053494\/","title":{"rendered":"LA B\u00cdBLIA, ESCOLA DE PREG\u00c0RIA (Ema\u00fas 83)"},"content":{"rendered":"","protected":false},"excerpt":{"rendered":"<p>LATORRE, JORDI<\/p>\n","protected":false},"featured_media":0,"template":"","meta":{"_acf_changed":false,"om_disable_all_campaigns":false,"rs_blank_template":"","rs_page_bg_color":"","slide_template_v7":"","inline_featured_image":false,"_monsterinsights_skip_tracking":false,"_monsterinsights_sitenote_active":false,"_monsterinsights_sitenote_note":"","_monsterinsights_sitenote_category":0},"product_brand":[],"product_cat":[75,341,77,343],"product_tag":[],"class_list":{"0":"post-365385","1":"product","2":"type-product","3":"status-publish","5":"product_cat-biblia","6":"product_cat-biblia-es","7":"product_cat-catequesi","8":"product_cat-catequesis","10":"first","11":"instock","12":"taxable","13":"shipping-taxable","14":"purchasable","15":"product-type-simple"},"acf":{"editorial":[{"ID":6172,"post_author":"3","post_date":"2022-07-28 17:46:27","post_date_gmt":"2022-07-28 15:46:27","post_content":"","post_title":"CPL","post_excerpt":"","post_status":"publish","comment_status":"closed","ping_status":"closed","post_password":"","post_name":"cpl","to_ping":"","pinged":"","post_modified":"2022-07-28 17:46:27","post_modified_gmt":"2022-07-28 15:46:27","post_content_filtered":"","post_parent":0,"guid":"http:\/\/dev.claret.cat\/editorial\/cpl\/","menu_order":0,"post_type":"editorial","post_mime_type":"","comment_count":"0","filter":"raw"}],"autores-libros":[{"ID":352026,"post_author":"3","post_date":"2023-01-14 12:29:47","post_date_gmt":"2023-01-14 11:29:47","post_content":"","post_title":"JORDI LATORRE","post_excerpt":"","post_status":"publish","comment_status":"closed","ping_status":"closed","post_password":"","post_name":"jordi-latorre","to_ping":"","pinged":"","post_modified":"2023-01-14 12:29:47","post_modified_gmt":"2023-01-14 11:29:47","post_content_filtered":"","post_parent":0,"guid":"https:\/\/www.claret.cat\/autor\/jordi-latorre\/","menu_order":0,"post_type":"autor","post_mime_type":"","comment_count":"0","filter":"raw"}],"autor":"LATORRE, JORDI","codart":"849805349","libros-coleccion":"Ema\u00fas","ediciones":"1","encuadernacion":"R\u00fastica","fecha_de_publicacion":"09\/06\/2009","novedad":"0","paginas":"66","subtitulo":"","orden":"999","portada":"0","idioma":"cat"},"aioseo_notices":[],"_links":{"self":[{"href":"https:\/\/www.claret.cat\/es\/wp-json\/wp\/v2\/product\/365385","targetHints":{"allow":["GET"]}}],"collection":[{"href":"https:\/\/www.claret.cat\/es\/wp-json\/wp\/v2\/product"}],"about":[{"href":"https:\/\/www.claret.cat\/es\/wp-json\/wp\/v2\/types\/product"}],"wp:attachment":[{"href":"https:\/\/www.claret.cat\/es\/wp-json\/wp\/v2\/media?parent=365385"}],"wp:term":[{"taxonomy":"product_brand","embeddable":true,"href":"https:\/\/www.claret.cat\/es\/wp-json\/wp\/v2\/product_brand?post=365385"},{"taxonomy":"product_cat","embeddable":true,"href":"https:\/\/www.claret.cat\/es\/wp-json\/wp\/v2\/product_cat?post=365385"},{"taxonomy":"product_tag","embeddable":true,"href":"https:\/\/www.claret.cat\/es\/wp-json\/wp\/v2\/product_tag?post=365385"}],"curies":[{"name":"wp","href":"https:\/\/api.w.org\/{rel}","templated":true}]}}