{"id":365539,"date":"2023-01-15T16:33:52","date_gmt":"2023-01-15T15:33:52","guid":{"rendered":"https:\/\/www.claret.cat\/llibre\/auschwitz-pensar-la-noche-para-reencontrar-la-esperanza-9788498055054\/"},"modified":"2024-05-22T21:17:53","modified_gmt":"2024-05-22T19:17:53","slug":"auschwitz-pensar-la-noche-para-reencontrar-la-esperanza-9788498055054","status":"publish","type":"product","link":"https:\/\/www.claret.cat\/es\/libro\/auschwitz-pensar-la-noche-para-reencontrar-la-esperanza-9788498055054\/","title":{"rendered":"AUSCHWITZ: PENSAR LA NOCHE PARA REENCONTRAR LA ESPERANZA"},"content":{"rendered":"<p>Hay un hecho en nuestra historia reciente que pone en crisis de forma radical la esperanza: Auschwitz. Con esta constataci\u00f3n empieza este libro. Auschwitz es un hecho paradigm\u00e1tico, profundamente significativo: una par\u00e1bola que nos obliga a reflexionar. La desesperanza de Auschwitz es analizada en estas p\u00e1ginas desde sus muy variados \u00e1ngulos, desde las experiencias vitales tanto de verdugos como de v\u00edctimas. Y a partir de ah\u00ed, el autor nos invita a descubrir cu\u00e1l es y d\u00f3nde est\u00e1 el aut\u00e9ntico rostro de Dios, el aut\u00e9ntico rostro de la esperanza. Con un primer momento, la revelaci\u00f3n de Dios en Job, y un segundo y definitivo, la revelaci\u00f3n en Jes\u00fas. Teodor Suau Puig (Palma de Mallorca, 1947) es sacerdote, biblista, director del Centro de Estudios Teol\u00f3gicos de Mallorca y can\u00f3nigo de la catedral. Y es autor de numerosas publicaciones b\u00edblicas y teol\u00f3gicas, marcadas siempre por la voluntad de reflexionar sobre nuestra realidad desde una mirada creyente.<\/p>\n","protected":false},"excerpt":{"rendered":"<p>SUAU, TEODOR<\/p>\n","protected":false},"featured_media":365540,"template":"","meta":{"_acf_changed":false,"om_disable_all_campaigns":false,"rs_blank_template":"","rs_page_bg_color":"","slide_template_v7":"","inline_featured_image":false,"_monsterinsights_skip_tracking":false,"_monsterinsights_sitenote_active":false,"_monsterinsights_sitenote_note":"","_monsterinsights_sitenote_category":0},"product_brand":[],"product_cat":[90,540],"product_tag":[],"class_list":{"0":"post-365539","1":"product","2":"type-product","3":"status-publish","4":"has-post-thumbnail","6":"product_cat-altres","7":"product_cat-otros","9":"first","10":"instock","11":"taxable","12":"shipping-taxable","13":"purchasable","14":"product-type-simple"},"acf":{"editorial":[{"ID":6172,"post_author":"3","post_date":"2022-07-28 17:46:27","post_date_gmt":"2022-07-28 15:46:27","post_content":"","post_title":"CPL","post_excerpt":"","post_status":"publish","comment_status":"closed","ping_status":"closed","post_password":"","post_name":"cpl","to_ping":"","pinged":"","post_modified":"2022-07-28 17:46:27","post_modified_gmt":"2022-07-28 15:46:27","post_content_filtered":"","post_parent":0,"guid":"http:\/\/dev.claret.cat\/editorial\/cpl\/","menu_order":0,"post_type":"editorial","post_mime_type":"","comment_count":"0","filter":"raw"}],"autores-libros":[{"ID":170181,"post_author":"3","post_date":"2022-10-14 22:33:14","post_date_gmt":"2022-10-14 20:33:14","post_content":"","post_title":"TEODOR SUAU","post_excerpt":"","post_status":"publish","comment_status":"closed","ping_status":"closed","post_password":"","post_name":"teodor-suau","to_ping":"","pinged":"","post_modified":"2022-10-14 22:33:14","post_modified_gmt":"2022-10-14 20:33:14","post_content_filtered":"","post_parent":0,"guid":"http:\/\/dev.claret.cat\/autor\/teodor-suau\/","menu_order":0,"post_type":"autor","post_mime_type":"","comment_count":"0","filter":"raw"}],"autor":"SUAU, TEODOR","codart":"849805505","libros-coleccion":"","ediciones":"1","encuadernacion":"R\u00fastica","fecha_de_publicacion":"03\/11\/2011","novedad":"0","paginas":"101","subtitulo":"","orden":"999","portada":"0","idioma":"spa"},"aioseo_notices":[],"_links":{"self":[{"href":"https:\/\/www.claret.cat\/es\/wp-json\/wp\/v2\/product\/365539","targetHints":{"allow":["GET"]}}],"collection":[{"href":"https:\/\/www.claret.cat\/es\/wp-json\/wp\/v2\/product"}],"about":[{"href":"https:\/\/www.claret.cat\/es\/wp-json\/wp\/v2\/types\/product"}],"wp:featuredmedia":[{"embeddable":true,"href":"https:\/\/www.claret.cat\/es\/wp-json\/wp\/v2\/media\/365540"}],"wp:attachment":[{"href":"https:\/\/www.claret.cat\/es\/wp-json\/wp\/v2\/media?parent=365539"}],"wp:term":[{"taxonomy":"product_brand","embeddable":true,"href":"https:\/\/www.claret.cat\/es\/wp-json\/wp\/v2\/product_brand?post=365539"},{"taxonomy":"product_cat","embeddable":true,"href":"https:\/\/www.claret.cat\/es\/wp-json\/wp\/v2\/product_cat?post=365539"},{"taxonomy":"product_tag","embeddable":true,"href":"https:\/\/www.claret.cat\/es\/wp-json\/wp\/v2\/product_tag?post=365539"}],"curies":[{"name":"wp","href":"https:\/\/api.w.org\/{rel}","templated":true}]}}