{"id":365569,"date":"2023-01-15T16:37:55","date_gmt":"2023-01-15T15:37:55","guid":{"rendered":"https:\/\/www.claret.cat\/llibre\/auschwitz-pensar-la-nit-per-retrobar-lesperanca-9788498055047\/"},"modified":"2024-05-22T21:20:58","modified_gmt":"2024-05-22T19:20:58","slug":"auschwitz-pensar-la-nit-per-retrobar-lesperanca-9788498055047","status":"publish","type":"product","link":"https:\/\/www.claret.cat\/es\/libro\/auschwitz-pensar-la-nit-per-retrobar-lesperanca-9788498055047\/","title":{"rendered":"AUSCHWITZ: PENSAR LA NIT PER RETROBAR L&#8217;ESPERAN\u00c7A"},"content":{"rendered":"<p>Hi ha un fet en la nostra hist\u00f2ria recent que posa en crisi de forma radical l\u2019esperan\u00e7a: Auschwitz. Amb aquesta constataci\u00f3 comen\u00e7a aquest llibre. Auschwitz \u00e9s un fet paradigm\u00e0tic, profundament significatiu: una par\u00e0bola que ens obliga a reflexionar. La desesperan\u00e7a d\u2019Auschwitz \u00e9s analitzada en aquestes planes des dels seus molt diversos angles, des de les experi\u00e8ncies vitals tant dels botxins com de les v\u00edctimes. I a partir d\u2019aqu\u00ed, l\u2019autor ens convida a descobrir quin \u00e9s i on \u00e9s l\u2019aut\u00e8ntic rostre de D\u00e9u, l\u2019aut\u00e8ntic rostre de l\u2019esperan\u00e7a. Amb un primer moment, la revelaci\u00f3 de D\u00e9u en Job, i un segon i definitiu, la revelaci\u00f3 en Jes\u00fas. Teodor Suau Puig (Palma de Mallorca, 1947) \u00e9s capell\u00e0, biblista, director del Centre d\u2019Estudis Teol\u00f2gics de Mallorca i canonge de la catedral. I \u00e9s autor de nombroses publicacions b\u00edbliques i teol\u00f2giques, marcades sempre per la voluntat de reflexionar sobre la nostra realitat des d\u2019una mirada creient. **** A partir de l&#8217;experi\u00e8ncia d&#8217;Auschwitz, de les v\u00edctimes i dels botxins, l&#8217;autor ens convida a descobrir quin \u00e9s l&#8217;aut\u00e8ntic rostre de D\u00e9u. Primer, en la revelaci\u00f3 a Job; despr\u00e9s, en la revelaci\u00f3 definitiva en Jes\u00fas.<\/p>\n","protected":false},"excerpt":{"rendered":"<p>SUAU, TEODOR<\/p>\n","protected":false},"featured_media":0,"template":"","meta":{"_acf_changed":false,"om_disable_all_campaigns":false,"rs_blank_template":"","rs_page_bg_color":"","slide_template_v7":"","inline_featured_image":false,"_monsterinsights_skip_tracking":false,"_monsterinsights_sitenote_active":false,"_monsterinsights_sitenote_note":"","_monsterinsights_sitenote_category":0},"product_brand":[],"product_cat":[90,540],"product_tag":[],"class_list":{"0":"post-365569","1":"product","2":"type-product","3":"status-publish","5":"product_cat-altres","6":"product_cat-otros","8":"first","9":"outofstock","10":"taxable","11":"shipping-taxable","12":"purchasable","13":"product-type-simple"},"acf":{"editorial":[{"ID":6172,"post_author":"3","post_date":"2022-07-28 17:46:27","post_date_gmt":"2022-07-28 15:46:27","post_content":"","post_title":"CPL","post_excerpt":"","post_status":"publish","comment_status":"closed","ping_status":"closed","post_password":"","post_name":"cpl","to_ping":"","pinged":"","post_modified":"2022-07-28 17:46:27","post_modified_gmt":"2022-07-28 15:46:27","post_content_filtered":"","post_parent":0,"guid":"http:\/\/dev.claret.cat\/editorial\/cpl\/","menu_order":0,"post_type":"editorial","post_mime_type":"","comment_count":"0","filter":"raw"}],"autores-libros":[{"ID":170181,"post_author":"3","post_date":"2022-10-14 22:33:14","post_date_gmt":"2022-10-14 20:33:14","post_content":"","post_title":"TEODOR SUAU","post_excerpt":"","post_status":"publish","comment_status":"closed","ping_status":"closed","post_password":"","post_name":"teodor-suau","to_ping":"","pinged":"","post_modified":"2022-10-14 22:33:14","post_modified_gmt":"2022-10-14 20:33:14","post_content_filtered":"","post_parent":0,"guid":"http:\/\/dev.claret.cat\/autor\/teodor-suau\/","menu_order":0,"post_type":"autor","post_mime_type":"","comment_count":"0","filter":"raw"}],"autor":"SUAU, TEODOR","codart":"849805504","libros-coleccion":"","ediciones":"1","encuadernacion":"R\u00fastica","fecha_de_publicacion":"03\/11\/2011","novedad":"0","paginas":"99","subtitulo":"","orden":"999","portada":"0","idioma":"cat"},"aioseo_notices":[],"_links":{"self":[{"href":"https:\/\/www.claret.cat\/es\/wp-json\/wp\/v2\/product\/365569","targetHints":{"allow":["GET"]}}],"collection":[{"href":"https:\/\/www.claret.cat\/es\/wp-json\/wp\/v2\/product"}],"about":[{"href":"https:\/\/www.claret.cat\/es\/wp-json\/wp\/v2\/types\/product"}],"wp:attachment":[{"href":"https:\/\/www.claret.cat\/es\/wp-json\/wp\/v2\/media?parent=365569"}],"wp:term":[{"taxonomy":"product_brand","embeddable":true,"href":"https:\/\/www.claret.cat\/es\/wp-json\/wp\/v2\/product_brand?post=365569"},{"taxonomy":"product_cat","embeddable":true,"href":"https:\/\/www.claret.cat\/es\/wp-json\/wp\/v2\/product_cat?post=365569"},{"taxonomy":"product_tag","embeddable":true,"href":"https:\/\/www.claret.cat\/es\/wp-json\/wp\/v2\/product_tag?post=365569"}],"curies":[{"name":"wp","href":"https:\/\/api.w.org\/{rel}","templated":true}]}}