{"id":365615,"date":"2023-01-15T16:40:55","date_gmt":"2023-01-15T15:40:55","guid":{"rendered":"https:\/\/www.claret.cat\/llibre\/los-profetas-mensajeros-de-dios-9788498055313\/"},"modified":"2024-05-22T21:16:04","modified_gmt":"2024-05-22T19:16:04","slug":"los-profetas-mensajeros-de-dios-9788498055313","status":"publish","type":"product","link":"https:\/\/www.claret.cat\/es\/libro\/los-profetas-mensajeros-de-dios-9788498055313\/","title":{"rendered":"LOS PROFETAS, MENSAJEROS DE DIOS"},"content":{"rendered":"<p>\u00bfQui\u00e9nes eran los profetas? La autora de este libro los define como mensajeros de Dios. Pero&#8230; \u00bfqu\u00e9 hac\u00edan? \u00bfqu\u00e9 tipo de vida llevaban? \u00bfen qu\u00e9 circunstancias hist\u00f3ricas vivieron? \u00bfqu\u00e9 mensajes transmit\u00edan? \u00bfc\u00f3mo influyeron en la historia del Antiguo Testamento? Y&#8230; \u00bfqu\u00e9 mensaje nos transmiten a nosotros? A lo largo de estas p\u00e1ginas, de una forma muy sencilla, este libro nos va respondiendo a estas preguntas. En primer lugar, explic\u00e1ndonos el significado de la misi\u00f3n prof\u00e9tica, y despu\u00e9s acerc\u00e1ndonos a cada uno de los profetas. Para descubrir, aunque sea tan s\u00f3lo como una peque\u00f1a cata, todo lo que, a trav\u00e9s de ellos, Dios quiso manifestar a su pueblo de Israel y sigue manifest\u00e1ndonos a nosotros.<\/p>\n","protected":false},"excerpt":{"rendered":"<p>CALDUCH-BENAGES, NURIA<\/p>\n","protected":false},"featured_media":365616,"template":"","meta":{"_acf_changed":false,"om_disable_all_campaigns":false,"rs_blank_template":"","rs_page_bg_color":"","slide_template_v7":"","inline_featured_image":false,"_monsterinsights_skip_tracking":false,"_monsterinsights_sitenote_active":false,"_monsterinsights_sitenote_note":"","_monsterinsights_sitenote_category":0},"product_brand":[],"product_cat":[90,540],"product_tag":[],"class_list":{"0":"post-365615","1":"product","2":"type-product","3":"status-publish","4":"has-post-thumbnail","6":"product_cat-altres","7":"product_cat-otros","9":"first","10":"instock","11":"taxable","12":"shipping-taxable","13":"purchasable","14":"product-type-simple"},"acf":{"editorial":[{"ID":6172,"post_author":"3","post_date":"2022-07-28 17:46:27","post_date_gmt":"2022-07-28 15:46:27","post_content":"","post_title":"CPL","post_excerpt":"","post_status":"publish","comment_status":"closed","ping_status":"closed","post_password":"","post_name":"cpl","to_ping":"","pinged":"","post_modified":"2022-07-28 17:46:27","post_modified_gmt":"2022-07-28 15:46:27","post_content_filtered":"","post_parent":0,"guid":"http:\/\/dev.claret.cat\/editorial\/cpl\/","menu_order":0,"post_type":"editorial","post_mime_type":"","comment_count":"0","filter":"raw"}],"autores-libros":[{"ID":5895,"post_author":"3","post_date":"2022-07-28 17:33:48","post_date_gmt":"2022-07-28 15:33:48","post_content":"","post_title":"N\u00daRIA CALDUCH-BENAGES","post_excerpt":"","post_status":"publish","comment_status":"closed","ping_status":"closed","post_password":"","post_name":"nuria-calduch-benages","to_ping":"","pinged":"","post_modified":"2022-07-28 17:33:48","post_modified_gmt":"2022-07-28 15:33:48","post_content_filtered":"","post_parent":0,"guid":"http:\/\/dev.claret.cat\/autor\/nuria-calduch-benages\/","menu_order":0,"post_type":"autor","post_mime_type":"","comment_count":"0","filter":"raw"}],"autor":"CALDUCH-BENAGES, NURIA","codart":"849805531","libros-coleccion":"","ediciones":"1","encuadernacion":"R\u00fastica","fecha_de_publicacion":"15\/02\/2012","novedad":"0","paginas":"133","subtitulo":"","orden":"999","portada":"0","idioma":"spa"},"aioseo_notices":[],"_links":{"self":[{"href":"https:\/\/www.claret.cat\/es\/wp-json\/wp\/v2\/product\/365615","targetHints":{"allow":["GET"]}}],"collection":[{"href":"https:\/\/www.claret.cat\/es\/wp-json\/wp\/v2\/product"}],"about":[{"href":"https:\/\/www.claret.cat\/es\/wp-json\/wp\/v2\/types\/product"}],"wp:featuredmedia":[{"embeddable":true,"href":"https:\/\/www.claret.cat\/es\/wp-json\/wp\/v2\/media\/365616"}],"wp:attachment":[{"href":"https:\/\/www.claret.cat\/es\/wp-json\/wp\/v2\/media?parent=365615"}],"wp:term":[{"taxonomy":"product_brand","embeddable":true,"href":"https:\/\/www.claret.cat\/es\/wp-json\/wp\/v2\/product_brand?post=365615"},{"taxonomy":"product_cat","embeddable":true,"href":"https:\/\/www.claret.cat\/es\/wp-json\/wp\/v2\/product_cat?post=365615"},{"taxonomy":"product_tag","embeddable":true,"href":"https:\/\/www.claret.cat\/es\/wp-json\/wp\/v2\/product_tag?post=365615"}],"curies":[{"name":"wp","href":"https:\/\/api.w.org\/{rel}","templated":true}]}}