{"id":36588,"date":"2022-10-02T18:21:57","date_gmt":"2022-10-02T16:21:57","guid":{"rendered":"http:\/\/dev.claret.cat\/producte\/el-sistema-inmunitario-por-fin-sale-del-armario\/"},"modified":"2024-01-22T10:40:33","modified_gmt":"2024-01-22T09:40:33","slug":"el-sistema-inmunitario-por-fin-sale-del-armario-9788413441580","status":"publish","type":"product","link":"https:\/\/www.claret.cat\/es\/libro\/el-sistema-inmunitario-por-fin-sale-del-armario-9788413441580\/","title":{"rendered":"EL SISTEMA INMUNITARIO POR FIN SALE DEL ARMARIO"},"content":{"rendered":"<p>A estas alturas, y en parte debido a la pandemia, probablemente habr\u00e1s o\u00eddo hablar del sistema inmunitario. Sabr\u00e1s que te protege de infecciones y que se le suele llamar las\u00a0\u201cdefensas\u201d, pero quiz\u00e1 no mucho m\u00e1s. Pues bien, ha llegado la hora de que alucines con todo lo que hace en tu cuerpo este maravilloso sistema y el impacto que tiene en tu salud.<br \/> Los fen\u00f3menos biol\u00f3gicos que se exponen son complejos, pero la doctora Sari Arponen te los cuenta de forma amena, simplific\u00e1ndolos para que t\u00fa y cualquier persona no versada en medicina los entienda. En estas p\u00e1ginas no s\u00f3lo encontrar\u00e1s todos los secretos del sistema inmune, sino mucha otra valios\u00edsima informaci\u00f3n sobre el funcionamiento de tu cuerpo y su relaci\u00f3n con el entorno.<br \/> Con su estilo desenfadado, un delicioso toque de iron\u00eda y sin pelos en la lengua, la autora aborda todos los conceptos m\u00e9dicos y antropol\u00f3gicos que rodean al sistema inmunitario exponi\u00e9ndolos con claridad y mucho humor. \u00a1Adem\u00e1s de aprender, lo pasar\u00e1s en grande!<br \/> Si no la conoc\u00edas, descubrir\u00e1s que Sari Arponen es la profesora que hubieras deseado tener, porque no solo te da la informaci\u00f3n y te dice d\u00f3nde ampliarla, sino que te hace pensar. A medida que leas, te preguntar\u00e1s si tu estilo de vida suma o resta salud, y te plantear\u00e1s introducir algunos cambios en tu d\u00eda a d\u00eda. No son cambios complicados, pero te har\u00e1n ganar bienestar a medio y largo plazo. \u00bfNo tienes curiosidad por saber cu\u00e1les son?<\/p>\n","protected":false},"excerpt":{"rendered":"<p>ARPONEN, SARI<\/p>\n","protected":false},"featured_media":54041,"template":"","meta":{"_acf_changed":false,"om_disable_all_campaigns":false,"rs_blank_template":"","rs_page_bg_color":"","slide_template_v7":"","inline_featured_image":false,"_monsterinsights_skip_tracking":false,"_monsterinsights_sitenote_active":false,"_monsterinsights_sitenote_note":"","_monsterinsights_sitenote_category":0},"product_brand":[],"product_cat":[547,97],"product_tag":[],"class_list":{"0":"post-36588","1":"product","2":"type-product","3":"status-publish","4":"has-post-thumbnail","6":"product_cat-salud","7":"product_cat-salut","9":"first","10":"instock","11":"taxable","12":"shipping-taxable","13":"purchasable","14":"product-type-simple"},"acf":{"autor":"ARPONEN, SARI","codart":"841344158","libros-coleccion":"FORA DE COL.LECCI\u00d3","ediciones":"1","encuadernacion":"R\u00fastica","fecha_de_publicacion":"01\/05\/2022","novedad":"1","paginas":"414","subtitulo":"VIVE UNA VIDA PLENA, LARGA Y SALUDABLE","orden":"0","portada":"0","idioma":"spa","editorial":[{"ID":147400,"post_author":"3","post_date":"2022-10-14 11:50:17","post_date_gmt":"2022-10-14 09:50:17","post_content":"","post_title":"ALIENTA EDITORIAL","post_excerpt":"","post_status":"publish","comment_status":"closed","ping_status":"closed","post_password":"","post_name":"alienta-editorial","to_ping":"","pinged":"","post_modified":"2022-10-14 11:50:17","post_modified_gmt":"2022-10-14 09:50:17","post_content_filtered":"","post_parent":0,"guid":"http:\/\/dev.claret.cat\/editorial\/alienta-editorial\/","menu_order":0,"post_type":"editorial","post_mime_type":"","comment_count":"0","filter":"raw"}],"autores-libros":[{"ID":169175,"post_author":"3","post_date":"2022-10-14 22:25:05","post_date_gmt":"2022-10-14 20:25:05","post_content":"","post_title":"SARI ARPONEN","post_excerpt":"","post_status":"publish","comment_status":"closed","ping_status":"closed","post_password":"","post_name":"sari-arponen","to_ping":"","pinged":"","post_modified":"2022-10-14 22:25:05","post_modified_gmt":"2022-10-14 20:25:05","post_content_filtered":"","post_parent":0,"guid":"http:\/\/dev.claret.cat\/autor\/sari-arponen\/","menu_order":0,"post_type":"autor","post_mime_type":"","comment_count":"0","filter":"raw"}]},"aioseo_notices":[],"_links":{"self":[{"href":"https:\/\/www.claret.cat\/es\/wp-json\/wp\/v2\/product\/36588","targetHints":{"allow":["GET"]}}],"collection":[{"href":"https:\/\/www.claret.cat\/es\/wp-json\/wp\/v2\/product"}],"about":[{"href":"https:\/\/www.claret.cat\/es\/wp-json\/wp\/v2\/types\/product"}],"wp:featuredmedia":[{"embeddable":true,"href":"https:\/\/www.claret.cat\/es\/wp-json\/wp\/v2\/media\/54041"}],"wp:attachment":[{"href":"https:\/\/www.claret.cat\/es\/wp-json\/wp\/v2\/media?parent=36588"}],"wp:term":[{"taxonomy":"product_brand","embeddable":true,"href":"https:\/\/www.claret.cat\/es\/wp-json\/wp\/v2\/product_brand?post=36588"},{"taxonomy":"product_cat","embeddable":true,"href":"https:\/\/www.claret.cat\/es\/wp-json\/wp\/v2\/product_cat?post=36588"},{"taxonomy":"product_tag","embeddable":true,"href":"https:\/\/www.claret.cat\/es\/wp-json\/wp\/v2\/product_tag?post=36588"}],"curies":[{"name":"wp","href":"https:\/\/api.w.org\/{rel}","templated":true}]}}