{"id":366382,"date":"2023-01-15T18:06:06","date_gmt":"2023-01-15T17:06:06","guid":{"rendered":"https:\/\/www.claret.cat\/llibre\/recrear-camins-dexperiencia-cristiana-9788498059489\/"},"modified":"2024-05-22T20:16:16","modified_gmt":"2024-05-22T18:16:16","slug":"recrear-camins-dexperiencia-cristiana-9788498059489","status":"publish","type":"product","link":"https:\/\/www.claret.cat\/es\/libro\/recrear-camins-dexperiencia-cristiana-9788498059489\/","title":{"rendered":"RE-CREAR CAMINS D&#8217;EXPERI\u00c8NCIA CRISTIANA"},"content":{"rendered":"<p>Tota proposta pastoral est\u00e0 situada en un moment concret, amb unes circumst\u00e0ncies concretes que fan sempre important aquest esfor\u00e7 d\u2019apropar-se i resposta als reptes, neguits, esperances i q\u00fcestions que l\u2019home i la dona d\u2019avui es pregunten. Una societat plural, i diversa, en evoluci\u00f3 constant, necessita dotar-se, doncs, d\u2019eines pastorals que permetin \u00abre-crear camins d\u2019experi\u00e8ncia cristiana\u00bb. Aquest llibre fa una valuosa i \u00fatil reflexi\u00f3 antropol\u00f2gica, teol\u00f2gica i social sobre les condicions d\u2019acollida del missatge cristi\u00e0 a la nostra societat i formula una s\u00e8rie de propostes pastorals que ens permetin avan\u00e7ar en el cam\u00ed de l\u2019evangelitzaci\u00f3. Recentment, el Seminari s\u2019ha integrat dins la c\u00e0tedra de Teologia Pastoral \u00abArquebisbe Dr. Pont i Gol\u00bb de la Facultat de Teologia de Catalunya, creada recentment per iniciativa dels bisbes de Catalunya. N\u2019\u00e9s director Mn. Daniel Palau, te\u00f2leg i professor de la FTC, que ha estat l&#8217;autor principal d\u2019aquest llibre.<\/p>\n","protected":false},"excerpt":{"rendered":"<p>PALAU, DANIEL<\/p>\n","protected":false},"featured_media":366383,"template":"","meta":{"_acf_changed":false,"om_disable_all_campaigns":false,"rs_blank_template":"","rs_page_bg_color":"","slide_template_v7":"","inline_featured_image":false,"_monsterinsights_skip_tracking":false,"_monsterinsights_sitenote_active":false,"_monsterinsights_sitenote_note":"","_monsterinsights_sitenote_category":0},"product_brand":[],"product_cat":[345,79,84,350,342,76],"product_tag":[],"class_list":{"0":"post-366382","1":"product","2":"type-product","3":"status-publish","4":"has-post-thumbnail","6":"product_cat-espiritualidad","7":"product_cat-espiritualitat","8":"product_cat-sociologia","9":"product_cat-sociologia-2_humanidades","10":"product_cat-teologia-1_espiritualidad","11":"product_cat-teologia","13":"first","14":"instock","15":"taxable","16":"shipping-taxable","17":"purchasable","18":"product-type-simple"},"acf":{"editorial":[{"ID":6172,"post_author":"3","post_date":"2022-07-28 17:46:27","post_date_gmt":"2022-07-28 15:46:27","post_content":"","post_title":"CPL","post_excerpt":"","post_status":"publish","comment_status":"closed","ping_status":"closed","post_password":"","post_name":"cpl","to_ping":"","pinged":"","post_modified":"2022-07-28 17:46:27","post_modified_gmt":"2022-07-28 15:46:27","post_content_filtered":"","post_parent":0,"guid":"http:\/\/dev.claret.cat\/editorial\/cpl\/","menu_order":0,"post_type":"editorial","post_mime_type":"","comment_count":"0","filter":"raw"}],"autores-libros":[{"ID":8308,"post_author":"3","post_date":"2022-09-30 09:47:36","post_date_gmt":"2022-09-30 07:47:36","post_content":"","post_title":"DANIEL PALAU","post_excerpt":"","post_status":"publish","comment_status":"closed","ping_status":"closed","post_password":"","post_name":"daniel-palau","to_ping":"","pinged":"","post_modified":"2022-09-30 09:47:36","post_modified_gmt":"2022-09-30 07:47:36","post_content_filtered":"","post_parent":0,"guid":"http:\/\/dev.claret.cat\/autor\/daniel-palau\/","menu_order":0,"post_type":"autor","post_mime_type":"","comment_count":"0","filter":"raw"}],"autor":"PALAU, DANIEL","codart":"849805948","libros-coleccion":"","ediciones":"1","encuadernacion":"R\u00fastica","fecha_de_publicacion":"14\/11\/2016","novedad":"1","paginas":"3","subtitulo":"","orden":"0","portada":"0","idioma":"cat"},"aioseo_notices":[],"_links":{"self":[{"href":"https:\/\/www.claret.cat\/es\/wp-json\/wp\/v2\/product\/366382","targetHints":{"allow":["GET"]}}],"collection":[{"href":"https:\/\/www.claret.cat\/es\/wp-json\/wp\/v2\/product"}],"about":[{"href":"https:\/\/www.claret.cat\/es\/wp-json\/wp\/v2\/types\/product"}],"wp:featuredmedia":[{"embeddable":true,"href":"https:\/\/www.claret.cat\/es\/wp-json\/wp\/v2\/media\/366383"}],"wp:attachment":[{"href":"https:\/\/www.claret.cat\/es\/wp-json\/wp\/v2\/media?parent=366382"}],"wp:term":[{"taxonomy":"product_brand","embeddable":true,"href":"https:\/\/www.claret.cat\/es\/wp-json\/wp\/v2\/product_brand?post=366382"},{"taxonomy":"product_cat","embeddable":true,"href":"https:\/\/www.claret.cat\/es\/wp-json\/wp\/v2\/product_cat?post=366382"},{"taxonomy":"product_tag","embeddable":true,"href":"https:\/\/www.claret.cat\/es\/wp-json\/wp\/v2\/product_tag?post=366382"}],"curies":[{"name":"wp","href":"https:\/\/api.w.org\/{rel}","templated":true}]}}