{"id":366451,"date":"2023-01-15T18:15:26","date_gmt":"2023-01-15T17:15:26","guid":{"rendered":"https:\/\/www.claret.cat\/llibre\/la-resurreccion-de-jesus-9788498420050\/"},"modified":"2026-02-25T17:02:59","modified_gmt":"2026-02-25T16:02:59","slug":"la-resurreccion-de-jesus-9788498420050","status":"publish","type":"product","link":"https:\/\/www.claret.cat\/es\/libro\/la-resurreccion-de-jesus-9788498420050\/","title":{"rendered":"LA RESURRECCI\u00d3N DE JES\u00daS"},"content":{"rendered":"<p>Este p\u00f3ster alude en la representaci\u00f3n gr\u00e1fica de 13 escenas centradas en la Resurrecci\u00f3n de Jes\u00fas, divididas en dos bloques: Las narraciones del sepulcro vac\u00edo, Las narraciones de las apariciones.<br \/>Para leer y trabajar el p\u00f3ster se dan abundantes citas b\u00edblicas e iniciativas did\u00e1cticas y catequ\u00e9ticas.<br \/>Puede ser un buen recurso pastoral y did\u00e1ctico para la catequesis y las clases de educaci\u00f3n religiosa.<\/p>\n","protected":false},"excerpt":{"rendered":"<p>GINEL, \u00c1LVARO; PERA, GUER<\/p>\n","protected":false},"featured_media":1086373,"template":"","meta":{"_acf_changed":false,"om_disable_all_campaigns":false,"rs_blank_template":"","rs_page_bg_color":"","slide_template_v7":"","inline_featured_image":false,"_monsterinsights_skip_tracking":false,"_monsterinsights_sitenote_active":false,"_monsterinsights_sitenote_note":"","_monsterinsights_sitenote_category":0},"product_brand":[],"product_cat":[226,388,189,453,405,267],"product_tag":[],"class_list":{"0":"post-366451","1":"product","2":"type-product","3":"status-publish","4":"has-post-thumbnail","6":"product_cat-didactica","7":"product_cat-didactica-catequesis-1_espiritualidad","8":"product_cat-didactica-i-praxi-escolar","9":"product_cat-didactica-y-praxis-escolar","10":"product_cat-infantil-pastoral-1_espiritualidad","11":"product_cat-infantil-pastoral","13":"first","14":"instock","15":"taxable","16":"shipping-taxable","17":"purchasable","18":"product-type-simple"},"acf":{"editorial":[{"ID":6155,"post_author":"3","post_date":"2022-07-28 17:46:04","post_date_gmt":"2022-07-28 15:46:04","post_content":"","post_title":"Central Catequ\u00edstica Salesiana","post_excerpt":"","post_status":"publish","comment_status":"closed","ping_status":"closed","post_password":"","post_name":"central-catequistica-salesiana","to_ping":"","pinged":"","post_modified":"2022-07-28 17:46:04","post_modified_gmt":"2022-07-28 15:46:04","post_content_filtered":"","post_parent":0,"guid":"http:\/\/dev.claret.cat\/editorial\/central-catequistica-salesiana\/","menu_order":0,"post_type":"editorial","post_mime_type":"","comment_count":"0","filter":"raw"}],"autores-libros":[{"ID":8281,"post_author":"3","post_date":"2022-09-30 09:47:24","post_date_gmt":"2022-09-30 07:47:24","post_content":"","post_title":"\u00c1LVARO GINEL","post_excerpt":"","post_status":"publish","comment_status":"closed","ping_status":"closed","post_password":"","post_name":"alvaro-ginel","to_ping":"","pinged":"","post_modified":"2022-09-30 09:47:24","post_modified_gmt":"2022-09-30 07:47:24","post_content_filtered":"","post_parent":0,"guid":"http:\/\/dev.claret.cat\/autor\/alvaro-ginel\/","menu_order":0,"post_type":"autor","post_mime_type":"","comment_count":"0","filter":"raw"},{"ID":356596,"post_author":"3","post_date":"2023-01-15 00:10:23","post_date_gmt":"2023-01-14 23:10:23","post_content":"","post_title":"GUERRINO (il) PERA","post_excerpt":"","post_status":"publish","comment_status":"closed","ping_status":"closed","post_password":"","post_name":"guerrino-il-pera","to_ping":"","pinged":"","post_modified":"2023-01-15 00:10:23","post_modified_gmt":"2023-01-14 23:10:23","post_content_filtered":"","post_parent":0,"guid":"https:\/\/www.claret.cat\/autor\/guerrino-il-pera\/","menu_order":0,"post_type":"autor","post_mime_type":"","comment_count":"0","filter":"raw"}],"autor":"GINEL, \u00c1LVARO; PERA, GUER","codart":"849842005","libros-coleccion":"P\u00f3sters Catequistas","ediciones":"1","encuadernacion":"R\u00fastica","fecha_de_publicacion":"25\/05\/2006","novedad":"0","paginas":"2","subtitulo":"","orden":"999","portada":"0","idioma":"spa","booktrailer":"","resenas":""},"aioseo_notices":[],"_links":{"self":[{"href":"https:\/\/www.claret.cat\/es\/wp-json\/wp\/v2\/product\/366451","targetHints":{"allow":["GET"]}}],"collection":[{"href":"https:\/\/www.claret.cat\/es\/wp-json\/wp\/v2\/product"}],"about":[{"href":"https:\/\/www.claret.cat\/es\/wp-json\/wp\/v2\/types\/product"}],"wp:featuredmedia":[{"embeddable":true,"href":"https:\/\/www.claret.cat\/es\/wp-json\/wp\/v2\/media\/1086373"}],"wp:attachment":[{"href":"https:\/\/www.claret.cat\/es\/wp-json\/wp\/v2\/media?parent=366451"}],"wp:term":[{"taxonomy":"product_brand","embeddable":true,"href":"https:\/\/www.claret.cat\/es\/wp-json\/wp\/v2\/product_brand?post=366451"},{"taxonomy":"product_cat","embeddable":true,"href":"https:\/\/www.claret.cat\/es\/wp-json\/wp\/v2\/product_cat?post=366451"},{"taxonomy":"product_tag","embeddable":true,"href":"https:\/\/www.claret.cat\/es\/wp-json\/wp\/v2\/product_tag?post=366451"}],"curies":[{"name":"wp","href":"https:\/\/api.w.org\/{rel}","templated":true}]}}