{"id":366467,"date":"2023-01-15T18:20:18","date_gmt":"2023-01-15T17:20:18","guid":{"rendered":"https:\/\/www.claret.cat\/llibre\/vida-de-mama-margarita-9788498420098\/"},"modified":"2024-05-22T20:11:51","modified_gmt":"2024-05-22T18:11:51","slug":"vida-de-mama-margarita-9788498420098","status":"publish","type":"product","link":"https:\/\/www.claret.cat\/es\/libro\/vida-de-mama-margarita-9788498420098\/","title":{"rendered":"VIDA DE MAM\u00c1 MARGARITA"},"content":{"rendered":"<p>\u00abMam\u00e1 Margarita es un don que todav\u00eda no hemos acabado de descubrir. Hoy est\u00e1 fuera de duda el papel importante que tuvo Mam\u00e1 Margarita en la formaci\u00f3n humana y cristiana de Don Bosco, como tambi\u00e9n en la creaci\u00f3n del ambiente educativo de Valdocco. Su presencia materna contribuy\u00f3 mucho ciertamente a hacer \u201cfamiliar\u201d el clima de Valdocco. Gracias a ella, la robusta paternidad de Don Bosco se armoniz\u00f3 con la comprensi\u00f3n, la dulzura, la atenci\u00f3n y el afecto que nacen del coraz\u00f3n de una madre. Esta es la fascinaci\u00f3n del sistema educativo salesiano\u00bb. De la Presentaci\u00f3n de Don PASCUAL CH\u00c1VEZ VILLANUEVA. Rector Mayor de los Salesianos<\/p>\n","protected":false},"excerpt":{"rendered":"<p>BOSCO, TERESIO<\/p>\n","protected":false},"featured_media":0,"template":"","meta":{"_acf_changed":false,"om_disable_all_campaigns":false,"rs_blank_template":"","rs_page_bg_color":"","slide_template_v7":"","inline_featured_image":false,"_monsterinsights_skip_tracking":false,"_monsterinsights_sitenote_active":false,"_monsterinsights_sitenote_note":"","_monsterinsights_sitenote_category":0},"product_brand":[],"product_cat":[491,241,394,236],"product_tag":[],"class_list":{"0":"post-366467","1":"product","2":"type-product","3":"status-publish","5":"product_cat-testimonios","6":"product_cat-testimonis","7":"product_cat-vida-cotidiana","8":"product_cat-vida-quotidiana","10":"first","11":"instock","12":"taxable","13":"shipping-taxable","14":"purchasable","15":"product-type-simple"},"acf":{"editorial":[{"ID":6155,"post_author":"3","post_date":"2022-07-28 17:46:04","post_date_gmt":"2022-07-28 15:46:04","post_content":"","post_title":"Central Catequ\u00edstica Salesiana","post_excerpt":"","post_status":"publish","comment_status":"closed","ping_status":"closed","post_password":"","post_name":"central-catequistica-salesiana","to_ping":"","pinged":"","post_modified":"2022-07-28 17:46:04","post_modified_gmt":"2022-07-28 15:46:04","post_content_filtered":"","post_parent":0,"guid":"http:\/\/dev.claret.cat\/editorial\/central-catequistica-salesiana\/","menu_order":0,"post_type":"editorial","post_mime_type":"","comment_count":"0","filter":"raw"}],"autores-libros":[{"ID":278878,"post_author":"3","post_date":"2022-12-09 16:10:38","post_date_gmt":"2022-12-09 15:10:38","post_content":"","post_title":"TERESIO BOSCO","post_excerpt":"","post_status":"publish","comment_status":"closed","ping_status":"closed","post_password":"","post_name":"teresio-bosco","to_ping":"","pinged":"","post_modified":"2022-12-09 16:10:38","post_modified_gmt":"2022-12-09 15:10:38","post_content_filtered":"","post_parent":0,"guid":"http:\/\/dev.claret.cat\/autor\/teresio-bosco\/","menu_order":0,"post_type":"autor","post_mime_type":"","comment_count":"0","filter":"raw"}],"autor":"BOSCO, TERESIO","codart":"849842009","libros-coleccion":"Biograf\u00edas salesianas","ediciones":"1","encuadernacion":"R\u00fastica","fecha_de_publicacion":"30\/10\/2006","novedad":"0","paginas":"200","subtitulo":"LA MAM\u00c1 DE DON BOSCO","orden":"999","portada":"0","idioma":"spa"},"aioseo_notices":[],"_links":{"self":[{"href":"https:\/\/www.claret.cat\/es\/wp-json\/wp\/v2\/product\/366467","targetHints":{"allow":["GET"]}}],"collection":[{"href":"https:\/\/www.claret.cat\/es\/wp-json\/wp\/v2\/product"}],"about":[{"href":"https:\/\/www.claret.cat\/es\/wp-json\/wp\/v2\/types\/product"}],"wp:attachment":[{"href":"https:\/\/www.claret.cat\/es\/wp-json\/wp\/v2\/media?parent=366467"}],"wp:term":[{"taxonomy":"product_brand","embeddable":true,"href":"https:\/\/www.claret.cat\/es\/wp-json\/wp\/v2\/product_brand?post=366467"},{"taxonomy":"product_cat","embeddable":true,"href":"https:\/\/www.claret.cat\/es\/wp-json\/wp\/v2\/product_cat?post=366467"},{"taxonomy":"product_tag","embeddable":true,"href":"https:\/\/www.claret.cat\/es\/wp-json\/wp\/v2\/product_tag?post=366467"}],"curies":[{"name":"wp","href":"https:\/\/api.w.org\/{rel}","templated":true}]}}