{"id":366481,"date":"2023-01-15T18:21:30","date_gmt":"2023-01-15T17:21:30","guid":{"rendered":"https:\/\/www.claret.cat\/llibre\/las-brujas-trillizas-9788498420494\/"},"modified":"2023-01-28T16:39:15","modified_gmt":"2023-01-28T15:39:15","slug":"las-brujas-trillizas-9788498420494","status":"publish","type":"product","link":"https:\/\/www.claret.cat\/es\/libro\/las-brujas-trillizas-9788498420494\/","title":{"rendered":"LAS BRUJAS TRILLIZAS"},"content":{"rendered":"<p>La diversi\u00f3n est\u00e1 asegurada con esta historia de Braulia, Br\u00edgida y Brunilda, tres brujas trillizas famosas en la Academia de Brujer\u00eda por sus travesuras y meteduras de pata. Las tres acaban de obtener el t\u00edtulo de brujas diplomadas y, para hacer sus pr\u00e1cticas, la Bruja Mayor las env\u00eda a un colegio de seres humanos corrientes y molientes. Volando en sus escobas con cambio autom\u00e1tico, airbag de serie, asiento anat\u00f3mico y reproductor de CD incorporado, Braulia, Br\u00edgida y Brunilda llegan a su destino. All\u00ed ayudar\u00e1n a una ni\u00f1a en apuros, organizar\u00e1n m\u00e1s de un enredo y vivir\u00e1n emocionantes aventuras. Un relato lleno de humor, con el que te reir\u00e1s a carcajadas, que transmite valores tan importantes como la amistad, la bondad y el respeto a ser diferentes. Ilustraciones de Angelines San Jos\u00e9.<\/p>\n","protected":false},"excerpt":{"rendered":"<p>GIL, CARMEN<\/p>\n","protected":false},"featured_media":366482,"template":"","meta":{"_acf_changed":false,"om_disable_all_campaigns":false,"rs_blank_template":"","rs_page_bg_color":"","slide_template_v7":"","inline_featured_image":false,"_monsterinsights_skip_tracking":false,"_monsterinsights_sitenote_active":false,"_monsterinsights_sitenote_note":"","_monsterinsights_sitenote_category":0},"product_brand":[],"product_cat":[132,191,454,362,437,163],"product_tag":[],"class_list":{"0":"post-366481","1":"product","2":"type-product","3":"status-publish","4":"has-post-thumbnail","6":"product_cat-lectures-per-preadolescents-6-12-anys","7":"product_cat-educacio-en-valors-pedagogia-2_humanitats","8":"product_cat-educacion-en-valores","9":"product_cat-libros-preadolescentes-6-12-anos","10":"product_cat-valores-y-convivencia","11":"product_cat-valors-i-convivencia","13":"first","14":"instock","15":"taxable","16":"shipping-taxable","17":"purchasable","18":"product-type-simple"},"acf":{"editorial":[{"ID":6155,"post_author":"3","post_date":"2022-07-28 17:46:04","post_date_gmt":"2022-07-28 15:46:04","post_content":"","post_title":"Central Catequ\u00edstica Salesiana","post_excerpt":"","post_status":"publish","comment_status":"closed","ping_status":"closed","post_password":"","post_name":"central-catequistica-salesiana","to_ping":"","pinged":"","post_modified":"2022-07-28 17:46:04","post_modified_gmt":"2022-07-28 15:46:04","post_content_filtered":"","post_parent":0,"guid":"http:\/\/dev.claret.cat\/editorial\/central-catequistica-salesiana\/","menu_order":0,"post_type":"editorial","post_mime_type":"","comment_count":"0","filter":"raw"}],"autores-libros":[{"ID":366480,"post_author":"3","post_date":"2023-01-15 18:21:27","post_date_gmt":"2023-01-15 17:21:27","post_content":"","post_title":"ANGELINES (il) SAN JOS\u00c9","post_excerpt":"","post_status":"publish","comment_status":"closed","ping_status":"closed","post_password":"","post_name":"angelines-il-san-jose","to_ping":"","pinged":"","post_modified":"2023-01-15 18:21:27","post_modified_gmt":"2023-01-15 17:21:27","post_content_filtered":"","post_parent":0,"guid":"https:\/\/www.claret.cat\/autor\/angelines-il-san-jose\/","menu_order":0,"post_type":"autor","post_mime_type":"","comment_count":"0","filter":"raw"},{"ID":5332,"post_author":"3","post_date":"2022-07-28 17:21:43","post_date_gmt":"2022-07-28 15:21:43","post_content":"","post_title":"CARMEN GIL","post_excerpt":"","post_status":"publish","comment_status":"closed","ping_status":"closed","post_password":"","post_name":"carmen-gil","to_ping":"","pinged":"","post_modified":"2022-07-28 17:21:43","post_modified_gmt":"2022-07-28 15:21:43","post_content_filtered":"","post_parent":0,"guid":"http:\/\/dev.claret.cat\/autor\/carmen-gil\/","menu_order":0,"post_type":"autor","post_mime_type":"","comment_count":"0","filter":"raw"}],"autor":"GIL, CARMEN","codart":"849842049","libros-coleccion":"Arca Dorada","ediciones":"1","encuadernacion":"R\u00fastica","fecha_de_publicacion":"21\/02\/2007","novedad":"0","paginas":"128","subtitulo":"","orden":"1","portada":"0","idioma":"spa"},"aioseo_notices":[],"_links":{"self":[{"href":"https:\/\/www.claret.cat\/es\/wp-json\/wp\/v2\/product\/366481","targetHints":{"allow":["GET"]}}],"collection":[{"href":"https:\/\/www.claret.cat\/es\/wp-json\/wp\/v2\/product"}],"about":[{"href":"https:\/\/www.claret.cat\/es\/wp-json\/wp\/v2\/types\/product"}],"wp:featuredmedia":[{"embeddable":true,"href":"https:\/\/www.claret.cat\/es\/wp-json\/wp\/v2\/media\/366482"}],"wp:attachment":[{"href":"https:\/\/www.claret.cat\/es\/wp-json\/wp\/v2\/media?parent=366481"}],"wp:term":[{"taxonomy":"product_brand","embeddable":true,"href":"https:\/\/www.claret.cat\/es\/wp-json\/wp\/v2\/product_brand?post=366481"},{"taxonomy":"product_cat","embeddable":true,"href":"https:\/\/www.claret.cat\/es\/wp-json\/wp\/v2\/product_cat?post=366481"},{"taxonomy":"product_tag","embeddable":true,"href":"https:\/\/www.claret.cat\/es\/wp-json\/wp\/v2\/product_tag?post=366481"}],"curies":[{"name":"wp","href":"https:\/\/api.w.org\/{rel}","templated":true}]}}