{"id":366523,"date":"2023-01-15T18:31:54","date_gmt":"2023-01-15T17:31:54","guid":{"rendered":"https:\/\/www.claret.cat\/llibre\/la-oracion-en-cuaresma-9788498420746\/"},"modified":"2026-03-02T17:20:37","modified_gmt":"2026-03-02T16:20:37","slug":"la-oracion-en-cuaresma-9788498420746","status":"publish","type":"product","link":"https:\/\/www.claret.cat\/es\/libro\/la-oracion-en-cuaresma-9788498420746\/","title":{"rendered":"LA ORACI\u00d3N EN CUARESMA"},"content":{"rendered":"<p>La Cuaresma es un tiempo lit\u00fargico que nos invita a revisar nuestra fe, nuestra vida cristiana, nuestro Bautismo. En esta Cuaresma Dios quiere hacer obras grandes en nosotros.<br \/>Propuesta de oraci\u00f3n que consiste en: Referencias de las lecturas b\u00edblicas del d\u00eda; Selecci\u00f3n de un vers\u00edculo y comentario para meditar durante la jornada; Reflexi\u00f3n breve para dar profundidad a las cosas peque\u00f1as de la vida; Oraci\u00f3n inspirada en las lecturas b\u00edblicas; Sugerencias para hacer algo. Salmo.<\/p>\n","protected":false},"excerpt":{"rendered":"<p>AYERRA,MARIA PATXI;GINEL,<\/p>\n","protected":false},"featured_media":1087212,"template":"","meta":{"_acf_changed":false,"om_disable_all_campaigns":false,"rs_blank_template":"","rs_page_bg_color":"","slide_template_v7":"","inline_featured_image":false,"_monsterinsights_skip_tracking":false,"_monsterinsights_sitenote_active":false,"_monsterinsights_sitenote_note":"","_monsterinsights_sitenote_category":0},"product_brand":[],"product_cat":[253,399,496,246,497,248,396,247],"product_tag":[],"class_list":{"0":"post-366523","1":"product","2":"type-product","3":"status-publish","4":"has-post-thumbnail","6":"product_cat-any-liturgic","7":"product_cat-any-liturgic-liturgia-1_espiritualidad","8":"product_cat-devocionarios","9":"product_cat-devocionaris","10":"product_cat-meditaciones","11":"product_cat-meditacions","12":"product_cat-oracion","13":"product_cat-pregaria","15":"first","16":"outofstock","17":"taxable","18":"shipping-taxable","19":"purchasable","20":"product-type-simple"},"acf":{"editorial":[{"ID":6155,"post_author":"3","post_date":"2022-07-28 17:46:04","post_date_gmt":"2022-07-28 15:46:04","post_content":"","post_title":"Central Catequ\u00edstica Salesiana","post_excerpt":"","post_status":"publish","comment_status":"closed","ping_status":"closed","post_password":"","post_name":"central-catequistica-salesiana","to_ping":"","pinged":"","post_modified":"2022-07-28 17:46:04","post_modified_gmt":"2022-07-28 15:46:04","post_content_filtered":"","post_parent":0,"guid":"http:\/\/dev.claret.cat\/editorial\/central-catequistica-salesiana\/","menu_order":0,"post_type":"editorial","post_mime_type":"","comment_count":"0","filter":"raw"}],"autores-libros":[{"ID":366522,"post_author":"3","post_date":"2023-01-15 18:31:51","post_date_gmt":"2023-01-15 17:31:51","post_content":"","post_title":"MARIA PATXI AYERRA","post_excerpt":"","post_status":"publish","comment_status":"closed","ping_status":"closed","post_password":"","post_name":"maria-patxi-ayerra","to_ping":"","pinged":"","post_modified":"2023-01-15 18:31:51","post_modified_gmt":"2023-01-15 17:31:51","post_content_filtered":"","post_parent":0,"guid":"https:\/\/www.claret.cat\/autor\/maria-patxi-ayerra\/","menu_order":0,"post_type":"autor","post_mime_type":"","comment_count":"0","filter":"raw"},{"ID":8281,"post_author":"3","post_date":"2022-09-30 09:47:24","post_date_gmt":"2022-09-30 07:47:24","post_content":"","post_title":"\u00c1LVARO GINEL","post_excerpt":"","post_status":"publish","comment_status":"closed","ping_status":"closed","post_password":"","post_name":"alvaro-ginel","to_ping":"","pinged":"","post_modified":"2022-09-30 09:47:24","post_modified_gmt":"2022-09-30 07:47:24","post_content_filtered":"","post_parent":0,"guid":"http:\/\/dev.claret.cat\/autor\/alvaro-ginel\/","menu_order":0,"post_type":"autor","post_mime_type":"","comment_count":"0","filter":"raw"}],"autor":"AYERRA,MARIA PATXI;GINEL,","codart":"849842074","libros-coleccion":"Oraciones","ediciones":"1","encuadernacion":"R\u00fastica","fecha_de_publicacion":"29\/01\/2007","novedad":"0","paginas":"260","subtitulo":"ORACIONES PARA CADA D\u00cdA DE CUARESMA","orden":"999","portada":"0","idioma":"spa","booktrailer":"","resenas":""},"aioseo_notices":[],"_links":{"self":[{"href":"https:\/\/www.claret.cat\/es\/wp-json\/wp\/v2\/product\/366523","targetHints":{"allow":["GET"]}}],"collection":[{"href":"https:\/\/www.claret.cat\/es\/wp-json\/wp\/v2\/product"}],"about":[{"href":"https:\/\/www.claret.cat\/es\/wp-json\/wp\/v2\/types\/product"}],"wp:featuredmedia":[{"embeddable":true,"href":"https:\/\/www.claret.cat\/es\/wp-json\/wp\/v2\/media\/1087212"}],"wp:attachment":[{"href":"https:\/\/www.claret.cat\/es\/wp-json\/wp\/v2\/media?parent=366523"}],"wp:term":[{"taxonomy":"product_brand","embeddable":true,"href":"https:\/\/www.claret.cat\/es\/wp-json\/wp\/v2\/product_brand?post=366523"},{"taxonomy":"product_cat","embeddable":true,"href":"https:\/\/www.claret.cat\/es\/wp-json\/wp\/v2\/product_cat?post=366523"},{"taxonomy":"product_tag","embeddable":true,"href":"https:\/\/www.claret.cat\/es\/wp-json\/wp\/v2\/product_tag?post=366523"}],"curies":[{"name":"wp","href":"https:\/\/api.w.org\/{rel}","templated":true}]}}