{"id":366571,"date":"2023-01-15T18:35:18","date_gmt":"2023-01-15T17:35:18","guid":{"rendered":"https:\/\/www.claret.cat\/llibre\/mohandas-gandhi-9788498421071\/"},"modified":"2024-05-22T20:04:47","modified_gmt":"2024-05-22T18:04:47","slug":"mohandas-gandhi-9788498421071","status":"publish","type":"product","link":"https:\/\/www.claret.cat\/es\/libro\/mohandas-gandhi-9788498421071\/","title":{"rendered":"MOHANDAS GANDHI"},"content":{"rendered":"<p>Mohandas Gandhi (1869-1948) es indiscutiblemente el m\u00e1ximo representante del pacifismo mundial. Utiliz\u00f3 y divulg\u00f3 el m\u00e9todo de la no-violencia como medio para conseguir la transformaci\u00f3n de las personas y los cambios sociales. Cada 30 de enero los estudiantes celebran el D\u00eda Escolar de la No-violencia y la Paz, para conmemorar su muerte y como signo de la voluntad del mundo de no olvidar su rico legado. Gandhi es un ejemplo vivo de la transformaci\u00f3n que puede hacer una persona sobre s\u00ed misma a base de voluntad, espiritualidad y nobles ideales. Sin tener madera de h\u00e9roe y superando errores evidentes, consigui\u00f3 una personalidad deslumbrante que inspira a muchos otros l\u00edderes. Albert Einstein dijo de \u00e9l: Las generaciones del porvenir apenas creer\u00e1n que un hombre como \u00e9ste camin\u00f3 sobre la tierra en carne y hueso.<\/p>\n","protected":false},"excerpt":{"rendered":"<p>GONZ\u00c1LEZ, ANTONIO<\/p>\n","protected":false},"featured_media":0,"template":"","meta":{"_acf_changed":false,"om_disable_all_campaigns":false,"rs_blank_template":"","rs_page_bg_color":"","slide_template_v7":"","inline_featured_image":false,"_monsterinsights_skip_tracking":false,"_monsterinsights_sitenote_active":false,"_monsterinsights_sitenote_note":"","_monsterinsights_sitenote_category":0},"product_brand":[],"product_cat":[368,151,523,299,491,241,437,163],"product_tag":[],"class_list":{"0":"post-366571","1":"product","2":"type-product","3":"status-publish","5":"product_cat-contemporanea","6":"product_cat-contemporania","7":"product_cat-laicos-y-testimonios","8":"product_cat-laics-i-testimonis","9":"product_cat-testimonios","10":"product_cat-testimonis","11":"product_cat-valores-y-convivencia","12":"product_cat-valors-i-convivencia","14":"first","15":"instock","16":"taxable","17":"shipping-taxable","18":"purchasable","19":"product-type-simple"},"acf":{"editorial":[{"ID":6155,"post_author":"3","post_date":"2022-07-28 17:46:04","post_date_gmt":"2022-07-28 15:46:04","post_content":"","post_title":"Central Catequ\u00edstica Salesiana","post_excerpt":"","post_status":"publish","comment_status":"closed","ping_status":"closed","post_password":"","post_name":"central-catequistica-salesiana","to_ping":"","pinged":"","post_modified":"2022-07-28 17:46:04","post_modified_gmt":"2022-07-28 15:46:04","post_content_filtered":"","post_parent":0,"guid":"http:\/\/dev.claret.cat\/editorial\/central-catequistica-salesiana\/","menu_order":0,"post_type":"editorial","post_mime_type":"","comment_count":"0","filter":"raw"}],"autores-libros":[{"ID":150923,"post_author":"3","post_date":"2022-10-14 14:36:48","post_date_gmt":"2022-10-14 12:36:48","post_content":"","post_title":"ANTONIO GONZALEZ","post_excerpt":"","post_status":"publish","comment_status":"closed","ping_status":"closed","post_password":"","post_name":"antonio-gonzalez","to_ping":"","pinged":"","post_modified":"2022-10-14 14:36:48","post_modified_gmt":"2022-10-14 12:36:48","post_content_filtered":"","post_parent":0,"guid":"http:\/\/dev.claret.cat\/autor\/antonio-gonzalez\/","menu_order":0,"post_type":"autor","post_mime_type":"","comment_count":"0","filter":"raw"}],"autor":"GONZ\u00c1LEZ, ANTONIO","codart":"849842107","libros-coleccion":"Personas e ideales","ediciones":"1","encuadernacion":"R\u00fastica","fecha_de_publicacion":"23\/04\/2007","novedad":"0","paginas":"124","subtitulo":"","orden":"999","portada":"0","idioma":"spa"},"aioseo_notices":[],"_links":{"self":[{"href":"https:\/\/www.claret.cat\/es\/wp-json\/wp\/v2\/product\/366571","targetHints":{"allow":["GET"]}}],"collection":[{"href":"https:\/\/www.claret.cat\/es\/wp-json\/wp\/v2\/product"}],"about":[{"href":"https:\/\/www.claret.cat\/es\/wp-json\/wp\/v2\/types\/product"}],"wp:attachment":[{"href":"https:\/\/www.claret.cat\/es\/wp-json\/wp\/v2\/media?parent=366571"}],"wp:term":[{"taxonomy":"product_brand","embeddable":true,"href":"https:\/\/www.claret.cat\/es\/wp-json\/wp\/v2\/product_brand?post=366571"},{"taxonomy":"product_cat","embeddable":true,"href":"https:\/\/www.claret.cat\/es\/wp-json\/wp\/v2\/product_cat?post=366571"},{"taxonomy":"product_tag","embeddable":true,"href":"https:\/\/www.claret.cat\/es\/wp-json\/wp\/v2\/product_tag?post=366571"}],"curies":[{"name":"wp","href":"https:\/\/api.w.org\/{rel}","templated":true}]}}