{"id":366585,"date":"2023-01-15T18:41:10","date_gmt":"2023-01-15T17:41:10","guid":{"rendered":"https:\/\/www.claret.cat\/llibre\/la-parabola-del-padre-misericordioso-9788498421361\/"},"modified":"2024-05-22T20:03:28","modified_gmt":"2024-05-22T18:03:28","slug":"la-parabola-del-padre-misericordioso-9788498421361","status":"publish","type":"product","link":"https:\/\/www.claret.cat\/es\/libro\/la-parabola-del-padre-misericordioso-9788498421361\/","title":{"rendered":"LA PAR\u00c1BOLA DEL PADRE MISERICORDIOSO"},"content":{"rendered":"<p>En el evangelio de san Lucas, Jes\u00fas se esfuerza por revelar el amor de su Padre por cada uno de los seres humanos, por muy perdido que uno se encuentre.<br \/>Al Padre se el \u00abremueven las entra\u00f1as\u00bb cuando ve la miseria de uno de sus hijos. El Padre espera con paciencia la vuelta de sus hijos. Este es el sentido de la palabra misericordia: un amor que no olvida nunca, que espera siempre, que atrae siempre. Dios s\u00f3lo sabe amar.<br \/>En el Evangelio hay siempre dos actitudes destacadas. Aquellas personas que son pecadores, que cuando se dan cuenta de su situaci\u00f3n se abren al amor gratuito de Dios y lo saludan y acogen. Y la de aquellos que se sienten puros, perfectos, cumplidores de la ley, seguros de s\u00ed mismos y de sus fuerzas. A \u00e9stos les basta con lo que son. Esto les impide conocer lo que es la ternura de Dios, el perd\u00f3n de Dios y la fiesta que Dios prepara para quienes reconocen que fuera de la casa de Dios no hay felicidad verdadera.<\/p>\n","protected":false},"excerpt":{"rendered":"<p>BARTOLINI, BARTOLINO; GIN<\/p>\n","protected":false},"featured_media":366621,"template":"","meta":{"_acf_changed":false,"om_disable_all_campaigns":false,"rs_blank_template":"","rs_page_bg_color":"","slide_template_v7":"","inline_featured_image":false,"_monsterinsights_skip_tracking":false,"_monsterinsights_sitenote_active":false,"_monsterinsights_sitenote_note":"","_monsterinsights_sitenote_category":0},"product_brand":[],"product_cat":[388,226,189,453,405,219,478,267],"product_tag":[],"class_list":{"0":"post-366585","1":"product","2":"type-product","3":"status-publish","4":"has-post-thumbnail","6":"product_cat-didactica-catequesis-1_espiritualidad","7":"product_cat-didactica","8":"product_cat-didactica-i-praxi-escolar","9":"product_cat-didactica-y-praxis-escolar","10":"product_cat-infantil-pastoral-1_espiritualidad","11":"product_cat-infantil-catequesi","12":"product_cat-infantil-catequesis-1_espiritualidad","13":"product_cat-infantil-pastoral","15":"first","16":"instock","17":"taxable","18":"shipping-taxable","19":"purchasable","20":"product-type-simple"},"acf":{"editorial":[{"ID":6155,"post_author":"3","post_date":"2022-07-28 17:46:04","post_date_gmt":"2022-07-28 15:46:04","post_content":"","post_title":"Central Catequ\u00edstica Salesiana","post_excerpt":"","post_status":"publish","comment_status":"closed","ping_status":"closed","post_password":"","post_name":"central-catequistica-salesiana","to_ping":"","pinged":"","post_modified":"2022-07-28 17:46:04","post_modified_gmt":"2022-07-28 15:46:04","post_content_filtered":"","post_parent":0,"guid":"http:\/\/dev.claret.cat\/editorial\/central-catequistica-salesiana\/","menu_order":0,"post_type":"editorial","post_mime_type":"","comment_count":"0","filter":"raw"}],"autores-libros":[{"ID":8292,"post_author":"3","post_date":"2022-09-30 09:47:28","post_date_gmt":"2022-09-30 07:47:28","post_content":"","post_title":"BARTOLINO BARTOLINI","post_excerpt":"","post_status":"publish","comment_status":"closed","ping_status":"closed","post_password":"","post_name":"bartolino-bartolini","to_ping":"","pinged":"","post_modified":"2022-09-30 09:47:28","post_modified_gmt":"2022-09-30 07:47:28","post_content_filtered":"","post_parent":0,"guid":"http:\/\/dev.claret.cat\/autor\/bartolino-bartolini\/","menu_order":0,"post_type":"autor","post_mime_type":"","comment_count":"0","filter":"raw"},{"ID":8340,"post_author":"3","post_date":"2022-09-30 09:47:50","post_date_gmt":"2022-09-30 07:47:50","post_content":"","post_title":"GUERRINO PERA","post_excerpt":"","post_status":"publish","comment_status":"closed","ping_status":"closed","post_password":"","post_name":"guerrino-pera","to_ping":"","pinged":"","post_modified":"2022-09-30 09:47:50","post_modified_gmt":"2022-09-30 07:47:50","post_content_filtered":"","post_parent":0,"guid":"http:\/\/dev.claret.cat\/autor\/guerrino-pera\/","menu_order":0,"post_type":"autor","post_mime_type":"","comment_count":"0","filter":"raw"},{"ID":8281,"post_author":"3","post_date":"2022-09-30 09:47:24","post_date_gmt":"2022-09-30 07:47:24","post_content":"","post_title":"\u00c1LVARO GINEL","post_excerpt":"","post_status":"publish","comment_status":"closed","ping_status":"closed","post_password":"","post_name":"alvaro-ginel","to_ping":"","pinged":"","post_modified":"2022-09-30 09:47:24","post_modified_gmt":"2022-09-30 07:47:24","post_content_filtered":"","post_parent":0,"guid":"http:\/\/dev.claret.cat\/autor\/alvaro-ginel\/","menu_order":0,"post_type":"autor","post_mime_type":"","comment_count":"0","filter":"raw"},{"ID":356596,"post_author":"3","post_date":"2023-01-15 00:10:23","post_date_gmt":"2023-01-14 23:10:23","post_content":"","post_title":"GUERRINO (il) PERA","post_excerpt":"","post_status":"publish","comment_status":"closed","ping_status":"closed","post_password":"","post_name":"guerrino-il-pera","to_ping":"","pinged":"","post_modified":"2023-01-15 00:10:23","post_modified_gmt":"2023-01-14 23:10:23","post_content_filtered":"","post_parent":0,"guid":"https:\/\/www.claret.cat\/autor\/guerrino-il-pera\/","menu_order":0,"post_type":"autor","post_mime_type":"","comment_count":"0","filter":"raw"}],"autor":"BARTOLINI, BARTOLINO; GIN","codart":"849842136","libros-coleccion":"P\u00f3sters Catequistas","ediciones":"1","encuadernacion":"R\u00fastica","fecha_de_publicacion":"20\/09\/2007","novedad":"0","paginas":"8","subtitulo":"","orden":"999","portada":"0","idioma":"spa"},"aioseo_notices":[],"_links":{"self":[{"href":"https:\/\/www.claret.cat\/es\/wp-json\/wp\/v2\/product\/366585","targetHints":{"allow":["GET"]}}],"collection":[{"href":"https:\/\/www.claret.cat\/es\/wp-json\/wp\/v2\/product"}],"about":[{"href":"https:\/\/www.claret.cat\/es\/wp-json\/wp\/v2\/types\/product"}],"wp:featuredmedia":[{"embeddable":true,"href":"https:\/\/www.claret.cat\/es\/wp-json\/wp\/v2\/media\/366621"}],"wp:attachment":[{"href":"https:\/\/www.claret.cat\/es\/wp-json\/wp\/v2\/media?parent=366585"}],"wp:term":[{"taxonomy":"product_brand","embeddable":true,"href":"https:\/\/www.claret.cat\/es\/wp-json\/wp\/v2\/product_brand?post=366585"},{"taxonomy":"product_cat","embeddable":true,"href":"https:\/\/www.claret.cat\/es\/wp-json\/wp\/v2\/product_cat?post=366585"},{"taxonomy":"product_tag","embeddable":true,"href":"https:\/\/www.claret.cat\/es\/wp-json\/wp\/v2\/product_tag?post=366585"}],"curies":[{"name":"wp","href":"https:\/\/api.w.org\/{rel}","templated":true}]}}