{"id":366615,"date":"2023-01-15T18:47:05","date_gmt":"2023-01-15T17:47:05","guid":{"rendered":"https:\/\/www.claret.cat\/llibre\/maravillosamente-insoportable-9788498421637\/"},"modified":"2024-05-22T20:02:21","modified_gmt":"2024-05-22T18:02:21","slug":"maravillosamente-insoportable-9788498421637","status":"publish","type":"product","link":"https:\/\/www.claret.cat\/es\/libro\/maravillosamente-insoportable-9788498421637\/","title":{"rendered":"MARAVILLOSAMENTE INSOPORTABLE"},"content":{"rendered":"<p>El libro que tienes en tus manos es un conjunto de cartas escritas a un adolescente, en pleno foll\u00f3n vital, cuando est\u00e1 pasando por ese t\u00fanel ca\u00f3tico de la ni\u00f1ez a la adultez, mientras siente que lo sabe y lo puedo todo i a la vez duda y teme a casi todas las cosas, incluso a s\u00ed mismo.<br \/>Las cartas van dirigidas a la duda hecha persona, que es le que ha abandonado la ni\u00f1ez y se encuentra en una tierra de nadie. Tambi\u00e9n van dirigidas a los padres.<\/p>\n","protected":false},"excerpt":{"rendered":"<p>AYERRA, MARI PATXI<\/p>\n","protected":false},"featured_media":366616,"template":"","meta":{"_acf_changed":false,"om_disable_all_campaigns":false,"rs_blank_template":"","rs_page_bg_color":"","slide_template_v7":"","inline_featured_image":false,"_monsterinsights_skip_tracking":false,"_monsterinsights_sitenote_active":false,"_monsterinsights_sitenote_note":"","_monsterinsights_sitenote_category":0},"product_brand":[],"product_cat":[90,540],"product_tag":[],"class_list":{"0":"post-366615","1":"product","2":"type-product","3":"status-publish","4":"has-post-thumbnail","6":"product_cat-altres","7":"product_cat-otros","9":"first","10":"instock","11":"taxable","12":"shipping-taxable","13":"purchasable","14":"product-type-simple"},"acf":{"editorial":[{"ID":6155,"post_author":"3","post_date":"2022-07-28 17:46:04","post_date_gmt":"2022-07-28 15:46:04","post_content":"","post_title":"Central Catequ\u00edstica Salesiana","post_excerpt":"","post_status":"publish","comment_status":"closed","ping_status":"closed","post_password":"","post_name":"central-catequistica-salesiana","to_ping":"","pinged":"","post_modified":"2022-07-28 17:46:04","post_modified_gmt":"2022-07-28 15:46:04","post_content_filtered":"","post_parent":0,"guid":"http:\/\/dev.claret.cat\/editorial\/central-catequistica-salesiana\/","menu_order":0,"post_type":"editorial","post_mime_type":"","comment_count":"0","filter":"raw"}],"autores-libros":[{"ID":5789,"post_author":"3","post_date":"2022-07-28 17:31:30","post_date_gmt":"2022-07-28 15:31:30","post_content":"","post_title":"MARI PATXI AYERRA","post_excerpt":"","post_status":"publish","comment_status":"closed","ping_status":"closed","post_password":"","post_name":"mari-patxi-ayerra","to_ping":"","pinged":"","post_modified":"2022-07-28 17:31:30","post_modified_gmt":"2022-07-28 15:31:30","post_content_filtered":"","post_parent":0,"guid":"http:\/\/dev.claret.cat\/autor\/mari-patxi-ayerra\/","menu_order":0,"post_type":"autor","post_mime_type":"","comment_count":"0","filter":"raw"}],"autor":"AYERRA, MARI PATXI","codart":"849842163","libros-coleccion":"Crecer","ediciones":"1","encuadernacion":"R\u00fastica","fecha_de_publicacion":"06\/03\/2008","novedad":"0","paginas":"96","subtitulo":"\u00bfCOMO SOBREVIVIR A LA ADOLESCENCIA?","orden":"0","portada":"0","idioma":"spa"},"aioseo_notices":[],"_links":{"self":[{"href":"https:\/\/www.claret.cat\/es\/wp-json\/wp\/v2\/product\/366615","targetHints":{"allow":["GET"]}}],"collection":[{"href":"https:\/\/www.claret.cat\/es\/wp-json\/wp\/v2\/product"}],"about":[{"href":"https:\/\/www.claret.cat\/es\/wp-json\/wp\/v2\/types\/product"}],"wp:featuredmedia":[{"embeddable":true,"href":"https:\/\/www.claret.cat\/es\/wp-json\/wp\/v2\/media\/366616"}],"wp:attachment":[{"href":"https:\/\/www.claret.cat\/es\/wp-json\/wp\/v2\/media?parent=366615"}],"wp:term":[{"taxonomy":"product_brand","embeddable":true,"href":"https:\/\/www.claret.cat\/es\/wp-json\/wp\/v2\/product_brand?post=366615"},{"taxonomy":"product_cat","embeddable":true,"href":"https:\/\/www.claret.cat\/es\/wp-json\/wp\/v2\/product_cat?post=366615"},{"taxonomy":"product_tag","embeddable":true,"href":"https:\/\/www.claret.cat\/es\/wp-json\/wp\/v2\/product_tag?post=366615"}],"curies":[{"name":"wp","href":"https:\/\/api.w.org\/{rel}","templated":true}]}}