{"id":366618,"date":"2023-01-15T18:47:17","date_gmt":"2023-01-15T17:47:17","guid":{"rendered":"https:\/\/www.claret.cat\/llibre\/nelson-mandela-9788498421682\/"},"modified":"2024-05-22T20:01:06","modified_gmt":"2024-05-22T18:01:06","slug":"nelson-mandela-9788498421682","status":"publish","type":"product","link":"https:\/\/www.claret.cat\/es\/libro\/nelson-mandela-9788498421682\/","title":{"rendered":"NELSON MANDELA"},"content":{"rendered":"<p>Nelson Mandela es, con Gandhi y Luther King, uno de los grandes l\u00edderes del siglo XX, que contribuy\u00f3 a la mejora del mundo redamando los derechos humanos para aquellos que arbitrariamente hab\u00edan sido privados de ellos. El congresista estadounidense Charles Rangel dijo de \u00e9l: Este es uno de los seres humanos m\u00e1s grandes que ha caminado por esta tierra.<br \/>Condenado a cadena perpetua, permaneci\u00f3 preso durante 27 a\u00f1os y se convirti\u00f3 en el s\u00edmbolo de la lucha contra el apartheid en Sud\u00e1frica y contra todas las formas de racismo, injusticia y opresi\u00f3n en el mundo.<br \/>Sus firmes convicciones, su sacrificio personal, su estilo dialogante y la capacidad para aunar voluntades y buscar la reconciliaci\u00f3n, hicieron de \u00e9l un l\u00edder respetado y un patriarca querido, primero como luchador perseguido, despu\u00e9s como prisionero y finalmente como presidente de su pa\u00eds democr\u00e1ticamente elegido.<br \/>Nadie como \u00e9l puede ilustramos tanto sobre el coraje, la libertad, la resistencia, la lucha por la justicia, la igualdad, la democracia y los mejores ideals de la humanidad.<\/p>\n","protected":false},"excerpt":{"rendered":"<p>GONZ\u00c1LEZ, ANTONIO<\/p>\n","protected":false},"featured_media":366655,"template":"","meta":{"_acf_changed":false,"om_disable_all_campaigns":false,"rs_blank_template":"","rs_page_bg_color":"","slide_template_v7":"","inline_featured_image":false,"_monsterinsights_skip_tracking":false,"_monsterinsights_sitenote_active":false,"_monsterinsights_sitenote_note":"","_monsterinsights_sitenote_category":0},"product_brand":[],"product_cat":[372,164,291,517,506,264,491,241,437,163],"product_tag":[],"class_list":{"0":"post-366618","1":"product","2":"type-product","3":"status-publish","4":"has-post-thumbnail","6":"product_cat-derechos-humanos","7":"product_cat-drets-humans","8":"product_cat-moral-social-i-politica","9":"product_cat-moral-social-y-politica","10":"product_cat-sociales-y-obrera","11":"product_cat-socials-i-obrera","12":"product_cat-testimonios","13":"product_cat-testimonis","14":"product_cat-valores-y-convivencia","15":"product_cat-valors-i-convivencia","17":"first","18":"instock","19":"taxable","20":"shipping-taxable","21":"purchasable","22":"product-type-simple"},"acf":{"editorial":[{"ID":6155,"post_author":"3","post_date":"2022-07-28 17:46:04","post_date_gmt":"2022-07-28 15:46:04","post_content":"","post_title":"Central Catequ\u00edstica Salesiana","post_excerpt":"","post_status":"publish","comment_status":"closed","ping_status":"closed","post_password":"","post_name":"central-catequistica-salesiana","to_ping":"","pinged":"","post_modified":"2022-07-28 17:46:04","post_modified_gmt":"2022-07-28 15:46:04","post_content_filtered":"","post_parent":0,"guid":"http:\/\/dev.claret.cat\/editorial\/central-catequistica-salesiana\/","menu_order":0,"post_type":"editorial","post_mime_type":"","comment_count":"0","filter":"raw"}],"autores-libros":[{"ID":150923,"post_author":"3","post_date":"2022-10-14 14:36:48","post_date_gmt":"2022-10-14 12:36:48","post_content":"","post_title":"ANTONIO GONZALEZ","post_excerpt":"","post_status":"publish","comment_status":"closed","ping_status":"closed","post_password":"","post_name":"antonio-gonzalez","to_ping":"","pinged":"","post_modified":"2022-10-14 14:36:48","post_modified_gmt":"2022-10-14 12:36:48","post_content_filtered":"","post_parent":0,"guid":"http:\/\/dev.claret.cat\/autor\/antonio-gonzalez\/","menu_order":0,"post_type":"autor","post_mime_type":"","comment_count":"0","filter":"raw"}],"autor":"GONZ\u00c1LEZ, ANTONIO","codart":"849842168","libros-coleccion":"Personajes e ideales","ediciones":"1","encuadernacion":"R\u00fastica","fecha_de_publicacion":"28\/03\/2008","novedad":"0","paginas":"144","subtitulo":"","orden":"999","portada":"0","idioma":"spa"},"aioseo_notices":[],"_links":{"self":[{"href":"https:\/\/www.claret.cat\/es\/wp-json\/wp\/v2\/product\/366618","targetHints":{"allow":["GET"]}}],"collection":[{"href":"https:\/\/www.claret.cat\/es\/wp-json\/wp\/v2\/product"}],"about":[{"href":"https:\/\/www.claret.cat\/es\/wp-json\/wp\/v2\/types\/product"}],"wp:featuredmedia":[{"embeddable":true,"href":"https:\/\/www.claret.cat\/es\/wp-json\/wp\/v2\/media\/366655"}],"wp:attachment":[{"href":"https:\/\/www.claret.cat\/es\/wp-json\/wp\/v2\/media?parent=366618"}],"wp:term":[{"taxonomy":"product_brand","embeddable":true,"href":"https:\/\/www.claret.cat\/es\/wp-json\/wp\/v2\/product_brand?post=366618"},{"taxonomy":"product_cat","embeddable":true,"href":"https:\/\/www.claret.cat\/es\/wp-json\/wp\/v2\/product_cat?post=366618"},{"taxonomy":"product_tag","embeddable":true,"href":"https:\/\/www.claret.cat\/es\/wp-json\/wp\/v2\/product_tag?post=366618"}],"curies":[{"name":"wp","href":"https:\/\/api.w.org\/{rel}","templated":true}]}}