{"id":366623,"date":"2023-01-15T18:50:15","date_gmt":"2023-01-15T17:50:15","guid":{"rendered":"https:\/\/www.claret.cat\/llibre\/poesia-popular-infantil-y-creatividad-9788498421392\/"},"modified":"2024-06-28T13:31:12","modified_gmt":"2024-06-28T11:31:12","slug":"poesia-popular-infantil-y-creatividad-9788498421392","status":"publish","type":"product","link":"https:\/\/www.claret.cat\/es\/libro\/poesia-popular-infantil-y-creatividad-9788498421392\/","title":{"rendered":"POES\u00cdA POPULAR INFANTIL Y CREATIVIDAD"},"content":{"rendered":"<p>Las canciones de corro, de comba, las retah\u00edlas, las canciones de juego, las de echar a suertes, requieren un \u00e1mbito l\u00fadico cada vez m\u00e1s escaso. Ya no es tan habitual ver a los ni\u00f1os jugando al ritmo de estas canciones en parques y plazas. La escuela, el patio del colegio, se pueden convertir, con la colaboraci\u00f3n del maestro, en el \u00faltimo reducto a partir del cual rescatar estas canciones y juegos del olvido. Este extenso repertorio forma parte de nuestro folclore y, si se pierde, estaremos relegando al olvido una parte importante de nuestra cultura.<\/p>\n","protected":false},"excerpt":{"rendered":"<p>HUERTAS G\u00d3MEZ, ROSA<\/p>\n","protected":false},"featured_media":0,"template":"","meta":{"_acf_changed":false,"om_disable_all_campaigns":false,"rs_blank_template":"","rs_page_bg_color":"","slide_template_v7":"","inline_featured_image":false,"_monsterinsights_skip_tracking":false,"_monsterinsights_sitenote_active":false,"_monsterinsights_sitenote_note":"","_monsterinsights_sitenote_category":0},"product_brand":[],"product_cat":[90,540],"product_tag":[],"class_list":{"0":"post-366623","1":"product","2":"type-product","3":"status-publish","5":"product_cat-altres","6":"product_cat-otros","8":"first","9":"outofstock","10":"taxable","11":"shipping-taxable","12":"purchasable","13":"product-type-simple"},"acf":{"editorial":[{"ID":6155,"post_author":"3","post_date":"2022-07-28 17:46:04","post_date_gmt":"2022-07-28 15:46:04","post_content":"","post_title":"Central Catequ\u00edstica Salesiana","post_excerpt":"","post_status":"publish","comment_status":"closed","ping_status":"closed","post_password":"","post_name":"central-catequistica-salesiana","to_ping":"","pinged":"","post_modified":"2022-07-28 17:46:04","post_modified_gmt":"2022-07-28 15:46:04","post_content_filtered":"","post_parent":0,"guid":"http:\/\/dev.claret.cat\/editorial\/central-catequistica-salesiana\/","menu_order":0,"post_type":"editorial","post_mime_type":"","comment_count":"0","filter":"raw"}],"autores-libros":[{"ID":366596,"post_author":"3","post_date":"2023-01-15 18:45:51","post_date_gmt":"2023-01-15 17:45:51","post_content":"","post_title":"ROSA HUERTAS G\u00d3MEZ","post_excerpt":"","post_status":"publish","comment_status":"closed","ping_status":"closed","post_password":"","post_name":"rosa-huertas-gomez","to_ping":"","pinged":"","post_modified":"2023-01-15 18:45:51","post_modified_gmt":"2023-01-15 17:45:51","post_content_filtered":"","post_parent":0,"guid":"https:\/\/www.claret.cat\/autor\/rosa-huertas-gomez\/","menu_order":0,"post_type":"autor","post_mime_type":"","comment_count":"0","filter":"raw"}],"autor":"HUERTAS G\u00d3MEZ, ROSA","codart":"849842139","libros-coleccion":"Materiales para educadores","ediciones":"1","encuadernacion":"R\u00fastica","fecha_de_publicacion":"21\/01\/2008","novedad":"0","paginas":"176","subtitulo":"","orden":"0","portada":"0","idioma":"spa"},"aioseo_notices":[],"_links":{"self":[{"href":"https:\/\/www.claret.cat\/es\/wp-json\/wp\/v2\/product\/366623","targetHints":{"allow":["GET"]}}],"collection":[{"href":"https:\/\/www.claret.cat\/es\/wp-json\/wp\/v2\/product"}],"about":[{"href":"https:\/\/www.claret.cat\/es\/wp-json\/wp\/v2\/types\/product"}],"wp:attachment":[{"href":"https:\/\/www.claret.cat\/es\/wp-json\/wp\/v2\/media?parent=366623"}],"wp:term":[{"taxonomy":"product_brand","embeddable":true,"href":"https:\/\/www.claret.cat\/es\/wp-json\/wp\/v2\/product_brand?post=366623"},{"taxonomy":"product_cat","embeddable":true,"href":"https:\/\/www.claret.cat\/es\/wp-json\/wp\/v2\/product_cat?post=366623"},{"taxonomy":"product_tag","embeddable":true,"href":"https:\/\/www.claret.cat\/es\/wp-json\/wp\/v2\/product_tag?post=366623"}],"curies":[{"name":"wp","href":"https:\/\/api.w.org\/{rel}","templated":true}]}}