{"id":366657,"date":"2023-01-15T18:55:12","date_gmt":"2023-01-15T17:55:12","guid":{"rendered":"https:\/\/www.claret.cat\/llibre\/mahoma-9788498421699\/"},"modified":"2024-05-22T20:01:17","modified_gmt":"2024-05-22T18:01:17","slug":"mahoma-9788498421699","status":"publish","type":"product","link":"https:\/\/www.claret.cat\/es\/libro\/mahoma-9788498421699\/","title":{"rendered":"MAHOMA"},"content":{"rendered":"<p>Mahoma es uno de los personajes que m\u00e1s ha influido en la historia de la humanidad. Revolucion\u00f3 las creencias, la pol\u00edtica, las fronteras y la cultura de su tempo. Dio comienzo a una nueva forma de entender la vida para millones de personas desde el siglo VII hasta ahora.<\/p>\n","protected":false},"excerpt":{"rendered":"<p>GONZ\u00c1LEZ, ANTONIO<\/p>\n","protected":false},"featured_media":0,"template":"","meta":{"_acf_changed":false,"om_disable_all_campaigns":false,"rs_blank_template":"","rs_page_bg_color":"","slide_template_v7":"","inline_featured_image":false,"_monsterinsights_skip_tracking":false,"_monsterinsights_sitenote_active":false,"_monsterinsights_sitenote_note":"","_monsterinsights_sitenote_category":0},"product_brand":[],"product_cat":[491,241,437,163],"product_tag":[],"class_list":{"0":"post-366657","1":"product","2":"type-product","3":"status-publish","5":"product_cat-testimonios","6":"product_cat-testimonis","7":"product_cat-valores-y-convivencia","8":"product_cat-valors-i-convivencia","10":"first","11":"instock","12":"taxable","13":"shipping-taxable","14":"purchasable","15":"product-type-simple"},"acf":{"editorial":[{"ID":6155,"post_author":"3","post_date":"2022-07-28 17:46:04","post_date_gmt":"2022-07-28 15:46:04","post_content":"","post_title":"Central Catequ\u00edstica Salesiana","post_excerpt":"","post_status":"publish","comment_status":"closed","ping_status":"closed","post_password":"","post_name":"central-catequistica-salesiana","to_ping":"","pinged":"","post_modified":"2022-07-28 17:46:04","post_modified_gmt":"2022-07-28 15:46:04","post_content_filtered":"","post_parent":0,"guid":"http:\/\/dev.claret.cat\/editorial\/central-catequistica-salesiana\/","menu_order":0,"post_type":"editorial","post_mime_type":"","comment_count":"0","filter":"raw"}],"autores-libros":[{"ID":150923,"post_author":"3","post_date":"2022-10-14 14:36:48","post_date_gmt":"2022-10-14 12:36:48","post_content":"","post_title":"ANTONIO GONZALEZ","post_excerpt":"","post_status":"publish","comment_status":"closed","ping_status":"closed","post_password":"","post_name":"antonio-gonzalez","to_ping":"","pinged":"","post_modified":"2022-10-14 14:36:48","post_modified_gmt":"2022-10-14 12:36:48","post_content_filtered":"","post_parent":0,"guid":"http:\/\/dev.claret.cat\/autor\/antonio-gonzalez\/","menu_order":0,"post_type":"autor","post_mime_type":"","comment_count":"0","filter":"raw"}],"autor":"GONZ\u00c1LEZ, ANTONIO","codart":"849842169","libros-coleccion":"Personajes e ideales","ediciones":"1","encuadernacion":"R\u00fastica","fecha_de_publicacion":"28\/03\/2008","novedad":"0","paginas":"143","subtitulo":"","orden":"999","portada":"0","idioma":"spa"},"aioseo_notices":[],"_links":{"self":[{"href":"https:\/\/www.claret.cat\/es\/wp-json\/wp\/v2\/product\/366657","targetHints":{"allow":["GET"]}}],"collection":[{"href":"https:\/\/www.claret.cat\/es\/wp-json\/wp\/v2\/product"}],"about":[{"href":"https:\/\/www.claret.cat\/es\/wp-json\/wp\/v2\/types\/product"}],"wp:attachment":[{"href":"https:\/\/www.claret.cat\/es\/wp-json\/wp\/v2\/media?parent=366657"}],"wp:term":[{"taxonomy":"product_brand","embeddable":true,"href":"https:\/\/www.claret.cat\/es\/wp-json\/wp\/v2\/product_brand?post=366657"},{"taxonomy":"product_cat","embeddable":true,"href":"https:\/\/www.claret.cat\/es\/wp-json\/wp\/v2\/product_cat?post=366657"},{"taxonomy":"product_tag","embeddable":true,"href":"https:\/\/www.claret.cat\/es\/wp-json\/wp\/v2\/product_tag?post=366657"}],"curies":[{"name":"wp","href":"https:\/\/api.w.org\/{rel}","templated":true}]}}