{"id":366698,"date":"2023-01-15T19:12:01","date_gmt":"2023-01-15T18:12:01","guid":{"rendered":"https:\/\/www.claret.cat\/llibre\/cine-con-sentido-9788498422504\/"},"modified":"2024-05-22T19:57:32","modified_gmt":"2024-05-22T17:57:32","slug":"cine-con-sentido-9788498422504","status":"publish","type":"product","link":"https:\/\/www.claret.cat\/es\/libro\/cine-con-sentido-9788498422504\/","title":{"rendered":"CINE CON SENTIDO"},"content":{"rendered":"<p>Un acercamiento al cine no como simple entretenimiento o manifestaci\u00f3n art\u00edstica, sino como s\u00edntoma de la realidad e instrumento educativo-pastoral. Se se\u00f1alan propuestas f\u00edlmicas para recuperar el sentido de la vida, la defensa de los derechos humanos y la justicia, para terminar analizando diferentes visiones de Dios y las mejores secuencias sobre Jes\u00fas en el cine actual.<\/p>\n","protected":false},"excerpt":{"rendered":"<p>VILLEGAS, JES\u00daS<\/p>\n","protected":false},"featured_media":366699,"template":"","meta":{"_acf_changed":false,"om_disable_all_campaigns":false,"rs_blank_template":"","rs_page_bg_color":"","slide_template_v7":"","inline_featured_image":false,"_monsterinsights_skip_tracking":false,"_monsterinsights_sitenote_active":false,"_monsterinsights_sitenote_note":"","_monsterinsights_sitenote_category":0},"product_brand":[],"product_cat":[573,140,226,388,189,453,191,454,572,139],"product_tag":[],"class_list":{"0":"post-366698","1":"product","2":"type-product","3":"status-publish","4":"has-post-thumbnail","6":"product_cat-bachillerato","7":"product_cat-batxillerat","8":"product_cat-didactica","9":"product_cat-didactica-catequesis-1_espiritualidad","10":"product_cat-didactica-i-praxi-escolar","11":"product_cat-didactica-y-praxis-escolar","12":"product_cat-educacio-en-valors-pedagogia-2_humanitats","13":"product_cat-educacion-en-valores","14":"product_cat-secundaria-escolar-4_escolar-spa","15":"product_cat-secundaria","17":"first","18":"instock","19":"taxable","20":"shipping-taxable","21":"purchasable","22":"product-type-simple"},"acf":{"editorial":[{"ID":6155,"post_author":"3","post_date":"2022-07-28 17:46:04","post_date_gmt":"2022-07-28 15:46:04","post_content":"","post_title":"Central Catequ\u00edstica Salesiana","post_excerpt":"","post_status":"publish","comment_status":"closed","ping_status":"closed","post_password":"","post_name":"central-catequistica-salesiana","to_ping":"","pinged":"","post_modified":"2022-07-28 17:46:04","post_modified_gmt":"2022-07-28 15:46:04","post_content_filtered":"","post_parent":0,"guid":"http:\/\/dev.claret.cat\/editorial\/central-catequistica-salesiana\/","menu_order":0,"post_type":"editorial","post_mime_type":"","comment_count":"0","filter":"raw"}],"autores-libros":[{"ID":159186,"post_author":"3","post_date":"2022-10-14 15:42:47","post_date_gmt":"2022-10-14 13:42:47","post_content":"","post_title":"JESUS VILLEGAS","post_excerpt":"","post_status":"publish","comment_status":"closed","ping_status":"closed","post_password":"","post_name":"jesus-villegas","to_ping":"","pinged":"","post_modified":"2022-10-14 15:42:47","post_modified_gmt":"2022-10-14 13:42:47","post_content_filtered":"","post_parent":0,"guid":"http:\/\/dev.claret.cat\/autor\/jesus-villegas\/","menu_order":0,"post_type":"autor","post_mime_type":"","comment_count":"0","filter":"raw"}],"autor":"VILLEGAS, JES\u00daS","codart":"849842250","libros-coleccion":"Agentes PJ","ediciones":"1","encuadernacion":"R\u00fastica","fecha_de_publicacion":"16\/01\/2009","novedad":"0","paginas":"270","subtitulo":"UNA LECTURA HUMANO - EVANGELIZADORA DEL CINE","orden":"999","portada":"0","idioma":"spa"},"aioseo_notices":[],"_links":{"self":[{"href":"https:\/\/www.claret.cat\/es\/wp-json\/wp\/v2\/product\/366698","targetHints":{"allow":["GET"]}}],"collection":[{"href":"https:\/\/www.claret.cat\/es\/wp-json\/wp\/v2\/product"}],"about":[{"href":"https:\/\/www.claret.cat\/es\/wp-json\/wp\/v2\/types\/product"}],"wp:featuredmedia":[{"embeddable":true,"href":"https:\/\/www.claret.cat\/es\/wp-json\/wp\/v2\/media\/366699"}],"wp:attachment":[{"href":"https:\/\/www.claret.cat\/es\/wp-json\/wp\/v2\/media?parent=366698"}],"wp:term":[{"taxonomy":"product_brand","embeddable":true,"href":"https:\/\/www.claret.cat\/es\/wp-json\/wp\/v2\/product_brand?post=366698"},{"taxonomy":"product_cat","embeddable":true,"href":"https:\/\/www.claret.cat\/es\/wp-json\/wp\/v2\/product_cat?post=366698"},{"taxonomy":"product_tag","embeddable":true,"href":"https:\/\/www.claret.cat\/es\/wp-json\/wp\/v2\/product_tag?post=366698"}],"curies":[{"name":"wp","href":"https:\/\/api.w.org\/{rel}","templated":true}]}}