{"id":366717,"date":"2023-01-15T19:13:08","date_gmt":"2023-01-15T18:13:08","guid":{"rendered":"https:\/\/www.claret.cat\/llibre\/san-pablo-apostol-de-jesus-9788498422689\/"},"modified":"2025-02-20T11:25:15","modified_gmt":"2025-02-20T10:25:15","slug":"san-pablo-apostol-de-jesus-9788498422689","status":"publish","type":"product","link":"https:\/\/www.claret.cat\/es\/libro\/san-pablo-apostol-de-jesus-9788498422689\/","title":{"rendered":"SAN PABLO AP\u00d3STOL DE JES\u00daS"},"content":{"rendered":"<p>El ap\u00f3stol Pablo, \u201cel m\u00e1s peque\u00f1o de los ap\u00f3stoles\u201d, escuch\u00f3 y sigui\u00f3 a Jesucristo como un disc\u00edpulo generoso y fiel, y es hoy para nosotros un modelo de fidelidad digno de imitaci\u00f3n. \u00c9l mismo dec\u00eda a los hermanos de sus comunidades. \u201cSed imitadores m\u00edos como yo lo soy de Cristo\u201d. De la misma manera que Pablo, hoy estamos llamados a colocar en el centro de nuestra vida a Cristo, el Se\u00f1or, y a anunciar a todos el Evangelio de Jes\u00fas, el don de la salvaci\u00f3n.<\/p>\n","protected":false},"excerpt":{"rendered":"<p>BRAMBILLA, GAETANO<\/p>\n","protected":false},"featured_media":366718,"template":"","meta":{"_acf_changed":false,"om_disable_all_campaigns":false,"rs_blank_template":"","rs_page_bg_color":"","slide_template_v7":"","inline_featured_image":false,"_monsterinsights_skip_tracking":false,"_monsterinsights_sitenote_active":false,"_monsterinsights_sitenote_note":"","_monsterinsights_sitenote_category":0},"product_brand":[],"product_cat":[90,540],"product_tag":[],"class_list":{"0":"post-366717","1":"product","2":"type-product","3":"status-publish","4":"has-post-thumbnail","6":"product_cat-altres","7":"product_cat-otros","9":"first","10":"instock","11":"taxable","12":"shipping-taxable","13":"purchasable","14":"product-type-simple"},"acf":{"editorial":[{"ID":6155,"post_author":"3","post_date":"2022-07-28 17:46:04","post_date_gmt":"2022-07-28 15:46:04","post_content":"","post_title":"Central Catequ\u00edstica Salesiana","post_excerpt":"","post_status":"publish","comment_status":"closed","ping_status":"closed","post_password":"","post_name":"central-catequistica-salesiana","to_ping":"","pinged":"","post_modified":"2022-07-28 17:46:04","post_modified_gmt":"2022-07-28 15:46:04","post_content_filtered":"","post_parent":0,"guid":"http:\/\/dev.claret.cat\/editorial\/central-catequistica-salesiana\/","menu_order":0,"post_type":"editorial","post_mime_type":"","comment_count":"0","filter":"raw"}],"autores-libros":[{"ID":366716,"post_author":"3","post_date":"2023-01-15 19:13:05","post_date_gmt":"2023-01-15 18:13:05","post_content":"","post_title":"GAETANO BRAMBILLA","post_excerpt":"","post_status":"publish","comment_status":"closed","ping_status":"closed","post_password":"","post_name":"gaetano-brambilla","to_ping":"","pinged":"","post_modified":"2023-01-15 19:13:05","post_modified_gmt":"2023-01-15 18:13:05","post_content_filtered":"","post_parent":0,"guid":"https:\/\/www.claret.cat\/autor\/gaetano-brambilla\/","menu_order":0,"post_type":"autor","post_mime_type":"","comment_count":"0","filter":"raw"}],"autor":"BRAMBILLA, GAETANO","codart":"849842268","libros-coleccion":"","ediciones":"1","encuadernacion":"Grapado","fecha_de_publicacion":"05\/12\/2008","novedad":"0","paginas":"0","subtitulo":"","orden":"999","portada":"0","idioma":"spa"},"aioseo_notices":[],"_links":{"self":[{"href":"https:\/\/www.claret.cat\/es\/wp-json\/wp\/v2\/product\/366717","targetHints":{"allow":["GET"]}}],"collection":[{"href":"https:\/\/www.claret.cat\/es\/wp-json\/wp\/v2\/product"}],"about":[{"href":"https:\/\/www.claret.cat\/es\/wp-json\/wp\/v2\/types\/product"}],"wp:featuredmedia":[{"embeddable":true,"href":"https:\/\/www.claret.cat\/es\/wp-json\/wp\/v2\/media\/366718"}],"wp:attachment":[{"href":"https:\/\/www.claret.cat\/es\/wp-json\/wp\/v2\/media?parent=366717"}],"wp:term":[{"taxonomy":"product_brand","embeddable":true,"href":"https:\/\/www.claret.cat\/es\/wp-json\/wp\/v2\/product_brand?post=366717"},{"taxonomy":"product_cat","embeddable":true,"href":"https:\/\/www.claret.cat\/es\/wp-json\/wp\/v2\/product_cat?post=366717"},{"taxonomy":"product_tag","embeddable":true,"href":"https:\/\/www.claret.cat\/es\/wp-json\/wp\/v2\/product_tag?post=366717"}],"curies":[{"name":"wp","href":"https:\/\/api.w.org\/{rel}","templated":true}]}}