{"id":36681,"date":"2022-10-02T18:23:24","date_gmt":"2022-10-02T16:23:24","guid":{"rendered":"http:\/\/dev.claret.cat\/producte\/demostracion-de-la-predicacion-apostolica\/"},"modified":"2024-05-22T22:51:34","modified_gmt":"2024-05-22T20:51:34","slug":"demostracion-de-la-predicacion-apostolica-9788497155106","status":"publish","type":"product","link":"https:\/\/www.claret.cat\/es\/libro\/demostracion-de-la-predicacion-apostolica-9788497155106\/","title":{"rendered":"DEMOSTRACI\u00d3N DE LA PREDICACI\u00d3N APOST\u00d3LICA"},"content":{"rendered":"","protected":false},"excerpt":{"rendered":"<p>IRENEO DE LYON<\/p>\n","protected":false},"featured_media":0,"template":"","meta":{"_acf_changed":false,"om_disable_all_campaigns":false,"rs_blank_template":"","rs_page_bg_color":"","slide_template_v7":"","inline_featured_image":false,"_monsterinsights_skip_tracking":false,"_monsterinsights_sitenote_active":false,"_monsterinsights_sitenote_note":"","_monsterinsights_sitenote_category":0},"product_brand":[],"product_cat":[92,542],"product_tag":[],"class_list":{"0":"post-36681","1":"product","2":"type-product","3":"status-publish","5":"product_cat-vida-religiosa","6":"product_cat-vida-religiosa-1_espiritualidad-spa","8":"first","9":"instock","10":"taxable","11":"shipping-taxable","12":"purchasable","13":"product-type-simple"},"acf":{"autor":"IRENEO DE LYON","codart":"849715510","libros-coleccion":"Fuentes Patr\u00edsticas","ediciones":"1","encuadernacion":"Carton\u00e9","fecha_de_publicacion":"20\/05\/2022","novedad":"0","paginas":"272","subtitulo":"FUENTES PATR\u00cdSTICAS - 2","orden":"999","portada":"0","idioma":"spa","editorial":[{"ID":6157,"post_author":"3","post_date":"2022-07-28 17:46:07","post_date_gmt":"2022-07-28 15:46:07","post_content":"","post_title":"Ciudad Nueva","post_excerpt":"","post_status":"publish","comment_status":"closed","ping_status":"closed","post_password":"","post_name":"ciudad-nueva","to_ping":"","pinged":"","post_modified":"2022-07-28 17:46:07","post_modified_gmt":"2022-07-28 15:46:07","post_content_filtered":"","post_parent":0,"guid":"http:\/\/dev.claret.cat\/editorial\/ciudad-nueva\/","menu_order":0,"post_type":"editorial","post_mime_type":"","comment_count":"0","filter":"raw"}],"autores-libros":[{"ID":158010,"post_author":"3","post_date":"2022-10-14 15:33:26","post_date_gmt":"2022-10-14 13:33:26","post_content":"","post_title":"IRENEO DE LYON","post_excerpt":"","post_status":"publish","comment_status":"closed","ping_status":"closed","post_password":"","post_name":"ireneo-de-lyon","to_ping":"","pinged":"","post_modified":"2022-10-14 15:33:26","post_modified_gmt":"2022-10-14 13:33:26","post_content_filtered":"","post_parent":0,"guid":"http:\/\/dev.claret.cat\/autor\/ireneo-de-lyon\/","menu_order":0,"post_type":"autor","post_mime_type":"","comment_count":"0","filter":"raw"}]},"aioseo_notices":[],"_links":{"self":[{"href":"https:\/\/www.claret.cat\/es\/wp-json\/wp\/v2\/product\/36681","targetHints":{"allow":["GET"]}}],"collection":[{"href":"https:\/\/www.claret.cat\/es\/wp-json\/wp\/v2\/product"}],"about":[{"href":"https:\/\/www.claret.cat\/es\/wp-json\/wp\/v2\/types\/product"}],"wp:attachment":[{"href":"https:\/\/www.claret.cat\/es\/wp-json\/wp\/v2\/media?parent=36681"}],"wp:term":[{"taxonomy":"product_brand","embeddable":true,"href":"https:\/\/www.claret.cat\/es\/wp-json\/wp\/v2\/product_brand?post=36681"},{"taxonomy":"product_cat","embeddable":true,"href":"https:\/\/www.claret.cat\/es\/wp-json\/wp\/v2\/product_cat?post=36681"},{"taxonomy":"product_tag","embeddable":true,"href":"https:\/\/www.claret.cat\/es\/wp-json\/wp\/v2\/product_tag?post=36681"}],"curies":[{"name":"wp","href":"https:\/\/api.w.org\/{rel}","templated":true}]}}