{"id":366818,"date":"2023-01-15T19:28:04","date_gmt":"2023-01-15T18:28:04","guid":{"rendered":"https:\/\/www.claret.cat\/llibre\/con-jesus-en-el-camino-de-la-cruz-poster-28-9788498427035\/"},"modified":"2026-02-25T17:05:26","modified_gmt":"2026-02-25T16:05:26","slug":"con-jesus-en-el-camino-de-la-cruz-poster-28-9788498427035","status":"publish","type":"product","link":"https:\/\/www.claret.cat\/es\/libro\/con-jesus-en-el-camino-de-la-cruz-poster-28-9788498427035\/","title":{"rendered":"CON JES\u00daS EN EL CAMINO DE LA CRUZ (P\u00f2ster 28)"},"content":{"rendered":"<p>El V\u00eda Crucis es una devoci\u00f3n centrada en los Misterios dolorosos de Cristo, que son completados con el gran acontecimiento de la Resurecci\u00f3n. Celebramos siempre la Pasi\u00f3n, Muerte y Resurecci\u00f3n del Se\u00f1or Jes\u00fas.<\/p>\n","protected":false},"excerpt":{"rendered":"<p>GINEL, \u00c1LVARO<\/p>\n","protected":false},"featured_media":1086375,"template":"","meta":{"_acf_changed":false,"om_disable_all_campaigns":false,"rs_blank_template":"","rs_page_bg_color":"","slide_template_v7":"","inline_featured_image":false,"_monsterinsights_skip_tracking":false,"_monsterinsights_sitenote_active":false,"_monsterinsights_sitenote_note":"","_monsterinsights_sitenote_category":0},"product_brand":[],"product_cat":[77,343,352,86,346,80],"product_tag":[],"class_list":{"0":"post-366818","1":"product","2":"type-product","3":"status-publish","4":"has-post-thumbnail","6":"product_cat-catequesi","7":"product_cat-catequesis","8":"product_cat-infantil-3_infantil-juvenil-spa","9":"product_cat-infantil","10":"product_cat-libros-liturgia","11":"product_cat-liturgia","13":"first","14":"outofstock","15":"taxable","16":"shipping-taxable","17":"purchasable","18":"product-type-simple"},"acf":{"editorial":[{"ID":6155,"post_author":"3","post_date":"2022-07-28 17:46:04","post_date_gmt":"2022-07-28 15:46:04","post_content":"","post_title":"Central Catequ\u00edstica Salesiana","post_excerpt":"","post_status":"publish","comment_status":"closed","ping_status":"closed","post_password":"","post_name":"central-catequistica-salesiana","to_ping":"","pinged":"","post_modified":"2022-07-28 17:46:04","post_modified_gmt":"2022-07-28 15:46:04","post_content_filtered":"","post_parent":0,"guid":"http:\/\/dev.claret.cat\/editorial\/central-catequistica-salesiana\/","menu_order":0,"post_type":"editorial","post_mime_type":"","comment_count":"0","filter":"raw"}],"autores-libros":[{"ID":8281,"post_author":"3","post_date":"2022-09-30 09:47:24","post_date_gmt":"2022-09-30 07:47:24","post_content":"","post_title":"\u00c1LVARO GINEL","post_excerpt":"","post_status":"publish","comment_status":"closed","ping_status":"closed","post_password":"","post_name":"alvaro-ginel","to_ping":"","pinged":"","post_modified":"2022-09-30 09:47:24","post_modified_gmt":"2022-09-30 07:47:24","post_content_filtered":"","post_parent":0,"guid":"http:\/\/dev.claret.cat\/autor\/alvaro-ginel\/","menu_order":0,"post_type":"autor","post_mime_type":"","comment_count":"0","filter":"raw"}],"autor":"GINEL, \u00c1LVARO","codart":"849842703","libros-coleccion":"","ediciones":"1","encuadernacion":"Carpeta","fecha_de_publicacion":"17\/01\/2011","novedad":"0","paginas":"14","subtitulo":"","orden":"999","portada":"0","idioma":"spa","booktrailer":"","resenas":""},"aioseo_notices":[],"_links":{"self":[{"href":"https:\/\/www.claret.cat\/es\/wp-json\/wp\/v2\/product\/366818","targetHints":{"allow":["GET"]}}],"collection":[{"href":"https:\/\/www.claret.cat\/es\/wp-json\/wp\/v2\/product"}],"about":[{"href":"https:\/\/www.claret.cat\/es\/wp-json\/wp\/v2\/types\/product"}],"wp:featuredmedia":[{"embeddable":true,"href":"https:\/\/www.claret.cat\/es\/wp-json\/wp\/v2\/media\/1086375"}],"wp:attachment":[{"href":"https:\/\/www.claret.cat\/es\/wp-json\/wp\/v2\/media?parent=366818"}],"wp:term":[{"taxonomy":"product_brand","embeddable":true,"href":"https:\/\/www.claret.cat\/es\/wp-json\/wp\/v2\/product_brand?post=366818"},{"taxonomy":"product_cat","embeddable":true,"href":"https:\/\/www.claret.cat\/es\/wp-json\/wp\/v2\/product_cat?post=366818"},{"taxonomy":"product_tag","embeddable":true,"href":"https:\/\/www.claret.cat\/es\/wp-json\/wp\/v2\/product_tag?post=366818"}],"curies":[{"name":"wp","href":"https:\/\/api.w.org\/{rel}","templated":true}]}}