{"id":366996,"date":"2023-01-15T19:39:01","date_gmt":"2023-01-15T18:39:01","guid":{"rendered":"https:\/\/www.claret.cat\/llibre\/gestos-y-dinamicas-9788498428360\/"},"modified":"2024-06-28T17:16:22","modified_gmt":"2024-06-28T15:16:22","slug":"gestos-y-dinamicas-9788498428360","status":"publish","type":"product","link":"https:\/\/www.claret.cat\/es\/libro\/gestos-y-dinamicas-9788498428360\/","title":{"rendered":"GESTOS Y DIN\u00c1MICAS"},"content":{"rendered":"<p>Se trata de 20 din\u00e1micas para el inicio del curso y el inicio del a\u00f1o lit\u00fargico. Tienen una estructura sencilla y una metodolog\u00eda eminentemente pr\u00e1ctica. Comienza cada una con una s\u00edntesis que ayuda a descubrir lo que se quiere transmitir, descripci\u00f3n de los destinatarios, objetivo que se pretende. Al final se apunta un momento de oraci\u00f3n para pasar por el coraz\u00f3n de Dios todo lo vivido, experimentado y aprendido.<\/p>\n","protected":false},"excerpt":{"rendered":"<p>ESCUDERO, JOS\u00c9 MARIA<\/p>\n","protected":false},"featured_media":972602,"template":"","meta":{"_acf_changed":false,"om_disable_all_campaigns":false,"rs_blank_template":"","rs_page_bg_color":"","slide_template_v7":"","inline_featured_image":false,"_monsterinsights_skip_tracking":false,"_monsterinsights_sitenote_active":false,"_monsterinsights_sitenote_note":"","_monsterinsights_sitenote_category":0},"product_brand":[],"product_cat":[90,540],"product_tag":[],"class_list":{"0":"post-366996","1":"product","2":"type-product","3":"status-publish","4":"has-post-thumbnail","6":"product_cat-altres","7":"product_cat-otros","9":"first","10":"outofstock","11":"taxable","12":"shipping-taxable","13":"purchasable","14":"product-type-simple"},"acf":{"editorial":[{"ID":6155,"post_author":"3","post_date":"2022-07-28 17:46:04","post_date_gmt":"2022-07-28 15:46:04","post_content":"","post_title":"Central Catequ\u00edstica Salesiana","post_excerpt":"","post_status":"publish","comment_status":"closed","ping_status":"closed","post_password":"","post_name":"central-catequistica-salesiana","to_ping":"","pinged":"","post_modified":"2022-07-28 17:46:04","post_modified_gmt":"2022-07-28 15:46:04","post_content_filtered":"","post_parent":0,"guid":"http:\/\/dev.claret.cat\/editorial\/central-catequistica-salesiana\/","menu_order":0,"post_type":"editorial","post_mime_type":"","comment_count":"0","filter":"raw"}],"autores-libros":[{"ID":8363,"post_author":"3","post_date":"2022-09-30 09:48:01","post_date_gmt":"2022-09-30 07:48:01","post_content":"","post_title":"JOS\u00c9 MARIA ESCUDERO","post_excerpt":"","post_status":"publish","comment_status":"closed","ping_status":"closed","post_password":"","post_name":"jose-maria-escudero","to_ping":"","pinged":"","post_modified":"2022-09-30 09:48:01","post_modified_gmt":"2022-09-30 07:48:01","post_content_filtered":"","post_parent":0,"guid":"http:\/\/dev.claret.cat\/autor\/jose-maria-escudero\/","menu_order":0,"post_type":"autor","post_mime_type":"","comment_count":"0","filter":"raw"}],"autor":"ESCUDERO, JOS\u00c9 MARIA","codart":"849842836","libros-coleccion":"","ediciones":"1","encuadernacion":"R\u00fastica","fecha_de_publicacion":"26\/09\/2012","novedad":"0","paginas":"108","subtitulo":"COMIENZO DE CURSO Y NAVIDAD","orden":"999","portada":"0","idioma":"spa"},"aioseo_notices":[],"_links":{"self":[{"href":"https:\/\/www.claret.cat\/es\/wp-json\/wp\/v2\/product\/366996","targetHints":{"allow":["GET"]}}],"collection":[{"href":"https:\/\/www.claret.cat\/es\/wp-json\/wp\/v2\/product"}],"about":[{"href":"https:\/\/www.claret.cat\/es\/wp-json\/wp\/v2\/types\/product"}],"wp:featuredmedia":[{"embeddable":true,"href":"https:\/\/www.claret.cat\/es\/wp-json\/wp\/v2\/media\/972602"}],"wp:attachment":[{"href":"https:\/\/www.claret.cat\/es\/wp-json\/wp\/v2\/media?parent=366996"}],"wp:term":[{"taxonomy":"product_brand","embeddable":true,"href":"https:\/\/www.claret.cat\/es\/wp-json\/wp\/v2\/product_brand?post=366996"},{"taxonomy":"product_cat","embeddable":true,"href":"https:\/\/www.claret.cat\/es\/wp-json\/wp\/v2\/product_cat?post=366996"},{"taxonomy":"product_tag","embeddable":true,"href":"https:\/\/www.claret.cat\/es\/wp-json\/wp\/v2\/product_tag?post=366996"}],"curies":[{"name":"wp","href":"https:\/\/api.w.org\/{rel}","templated":true}]}}