{"id":36703,"date":"2022-10-02T18:23:46","date_gmt":"2022-10-02T16:23:46","guid":{"rendered":"http:\/\/dev.claret.cat\/producte\/cartas-de-la-ardilla-a-la-hormiga\/"},"modified":"2023-10-06T09:17:40","modified_gmt":"2023-10-06T07:17:40","slug":"cartas-de-la-ardilla-a-la-hormiga-9788419172112","status":"publish","type":"product","link":"https:\/\/www.claret.cat\/es\/libro\/cartas-de-la-ardilla-a-la-hormiga-9788419172112\/","title":{"rendered":"CARTAS DE LA ARDILLA A LA HORMIGA"},"content":{"rendered":"<p>Un intercambio de cartas extravagante y tierno imaginado por el genio de Toon Tellegen, y dibujado por Axel Scheffler, ilustrador de El Gr\u00fafalo.<\/p>\n<p> En esta vida pocas cosas hacen m\u00e1s ilusi\u00f3n que recibir la carta de un amigo. Abrirla, leer las primeras palabras, sentir que otro, en alg\u00fan lugar, pens\u00f3 en nosotros\u00a0y decidi\u00f3 enviarnos unas l\u00edneas.<\/p>\n<p> Este libro est\u00e1 lleno de cartas curiosas, tan tiernas como disparatadas. En \u00e9l encontraremos la correspondencia entre una ardilla y su querida amiga, la hormiga. Y una carta escrita al sol. Y una carta escrita en la tripa de\u00a0un elefante. Cartas que surcan los aires y que se cuelan bajo las puertas para llegar a su destino, y hacer felices a quienes las reciben&#8230;<\/p>\n","protected":false},"excerpt":{"rendered":"<p>TELLEGEN, TOON<\/p>\n","protected":false},"featured_media":54123,"template":"","meta":{"_acf_changed":false,"om_disable_all_campaigns":false,"rs_blank_template":"","rs_page_bg_color":"","slide_template_v7":"","inline_featured_image":false,"_monsterinsights_skip_tracking":false,"_monsterinsights_sitenote_active":false,"_monsterinsights_sitenote_note":"","_monsterinsights_sitenote_category":0},"product_brand":[],"product_cat":[362],"product_tag":[],"class_list":{"0":"post-36703","1":"product","2":"type-product","3":"status-publish","4":"has-post-thumbnail","6":"product_cat-libros-preadolescentes-6-12-anos","8":"first","9":"instock","10":"taxable","11":"shipping-taxable","12":"purchasable","13":"product-type-simple"},"acf":{"autor":"TELLEGEN, TOON","codart":"841917211","libros-coleccion":"BLACKIE BOOKS","ediciones":"1","encuadernacion":"Carton\u00e9","fecha_de_publicacion":"01\/05\/2022","novedad":"1","paginas":"88","subtitulo":"","orden":"0","portada":"0","idioma":"spa","editorial":[{"ID":6146,"post_author":"3","post_date":"2022-07-28 17:45:52","post_date_gmt":"2022-07-28 15:45:52","post_content":"","post_title":"Blackie Books","post_excerpt":"","post_status":"publish","comment_status":"closed","ping_status":"closed","post_password":"","post_name":"blackie-books","to_ping":"","pinged":"","post_modified":"2022-07-28 17:45:52","post_modified_gmt":"2022-07-28 15:45:52","post_content_filtered":"","post_parent":0,"guid":"http:\/\/dev.claret.cat\/editorial\/blackie-books\/","menu_order":0,"post_type":"editorial","post_mime_type":"","comment_count":"0","filter":"raw"}],"autores-libros":[{"ID":170587,"post_author":"3","post_date":"2022-10-14 22:36:33","post_date_gmt":"2022-10-14 20:36:33","post_content":"","post_title":"TOON TELLEGEN","post_excerpt":"","post_status":"publish","comment_status":"closed","ping_status":"closed","post_password":"","post_name":"toon-tellegen","to_ping":"","pinged":"","post_modified":"2022-10-14 22:36:33","post_modified_gmt":"2022-10-14 20:36:33","post_content_filtered":"","post_parent":0,"guid":"http:\/\/dev.claret.cat\/autor\/toon-tellegen\/","menu_order":0,"post_type":"autor","post_mime_type":"","comment_count":"0","filter":"raw"}]},"aioseo_notices":[],"_links":{"self":[{"href":"https:\/\/www.claret.cat\/es\/wp-json\/wp\/v2\/product\/36703","targetHints":{"allow":["GET"]}}],"collection":[{"href":"https:\/\/www.claret.cat\/es\/wp-json\/wp\/v2\/product"}],"about":[{"href":"https:\/\/www.claret.cat\/es\/wp-json\/wp\/v2\/types\/product"}],"wp:featuredmedia":[{"embeddable":true,"href":"https:\/\/www.claret.cat\/es\/wp-json\/wp\/v2\/media\/54123"}],"wp:attachment":[{"href":"https:\/\/www.claret.cat\/es\/wp-json\/wp\/v2\/media?parent=36703"}],"wp:term":[{"taxonomy":"product_brand","embeddable":true,"href":"https:\/\/www.claret.cat\/es\/wp-json\/wp\/v2\/product_brand?post=36703"},{"taxonomy":"product_cat","embeddable":true,"href":"https:\/\/www.claret.cat\/es\/wp-json\/wp\/v2\/product_cat?post=36703"},{"taxonomy":"product_tag","embeddable":true,"href":"https:\/\/www.claret.cat\/es\/wp-json\/wp\/v2\/product_tag?post=36703"}],"curies":[{"name":"wp","href":"https:\/\/api.w.org\/{rel}","templated":true}]}}