{"id":367062,"date":"2023-01-15T19:45:51","date_gmt":"2023-01-15T18:45:51","guid":{"rendered":"https:\/\/www.claret.cat\/llibre\/construir-personalidades-solidas-9788498422641\/"},"modified":"2024-05-22T19:55:28","modified_gmt":"2024-05-22T17:55:28","slug":"construir-personalidades-solidas-9788498422641","status":"publish","type":"product","link":"https:\/\/www.claret.cat\/es\/libro\/construir-personalidades-solidas-9788498422641\/","title":{"rendered":"CONSTRUIR PERSONALIDADES S\u00d3LIDAS"},"content":{"rendered":"<p>Educar para un liderazgo de servicio. S\u00f3lo cuando una persona dispone de una personalidad s\u00f3lida es capaz de volcarse en los dem\u00e1s y no estancarse en satisfacer sus propios intereses. Estas p\u00e1ginas son un buen recurso para que los educadores ayuden a sus educandos a conseguir una vida plena basada en valores consistentes. <\/p>\n","protected":false},"excerpt":{"rendered":"<p>CERRO, SEBASTI\u00c1N; MA\u00d1\u00da, JOS\u00c9 MANUEL<\/p>\n","protected":false},"featured_media":0,"template":"","meta":{"_acf_changed":false,"om_disable_all_campaigns":false,"rs_blank_template":"","rs_page_bg_color":"","slide_template_v7":"","inline_featured_image":false,"_monsterinsights_skip_tracking":false,"_monsterinsights_sitenote_active":false,"_monsterinsights_sitenote_note":"","_monsterinsights_sitenote_category":0},"product_brand":[],"product_cat":[90,540],"product_tag":[],"class_list":{"0":"post-367062","1":"product","2":"type-product","3":"status-publish","5":"product_cat-altres","6":"product_cat-otros","8":"first","9":"instock","10":"taxable","11":"shipping-taxable","12":"purchasable","13":"product-type-simple"},"acf":{"editorial":[{"ID":6155,"post_author":"3","post_date":"2022-07-28 17:46:04","post_date_gmt":"2022-07-28 15:46:04","post_content":"","post_title":"Central Catequ\u00edstica Salesiana","post_excerpt":"","post_status":"publish","comment_status":"closed","ping_status":"closed","post_password":"","post_name":"central-catequistica-salesiana","to_ping":"","pinged":"","post_modified":"2022-07-28 17:46:04","post_modified_gmt":"2022-07-28 15:46:04","post_content_filtered":"","post_parent":0,"guid":"http:\/\/dev.claret.cat\/editorial\/central-catequistica-salesiana\/","menu_order":0,"post_type":"editorial","post_mime_type":"","comment_count":"0","filter":"raw"}],"autores-libros":[{"ID":160417,"post_author":"3","post_date":"2022-10-14 15:52:54","post_date_gmt":"2022-10-14 13:52:54","post_content":"","post_title":"JOSE MANUEL MA\u00d1U","post_excerpt":"","post_status":"publish","comment_status":"closed","ping_status":"closed","post_password":"","post_name":"jose-manuel-manu","to_ping":"","pinged":"","post_modified":"2022-10-14 15:52:54","post_modified_gmt":"2022-10-14 13:52:54","post_content_filtered":"","post_parent":0,"guid":"http:\/\/dev.claret.cat\/autor\/jose-manuel-manu\/","menu_order":0,"post_type":"autor","post_mime_type":"","comment_count":"0","filter":"raw"},{"ID":8437,"post_author":"3","post_date":"2022-09-30 09:48:34","post_date_gmt":"2022-09-30 07:48:34","post_content":"","post_title":"SEBASTI\u00c1N CERRO","post_excerpt":"","post_status":"publish","comment_status":"closed","ping_status":"closed","post_password":"","post_name":"sebastian-cerro","to_ping":"","pinged":"","post_modified":"2022-09-30 09:48:34","post_modified_gmt":"2022-09-30 07:48:34","post_content_filtered":"","post_parent":0,"guid":"http:\/\/dev.claret.cat\/autor\/sebastian-cerro\/","menu_order":0,"post_type":"autor","post_mime_type":"","comment_count":"0","filter":"raw"}],"autor":"CERRO, SEBASTI\u00c1N; MA\u00d1\u00da, JOS\u00c9 MANUEL","codart":"849842264","libros-coleccion":"Educar","ediciones":"1","encuadernacion":"R\u00fastica","fecha_de_publicacion":"13\/03\/2009","novedad":"0","paginas":"156","subtitulo":"EDUCAR PARA UN LIDERAZGO DE SERVICIO","orden":"999","portada":"0","idioma":"spa"},"aioseo_notices":[],"_links":{"self":[{"href":"https:\/\/www.claret.cat\/es\/wp-json\/wp\/v2\/product\/367062","targetHints":{"allow":["GET"]}}],"collection":[{"href":"https:\/\/www.claret.cat\/es\/wp-json\/wp\/v2\/product"}],"about":[{"href":"https:\/\/www.claret.cat\/es\/wp-json\/wp\/v2\/types\/product"}],"wp:attachment":[{"href":"https:\/\/www.claret.cat\/es\/wp-json\/wp\/v2\/media?parent=367062"}],"wp:term":[{"taxonomy":"product_brand","embeddable":true,"href":"https:\/\/www.claret.cat\/es\/wp-json\/wp\/v2\/product_brand?post=367062"},{"taxonomy":"product_cat","embeddable":true,"href":"https:\/\/www.claret.cat\/es\/wp-json\/wp\/v2\/product_cat?post=367062"},{"taxonomy":"product_tag","embeddable":true,"href":"https:\/\/www.claret.cat\/es\/wp-json\/wp\/v2\/product_tag?post=367062"}],"curies":[{"name":"wp","href":"https:\/\/api.w.org\/{rel}","templated":true}]}}