{"id":367078,"date":"2023-01-15T19:50:14","date_gmt":"2023-01-15T18:50:14","guid":{"rendered":"https:\/\/www.claret.cat\/llibre\/ambitos-equipamientos-y-recursos-de-intervencion-socioeducativa-9788498427080\/"},"modified":"2024-05-22T19:35:05","modified_gmt":"2024-05-22T17:35:05","slug":"ambitos-equipamientos-y-recursos-de-intervencion-socioeducativa-9788498427080","status":"publish","type":"product","link":"https:\/\/www.claret.cat\/es\/libro\/ambitos-equipamientos-y-recursos-de-intervencion-socioeducativa-9788498427080\/","title":{"rendered":"\u00c1MBITOS, EQUIPAMIENTOS Y RECURSOS DE INTERVENCI\u00d3N SOCIOEDUCATIVA"},"content":{"rendered":"","protected":false},"excerpt":{"rendered":"<p>VENTOSA, V\u00cdCTOR J.<\/p>\n","protected":false},"featured_media":0,"template":"","meta":{"_acf_changed":false,"om_disable_all_campaigns":false,"rs_blank_template":"","rs_page_bg_color":"","slide_template_v7":"","inline_featured_image":false,"_monsterinsights_skip_tracking":false,"_monsterinsights_sitenote_active":false,"_monsterinsights_sitenote_note":"","_monsterinsights_sitenote_category":0},"product_brand":[],"product_cat":[90,540],"product_tag":[],"class_list":{"0":"post-367078","1":"product","2":"type-product","3":"status-publish","5":"product_cat-altres","6":"product_cat-otros","8":"first","9":"instock","10":"taxable","11":"shipping-taxable","12":"purchasable","13":"product-type-simple"},"acf":{"editorial":[{"ID":6155,"post_author":"3","post_date":"2022-07-28 17:46:04","post_date_gmt":"2022-07-28 15:46:04","post_content":"","post_title":"Central Catequ\u00edstica Salesiana","post_excerpt":"","post_status":"publish","comment_status":"closed","ping_status":"closed","post_password":"","post_name":"central-catequistica-salesiana","to_ping":"","pinged":"","post_modified":"2022-07-28 17:46:04","post_modified_gmt":"2022-07-28 15:46:04","post_content_filtered":"","post_parent":0,"guid":"http:\/\/dev.claret.cat\/editorial\/central-catequistica-salesiana\/","menu_order":0,"post_type":"editorial","post_mime_type":"","comment_count":"0","filter":"raw"}],"autores-libros":[{"ID":8451,"post_author":"3","post_date":"2022-09-30 09:48:41","post_date_gmt":"2022-09-30 07:48:41","post_content":"","post_title":"VICTOR J. VENTOSA","post_excerpt":"","post_status":"publish","comment_status":"closed","ping_status":"closed","post_password":"","post_name":"victor-j-ventosa","to_ping":"","pinged":"","post_modified":"2022-09-30 09:48:41","post_modified_gmt":"2022-09-30 07:48:41","post_content_filtered":"","post_parent":0,"guid":"http:\/\/dev.claret.cat\/autor\/victor-j-ventosa\/","menu_order":0,"post_type":"autor","post_mime_type":"","comment_count":"0","filter":"raw"}],"autor":"VENTOSA, V\u00cdCTOR J.","codart":"849842708","libros-coleccion":"","ediciones":"1","encuadernacion":"R\u00fastica","fecha_de_publicacion":"14\/04\/2011","novedad":"0","paginas":"188","subtitulo":"","orden":"999","portada":"0","idioma":"spa"},"aioseo_notices":[],"_links":{"self":[{"href":"https:\/\/www.claret.cat\/es\/wp-json\/wp\/v2\/product\/367078","targetHints":{"allow":["GET"]}}],"collection":[{"href":"https:\/\/www.claret.cat\/es\/wp-json\/wp\/v2\/product"}],"about":[{"href":"https:\/\/www.claret.cat\/es\/wp-json\/wp\/v2\/types\/product"}],"wp:attachment":[{"href":"https:\/\/www.claret.cat\/es\/wp-json\/wp\/v2\/media?parent=367078"}],"wp:term":[{"taxonomy":"product_brand","embeddable":true,"href":"https:\/\/www.claret.cat\/es\/wp-json\/wp\/v2\/product_brand?post=367078"},{"taxonomy":"product_cat","embeddable":true,"href":"https:\/\/www.claret.cat\/es\/wp-json\/wp\/v2\/product_cat?post=367078"},{"taxonomy":"product_tag","embeddable":true,"href":"https:\/\/www.claret.cat\/es\/wp-json\/wp\/v2\/product_tag?post=367078"}],"curies":[{"name":"wp","href":"https:\/\/api.w.org\/{rel}","templated":true}]}}