{"id":367167,"date":"2023-01-15T20:01:30","date_gmt":"2023-01-15T19:01:30","guid":{"rendered":"https:\/\/www.claret.cat\/llibre\/desarrollo-de-la-conducta-prosocial-a-traves-de-la-educacion-emocional-en-adolescentes-9788498429886\/"},"modified":"2024-05-22T19:11:05","modified_gmt":"2024-05-22T17:11:05","slug":"desarrollo-de-la-conducta-prosocial-a-traves-de-la-educacion-emocional-en-adolescentes-9788498429886","status":"publish","type":"product","link":"https:\/\/www.claret.cat\/es\/libro\/desarrollo-de-la-conducta-prosocial-a-traves-de-la-educacion-emocional-en-adolescentes-9788498429886\/","title":{"rendered":"DESARROLLO DE LA CONDUCTA PROSOCIAL A TRAV\u00c9S DE LA EDUCACI\u00d3N EMOCIONAL EN ADOLESCENTES"},"content":{"rendered":"","protected":false},"excerpt":{"rendered":"<p>SALOM; MORENO; BL\u00c1ZQUEZ<\/p>\n","protected":false},"featured_media":0,"template":"","meta":{"_acf_changed":false,"om_disable_all_campaigns":false,"rs_blank_template":"","rs_page_bg_color":"","slide_template_v7":"","inline_featured_image":false,"_monsterinsights_skip_tracking":false,"_monsterinsights_sitenote_active":false,"_monsterinsights_sitenote_note":"","_monsterinsights_sitenote_category":0},"product_brand":[],"product_cat":[90,540],"product_tag":[],"class_list":{"0":"post-367167","1":"product","2":"type-product","3":"status-publish","5":"product_cat-altres","6":"product_cat-otros","8":"first","9":"instock","10":"taxable","11":"shipping-taxable","12":"purchasable","13":"product-type-simple"},"acf":{"editorial":[{"ID":6155,"post_author":"3","post_date":"2022-07-28 17:46:04","post_date_gmt":"2022-07-28 15:46:04","post_content":"","post_title":"Central Catequ\u00edstica Salesiana","post_excerpt":"","post_status":"publish","comment_status":"closed","ping_status":"closed","post_password":"","post_name":"central-catequistica-salesiana","to_ping":"","pinged":"","post_modified":"2022-07-28 17:46:04","post_modified_gmt":"2022-07-28 15:46:04","post_content_filtered":"","post_parent":0,"guid":"http:\/\/dev.claret.cat\/editorial\/central-catequistica-salesiana\/","menu_order":0,"post_type":"editorial","post_mime_type":"","comment_count":"0","filter":"raw"}],"autores-libros":[{"ID":366889,"post_author":"3","post_date":"2023-01-15 19:32:20","post_date_gmt":"2023-01-15 18:32:20","post_content":"","post_title":"BL\u00c1ZQUEZ","post_excerpt":"","post_status":"publish","comment_status":"closed","ping_status":"closed","post_password":"","post_name":"blazquez","to_ping":"","pinged":"","post_modified":"2023-01-15 19:32:20","post_modified_gmt":"2023-01-15 18:32:20","post_content_filtered":"","post_parent":0,"guid":"https:\/\/www.claret.cat\/autor\/blazquez\/","menu_order":0,"post_type":"autor","post_mime_type":"","comment_count":"0","filter":"raw"},{"ID":165460,"post_author":"3","post_date":"2022-10-14 17:55:21","post_date_gmt":"2022-10-14 15:55:21","post_content":"","post_title":"MORENO","post_excerpt":"","post_status":"publish","comment_status":"closed","ping_status":"closed","post_password":"","post_name":"moreno","to_ping":"","pinged":"","post_modified":"2022-10-14 17:55:21","post_modified_gmt":"2022-10-14 15:55:21","post_content_filtered":"","post_parent":0,"guid":"http:\/\/dev.claret.cat\/autor\/moreno\/","menu_order":0,"post_type":"autor","post_mime_type":"","comment_count":"0","filter":"raw"},{"ID":367024,"post_author":"3","post_date":"2023-01-15 19:40:39","post_date_gmt":"2023-01-15 18:40:39","post_content":"","post_title":"SALOM","post_excerpt":"","post_status":"publish","comment_status":"closed","ping_status":"closed","post_password":"","post_name":"salom","to_ping":"","pinged":"","post_modified":"2023-01-15 19:40:39","post_modified_gmt":"2023-01-15 18:40:39","post_content_filtered":"","post_parent":0,"guid":"https:\/\/www.claret.cat\/autor\/salom\/","menu_order":0,"post_type":"autor","post_mime_type":"","comment_count":"0","filter":"raw"}],"autor":"SALOM; MORENO; BL\u00c1ZQUEZ","codart":"849842988","libros-coleccion":"","ediciones":"1","encuadernacion":"R\u00fastica","fecha_de_publicacion":"13\/09\/2012","novedad":"0","paginas":"160","subtitulo":"","orden":"999","portada":"0","idioma":"spa"},"aioseo_notices":[],"_links":{"self":[{"href":"https:\/\/www.claret.cat\/es\/wp-json\/wp\/v2\/product\/367167","targetHints":{"allow":["GET"]}}],"collection":[{"href":"https:\/\/www.claret.cat\/es\/wp-json\/wp\/v2\/product"}],"about":[{"href":"https:\/\/www.claret.cat\/es\/wp-json\/wp\/v2\/types\/product"}],"wp:attachment":[{"href":"https:\/\/www.claret.cat\/es\/wp-json\/wp\/v2\/media?parent=367167"}],"wp:term":[{"taxonomy":"product_brand","embeddable":true,"href":"https:\/\/www.claret.cat\/es\/wp-json\/wp\/v2\/product_brand?post=367167"},{"taxonomy":"product_cat","embeddable":true,"href":"https:\/\/www.claret.cat\/es\/wp-json\/wp\/v2\/product_cat?post=367167"},{"taxonomy":"product_tag","embeddable":true,"href":"https:\/\/www.claret.cat\/es\/wp-json\/wp\/v2\/product_tag?post=367167"}],"curies":[{"name":"wp","href":"https:\/\/api.w.org\/{rel}","templated":true}]}}