{"id":367197,"date":"2023-01-15T20:05:44","date_gmt":"2023-01-15T19:05:44","guid":{"rendered":"https:\/\/www.claret.cat\/llibre\/verdaguer-i-lesglesia-9788498460087\/"},"modified":"2024-07-18T13:31:02","modified_gmt":"2024-07-18T11:31:02","slug":"verdaguer-i-lesglesia-9788498460087","status":"publish","type":"product","link":"https:\/\/www.claret.cat\/es\/libro\/verdaguer-i-lesglesia-9788498460087\/","title":{"rendered":"VERDAGUER I L&#8217;ESGL\u00c9SIA"},"content":{"rendered":"<p>Un llibre pensat no nom\u00e9s per a historiadors i fil\u00f2legs, sin\u00f3 per a tothom qui es vulgui apropar a l\u2019obra d\u2019un dels poetes cabdals de Catalunya.<br \/>S\u2019estructura en tres parts. La primera repassa la biografia de Verdaguer, marcada per l\u2019\u00e8xit literari per\u00f2 tamb\u00e9 per la trag\u00e8dia personal. La segona part parla de la permanent actualitat de l\u2019obra del poeta, i de la seva influ\u00e8ncia en la configuraci\u00f3 de la llengua catalana que avui parlem. La tercera ens mostra Verdaguer com a home d\u2019esgl\u00e9sia.<\/p>\n","protected":false},"excerpt":{"rendered":"<p>CARRERA I P\u00c9RA, JOAN<\/p>\n","protected":false},"featured_media":975578,"template":"","meta":{"_acf_changed":false,"om_disable_all_campaigns":false,"rs_blank_template":"","rs_page_bg_color":"","slide_template_v7":"","inline_featured_image":false,"_monsterinsights_skip_tracking":false,"_monsterinsights_sitenote_active":false,"_monsterinsights_sitenote_note":"","_monsterinsights_sitenote_category":0},"product_brand":[],"product_cat":[511,283,581,126,356,491,241],"product_tag":[],"class_list":{"0":"post-367197","1":"product","2":"type-product","3":"status-publish","4":"has-post-thumbnail","6":"product_cat-eclesiologia-teologia-1_espiritualidad","7":"product_cat-eclesiologia-teologia","8":"product_cat-editorial-claret","9":"product_cat-modernisme","10":"product_cat-modernismo","11":"product_cat-testimonios","12":"product_cat-testimonis","14":"first","15":"instock","16":"taxable","17":"shipping-taxable","18":"purchasable","19":"product-type-simple"},"acf":{"editorial":[{"ID":6158,"post_author":"3","post_date":"2022-07-28 17:46:08","post_date_gmt":"2022-07-28 15:46:08","post_content":"","post_title":"CLARET","post_excerpt":"","post_status":"publish","comment_status":"closed","ping_status":"closed","post_password":"","post_name":"claret","to_ping":"","pinged":"","post_modified":"2022-07-28 17:46:08","post_modified_gmt":"2022-07-28 15:46:08","post_content_filtered":"","post_parent":0,"guid":"http:\/\/dev.claret.cat\/editorial\/claret\/","menu_order":0,"post_type":"editorial","post_mime_type":"","comment_count":"0","filter":"raw"}],"autores-libros":[{"ID":367196,"post_author":"3","post_date":"2023-01-15 20:05:42","post_date_gmt":"2023-01-15 19:05:42","post_content":"","post_title":"JOAN CARRERA I P\u00c9RA","post_excerpt":"","post_status":"publish","comment_status":"closed","ping_status":"closed","post_password":"","post_name":"joan-carrera-i-pera","to_ping":"","pinged":"","post_modified":"2023-01-15 20:05:42","post_modified_gmt":"2023-01-15 19:05:42","post_content_filtered":"","post_parent":0,"guid":"https:\/\/www.claret.cat\/autor\/joan-carrera-i-pera\/","menu_order":0,"post_type":"autor","post_mime_type":"","comment_count":"0","filter":"raw"}],"autor":"CARRERA I P\u00c9RA, JOAN","codart":"849846008","libros-coleccion":"","ediciones":"1","encuadernacion":"R\u00fastica","fecha_de_publicacion":"28\/03\/2007","novedad":"0","paginas":"144","subtitulo":"","orden":"0","portada":"0","idioma":"cat"},"aioseo_notices":[],"_links":{"self":[{"href":"https:\/\/www.claret.cat\/es\/wp-json\/wp\/v2\/product\/367197","targetHints":{"allow":["GET"]}}],"collection":[{"href":"https:\/\/www.claret.cat\/es\/wp-json\/wp\/v2\/product"}],"about":[{"href":"https:\/\/www.claret.cat\/es\/wp-json\/wp\/v2\/types\/product"}],"wp:featuredmedia":[{"embeddable":true,"href":"https:\/\/www.claret.cat\/es\/wp-json\/wp\/v2\/media\/975578"}],"wp:attachment":[{"href":"https:\/\/www.claret.cat\/es\/wp-json\/wp\/v2\/media?parent=367197"}],"wp:term":[{"taxonomy":"product_brand","embeddable":true,"href":"https:\/\/www.claret.cat\/es\/wp-json\/wp\/v2\/product_brand?post=367197"},{"taxonomy":"product_cat","embeddable":true,"href":"https:\/\/www.claret.cat\/es\/wp-json\/wp\/v2\/product_cat?post=367197"},{"taxonomy":"product_tag","embeddable":true,"href":"https:\/\/www.claret.cat\/es\/wp-json\/wp\/v2\/product_tag?post=367197"}],"curies":[{"name":"wp","href":"https:\/\/api.w.org\/{rel}","templated":true}]}}