{"id":367223,"date":"2023-01-15T20:11:13","date_gmt":"2023-01-15T19:11:13","guid":{"rendered":"https:\/\/www.claret.cat\/llibre\/ciencies-de-la-naturalesa-3r-eso-quadern-dactivitats-9788498460308\/"},"modified":"2024-05-22T19:07:34","modified_gmt":"2024-05-22T17:07:34","slug":"ciencies-de-la-naturalesa-3r-eso-quadern-dactivitats-9788498460308","status":"publish","type":"product","link":"https:\/\/www.claret.cat\/es\/libro\/ciencies-de-la-naturalesa-3r-eso-quadern-dactivitats-9788498460308\/","title":{"rendered":"CI\u00c8NCIES DE LA NATURALESA. 3r. ESO &#8211; QUADERN D&#8217;ACTIVITATS"},"content":{"rendered":"","protected":false},"excerpt":{"rendered":"<p>DUR\u00c1N DE GRAU, N\u00daRIA; PAS<\/p>\n","protected":false},"featured_media":367224,"template":"","meta":{"_acf_changed":false,"om_disable_all_campaigns":false,"rs_blank_template":"","rs_page_bg_color":"","slide_template_v7":"","inline_featured_image":false,"_monsterinsights_skip_tracking":false,"_monsterinsights_sitenote_active":false,"_monsterinsights_sitenote_note":"","_monsterinsights_sitenote_category":0},"product_brand":[],"product_cat":[581,572,139],"product_tag":[],"class_list":{"0":"post-367223","1":"product","2":"type-product","3":"status-publish","4":"has-post-thumbnail","6":"product_cat-editorial-claret","7":"product_cat-secundaria-escolar-4_escolar-spa","8":"product_cat-secundaria","10":"first","11":"instock","12":"taxable","13":"shipping-taxable","14":"purchasable","15":"product-type-simple"},"acf":{"editorial":[{"ID":6158,"post_author":"3","post_date":"2022-07-28 17:46:08","post_date_gmt":"2022-07-28 15:46:08","post_content":"","post_title":"CLARET","post_excerpt":"","post_status":"publish","comment_status":"closed","ping_status":"closed","post_password":"","post_name":"claret","to_ping":"","pinged":"","post_modified":"2022-07-28 17:46:08","post_modified_gmt":"2022-07-28 15:46:08","post_content_filtered":"","post_parent":0,"guid":"http:\/\/dev.claret.cat\/editorial\/claret\/","menu_order":0,"post_type":"editorial","post_mime_type":"","comment_count":"0","filter":"raw"}],"autores-libros":[{"ID":319753,"post_author":"3","post_date":"2023-01-02 23:36:19","post_date_gmt":"2023-01-02 22:36:19","post_content":"","post_title":"RAMON PASCUAL I LLUVIA","post_excerpt":"","post_status":"publish","comment_status":"closed","ping_status":"closed","post_password":"","post_name":"ramon-pascual-i-lluvia","to_ping":"","pinged":"","post_modified":"2023-01-02 23:36:19","post_modified_gmt":"2023-01-02 22:36:19","post_content_filtered":"","post_parent":0,"guid":"https:\/\/www.claret.cat\/autor\/ramon-pascual-i-lluvia\/","menu_order":0,"post_type":"autor","post_mime_type":"","comment_count":"0","filter":"raw"},{"ID":166027,"post_author":"3","post_date":"2022-10-14 17:59:50","post_date_gmt":"2022-10-14 15:59:50","post_content":"","post_title":"NURIA DURAN DE GRAU","post_excerpt":"","post_status":"publish","comment_status":"closed","ping_status":"closed","post_password":"","post_name":"nuria-duran-de-grau","to_ping":"","pinged":"","post_modified":"2022-10-14 17:59:50","post_modified_gmt":"2022-10-14 15:59:50","post_content_filtered":"","post_parent":0,"guid":"http:\/\/dev.claret.cat\/autor\/nuria-duran-de-grau\/","menu_order":0,"post_type":"autor","post_mime_type":"","comment_count":"0","filter":"raw"}],"autor":"DUR\u00c1N DE GRAU, N\u00daRIA; PAS","codart":"849846030","libros-coleccion":"CIENCIES NATURALESA E.S.O.","ediciones":"1","encuadernacion":"R\u00fastica","fecha_de_publicacion":"12\/07\/2007","novedad":"0","paginas":"152","subtitulo":"EL COS HUM\u00c0. ELS PROBLEMES MEDIOAMBIENTALS. GEOLOGIA.","orden":"999","portada":"0","idioma":"cat"},"aioseo_notices":[],"_links":{"self":[{"href":"https:\/\/www.claret.cat\/es\/wp-json\/wp\/v2\/product\/367223","targetHints":{"allow":["GET"]}}],"collection":[{"href":"https:\/\/www.claret.cat\/es\/wp-json\/wp\/v2\/product"}],"about":[{"href":"https:\/\/www.claret.cat\/es\/wp-json\/wp\/v2\/types\/product"}],"wp:featuredmedia":[{"embeddable":true,"href":"https:\/\/www.claret.cat\/es\/wp-json\/wp\/v2\/media\/367224"}],"wp:attachment":[{"href":"https:\/\/www.claret.cat\/es\/wp-json\/wp\/v2\/media?parent=367223"}],"wp:term":[{"taxonomy":"product_brand","embeddable":true,"href":"https:\/\/www.claret.cat\/es\/wp-json\/wp\/v2\/product_brand?post=367223"},{"taxonomy":"product_cat","embeddable":true,"href":"https:\/\/www.claret.cat\/es\/wp-json\/wp\/v2\/product_cat?post=367223"},{"taxonomy":"product_tag","embeddable":true,"href":"https:\/\/www.claret.cat\/es\/wp-json\/wp\/v2\/product_tag?post=367223"}],"curies":[{"name":"wp","href":"https:\/\/api.w.org\/{rel}","templated":true}]}}