{"id":367228,"date":"2023-01-15T20:11:35","date_gmt":"2023-01-15T19:11:35","guid":{"rendered":"https:\/\/www.claret.cat\/llibre\/dietrich-bonhoeffer-9788498460438\/"},"modified":"2024-05-22T19:05:31","modified_gmt":"2024-05-22T17:05:31","slug":"dietrich-bonhoeffer-9788498460438","status":"publish","type":"product","link":"https:\/\/www.claret.cat\/es\/libro\/dietrich-bonhoeffer-9788498460438\/","title":{"rendered":"DIETRICH BONHOEFFER"},"content":{"rendered":"<p>\u00c9s indubtable que un segle despr\u00e8s del seu naixement, la personalitat i el pensament teol\u00f2gic de Dietrich Bonhoeffer continuen desvetllant un inter\u00e8s enorme entre cristians i no cristians d\u2019arreu del m\u00f3n. A l\u2019actualitat, hi ha molts aspectes de la seva personalitat que confirmen la qualificaci\u00f3 de \u00abvisionari iquietant\u00bb&#8230;<\/p>\n","protected":false},"excerpt":{"rendered":"<p>DUCH, LLU\u00cdS<\/p>\n","protected":false},"featured_media":367229,"template":"","meta":{"_acf_changed":false,"om_disable_all_campaigns":false,"rs_blank_template":"","rs_page_bg_color":"","slide_template_v7":"","inline_featured_image":false,"_monsterinsights_skip_tracking":false,"_monsterinsights_sitenote_active":false,"_monsterinsights_sitenote_note":"","_monsterinsights_sitenote_category":0},"product_brand":[],"product_cat":[90,581,540],"product_tag":[],"class_list":{"0":"post-367228","1":"product","2":"type-product","3":"status-publish","4":"has-post-thumbnail","6":"product_cat-altres","7":"product_cat-editorial-claret","8":"product_cat-otros","10":"first","11":"instock","12":"taxable","13":"shipping-taxable","14":"purchasable","15":"product-type-simple"},"acf":{"editorial":[{"ID":6158,"post_author":"3","post_date":"2022-07-28 17:46:08","post_date_gmt":"2022-07-28 15:46:08","post_content":"","post_title":"CLARET","post_excerpt":"","post_status":"publish","comment_status":"closed","ping_status":"closed","post_password":"","post_name":"claret","to_ping":"","pinged":"","post_modified":"2022-07-28 17:46:08","post_modified_gmt":"2022-07-28 15:46:08","post_content_filtered":"","post_parent":0,"guid":"http:\/\/dev.claret.cat\/editorial\/claret\/","menu_order":0,"post_type":"editorial","post_mime_type":"","comment_count":"0","filter":"raw"}],"autores-libros":[{"ID":162345,"post_author":"3","post_date":"2022-10-14 17:30:17","post_date_gmt":"2022-10-14 15:30:17","post_content":"","post_title":"LLU\u00cdS DUCH","post_excerpt":"","post_status":"publish","comment_status":"closed","ping_status":"closed","post_password":"","post_name":"lluis-duch","to_ping":"","pinged":"","post_modified":"2022-10-14 17:30:17","post_modified_gmt":"2022-10-14 15:30:17","post_content_filtered":"","post_parent":0,"guid":"http:\/\/dev.claret.cat\/autor\/lluis-duch\/","menu_order":0,"post_type":"autor","post_mime_type":"","comment_count":"0","filter":"raw"}],"autor":"DUCH, LLU\u00cdS","codart":"849846043","libros-coleccion":"FUNDACIO JOAN MARAGALL","ediciones":"1","encuadernacion":"Grapado","fecha_de_publicacion":"12\/07\/2007","novedad":"0","paginas":"32","subtitulo":"UNA APROXIMACI\u00d3","orden":"0","portada":"0","idioma":"cat"},"aioseo_notices":[],"_links":{"self":[{"href":"https:\/\/www.claret.cat\/es\/wp-json\/wp\/v2\/product\/367228","targetHints":{"allow":["GET"]}}],"collection":[{"href":"https:\/\/www.claret.cat\/es\/wp-json\/wp\/v2\/product"}],"about":[{"href":"https:\/\/www.claret.cat\/es\/wp-json\/wp\/v2\/types\/product"}],"wp:featuredmedia":[{"embeddable":true,"href":"https:\/\/www.claret.cat\/es\/wp-json\/wp\/v2\/media\/367229"}],"wp:attachment":[{"href":"https:\/\/www.claret.cat\/es\/wp-json\/wp\/v2\/media?parent=367228"}],"wp:term":[{"taxonomy":"product_brand","embeddable":true,"href":"https:\/\/www.claret.cat\/es\/wp-json\/wp\/v2\/product_brand?post=367228"},{"taxonomy":"product_cat","embeddable":true,"href":"https:\/\/www.claret.cat\/es\/wp-json\/wp\/v2\/product_cat?post=367228"},{"taxonomy":"product_tag","embeddable":true,"href":"https:\/\/www.claret.cat\/es\/wp-json\/wp\/v2\/product_tag?post=367228"}],"curies":[{"name":"wp","href":"https:\/\/api.w.org\/{rel}","templated":true}]}}