{"id":367246,"date":"2023-01-15T20:15:32","date_gmt":"2023-01-15T19:15:32","guid":{"rendered":"https:\/\/www.claret.cat\/llibre\/briznas-de-esperanza-9788498460513\/"},"modified":"2024-05-22T19:06:34","modified_gmt":"2024-05-22T17:06:34","slug":"briznas-de-esperanza-9788498460513","status":"publish","type":"product","link":"https:\/\/www.claret.cat\/es\/libro\/briznas-de-esperanza-9788498460513\/","title":{"rendered":"BRIZNAS DE ESPERANZA"},"content":{"rendered":"<p>Briznas de esperanza es un libro de espiritualidad que destaca por su originalidad. Es la simplicidad y la riqueza de la vida de cada d\u00eda hecha contemplaci\u00f3n y plegaria en un encuentro cordial con Jes\u00fas.<br \/>Es un libro al alcance de todo el mundo porque, a pesar de su solidez, no es un trabajo de grandes elucubraciones ni discursos: lo m\u00e1s sencillo de la vida diaria es puesto al servicio de toda persona que sienta inter\u00e9s por la vida interior, la ecolog\u00eda y la armon\u00eda entre el hombre y la naturaleza.<br \/>Es un libro para ser le\u00eddo sin prisas, dej\u00e1ndose llevar a la plegaria. Como dice la autora: \u00abnuestra vida y la oraci\u00f3n las hemos de ir escribiendo a cada nuevo amanecer hasta que nos despertemos en los brazos de la Luz sin puesta\u00bb.<\/p>\n","protected":false},"excerpt":{"rendered":"<p>BOSCH PONS, GADI<\/p>\n","protected":false},"featured_media":367247,"template":"","meta":{"_acf_changed":false,"om_disable_all_campaigns":false,"rs_blank_template":"","rs_page_bg_color":"","slide_template_v7":"","inline_featured_image":false,"_monsterinsights_skip_tracking":false,"_monsterinsights_sitenote_active":false,"_monsterinsights_sitenote_note":"","_monsterinsights_sitenote_category":0},"product_brand":[],"product_cat":[581,418,284,497,248,396,247,394,236],"product_tag":[],"class_list":{"0":"post-367246","1":"product","2":"type-product","3":"status-publish","4":"has-post-thumbnail","6":"product_cat-editorial-claret","7":"product_cat-espiritual-teologia-1_espiritualidad","8":"product_cat-espiritual","9":"product_cat-meditaciones","10":"product_cat-meditacions","11":"product_cat-oracion","12":"product_cat-pregaria","13":"product_cat-vida-cotidiana","14":"product_cat-vida-quotidiana","16":"first","17":"instock","18":"taxable","19":"shipping-taxable","20":"purchasable","21":"product-type-simple"},"acf":{"editorial":[{"ID":6158,"post_author":"3","post_date":"2022-07-28 17:46:08","post_date_gmt":"2022-07-28 15:46:08","post_content":"","post_title":"CLARET","post_excerpt":"","post_status":"publish","comment_status":"closed","ping_status":"closed","post_password":"","post_name":"claret","to_ping":"","pinged":"","post_modified":"2022-07-28 17:46:08","post_modified_gmt":"2022-07-28 15:46:08","post_content_filtered":"","post_parent":0,"guid":"http:\/\/dev.claret.cat\/editorial\/claret\/","menu_order":0,"post_type":"editorial","post_mime_type":"","comment_count":"0","filter":"raw"}],"autores-libros":[{"ID":323163,"post_author":"3","post_date":"2023-01-03 05:24:41","post_date_gmt":"2023-01-03 04:24:41","post_content":"<div class=\"bio\">\r\n<div class=\"col-full\">\r\n<div class=\"datos\">\r\n\r\n<span class=\"fontstyle0\">Gadi Bosch Pons, nascuda a Ciutadella el 1959. El 1980 entr\u00e0 a la comunitat de<strong> germanes clarisses<\/strong> del monestir de Santa Clara de Ciutadella. Junt amb les germanes ha acompanyat molts grups de preg\u00e0ria, i tots els dies, v\u00e0ries vegades al llarg de la jornada, ha tingut a les mans l\u2019amable <strong>llibre dels Salms<\/strong> en l\u2019oraci\u00f3 de la fraternitat contemplativa. <\/span>\r\n\r\n<span class=\"fontstyle0\">Des del juliol del 2023, Gadi Bosch viu un temps de discerniment fora del monestir, estimant i lloant D\u00e9u en la senzillesa de la vida quotidiana. Ha publicat <\/span><span class=\"fontstyle2\"><a href=\"https:\/\/www.editorialclaret.cat\/producte\/brins-desperanca-8498460506\/?c\"><strong><em>Brins d\u2019esperan\u00e7a<\/em> <\/strong><\/a>(2007)<\/span><span class=\"fontstyle0\">,<em><strong>\u00a0<\/strong><\/em><\/span><span class=\"fontstyle2\"><a href=\"https:\/\/www.claret.cat\/llibre\/em-dic-clara-dassis-9788498832389\/?c=\"><em><strong>E<\/strong><\/em><em><strong>m dic Clara d\u2019Ass\u00eds <\/strong><\/em><\/a>(<\/span><span class=\"fontstyle0\">2010), <\/span><span class=\"fontstyle2\"><a href=\"https:\/\/www.claret.cat\/llibre\/abecedari-sobre-la-pregaria-9788498462104\/?c=\"><em><strong>Abecedari de la preg\u00e0ria<\/strong><\/em><\/a> (<\/span><span class=\"fontstyle0\">2011), <\/span><span class=\"fontstyle2\"><em><strong>Comentaris Paraula i vida<\/strong><\/em> (<\/span><span class=\"fontstyle0\">2012) i <em><strong>Brins de salms.<\/strong><\/em><\/span>\r\n\r\n<\/div>\r\n<\/div>\r\n<\/div>\r\n<div class=\"libros\">\r\n<div class=\"col-full\"><\/div>\r\n<\/div>","post_title":"GADI BOSCH PONS","post_excerpt":"","post_status":"publish","comment_status":"closed","ping_status":"closed","post_password":"","post_name":"gadi-bosch-pons","to_ping":"","pinged":"","post_modified":"2024-07-09 13:03:16","post_modified_gmt":"2024-07-09 11:03:16","post_content_filtered":"","post_parent":0,"guid":"https:\/\/www.claret.cat\/autor\/gadi-bosch-pons\/","menu_order":0,"post_type":"autor","post_mime_type":"","comment_count":"0","filter":"raw"}],"autor":"BOSCH PONS, GADI","codart":"849846051","libros-coleccion":"Sabidur\u00edas Minor","ediciones":"1","encuadernacion":"R\u00fastica","fecha_de_publicacion":"19\/07\/2007","novedad":"0","paginas":"126","subtitulo":"","orden":"999","portada":"0","idioma":"spa"},"aioseo_notices":[],"_links":{"self":[{"href":"https:\/\/www.claret.cat\/es\/wp-json\/wp\/v2\/product\/367246","targetHints":{"allow":["GET"]}}],"collection":[{"href":"https:\/\/www.claret.cat\/es\/wp-json\/wp\/v2\/product"}],"about":[{"href":"https:\/\/www.claret.cat\/es\/wp-json\/wp\/v2\/types\/product"}],"wp:featuredmedia":[{"embeddable":true,"href":"https:\/\/www.claret.cat\/es\/wp-json\/wp\/v2\/media\/367247"}],"wp:attachment":[{"href":"https:\/\/www.claret.cat\/es\/wp-json\/wp\/v2\/media?parent=367246"}],"wp:term":[{"taxonomy":"product_brand","embeddable":true,"href":"https:\/\/www.claret.cat\/es\/wp-json\/wp\/v2\/product_brand?post=367246"},{"taxonomy":"product_cat","embeddable":true,"href":"https:\/\/www.claret.cat\/es\/wp-json\/wp\/v2\/product_cat?post=367246"},{"taxonomy":"product_tag","embeddable":true,"href":"https:\/\/www.claret.cat\/es\/wp-json\/wp\/v2\/product_tag?post=367246"}],"curies":[{"name":"wp","href":"https:\/\/api.w.org\/{rel}","templated":true}]}}