{"id":367342,"date":"2023-01-15T20:35:40","date_gmt":"2023-01-15T19:35:40","guid":{"rendered":"https:\/\/www.claret.cat\/llibre\/el-doctor-submari-9788498461343\/"},"modified":"2024-05-22T18:59:40","modified_gmt":"2024-05-22T16:59:40","slug":"el-doctor-submari-9788498461343","status":"publish","type":"product","link":"https:\/\/www.claret.cat\/es\/libro\/el-doctor-submari-9788498461343\/","title":{"rendered":"EL DOCTOR SUBMAR\u00cd"},"content":{"rendered":"<p>Acompanyant el doctor Blub a trav\u00e9s de les divertides il\u00b7lustracions d\u2019aquest llibre, els m\u00e9s petits aprendran el valor de l\u2019amistat.<br \/>En Blub no \u00e9s pas un metge qualsevol. La seva consulta \u00e9s a bord d\u2019un sofisticat submar\u00ed dotat amb els aven\u00e7os m\u00e8dics m\u00e9s originals i sorprenents. I els seus pacients s\u00f3n criatures marines de totes les mides i formes. Quan, un dia, el doctor t\u00e9 problemes, els seus amics del fons del mar de seguida s\u2019uneixen per ajudar-lo.<\/p>\n","protected":false},"excerpt":{"rendered":"<p>TIMMERS, LEO<\/p>\n","protected":false},"featured_media":367343,"template":"","meta":{"_acf_changed":false,"om_disable_all_campaigns":false,"rs_blank_template":"","rs_page_bg_color":"","slide_template_v7":"","inline_featured_image":false,"_monsterinsights_skip_tracking":false,"_monsterinsights_sitenote_active":false,"_monsterinsights_sitenote_note":"","_monsterinsights_sitenote_category":0},"product_brand":[],"product_cat":[131,364,134,361,581,143,576,135,365],"product_tag":[],"class_list":{"0":"post-367342","1":"product","2":"type-product","3":"status-publish","4":"has-post-thumbnail","6":"product_cat-contes-per-infants-0-6-anys","7":"product_cat-comics-infantil-3_infantil-juvenil-spa","8":"product_cat-comics","9":"product_cat-cuentos-para-ninos-0-6-anos","10":"product_cat-editorial-claret","11":"product_cat-educacio-en-valors","12":"product_cat-educacion-en-valores-escolar-4_escolar-spa","13":"product_cat-entreteniment","14":"product_cat-entretenimientos","16":"first","17":"outofstock","18":"taxable","19":"shipping-taxable","20":"purchasable","21":"product-type-simple"},"acf":{"editorial":[{"ID":6158,"post_author":"3","post_date":"2022-07-28 17:46:08","post_date_gmt":"2022-07-28 15:46:08","post_content":"","post_title":"CLARET","post_excerpt":"","post_status":"publish","comment_status":"closed","ping_status":"closed","post_password":"","post_name":"claret","to_ping":"","pinged":"","post_modified":"2022-07-28 17:46:08","post_modified_gmt":"2022-07-28 15:46:08","post_content_filtered":"","post_parent":0,"guid":"http:\/\/dev.claret.cat\/editorial\/claret\/","menu_order":0,"post_type":"editorial","post_mime_type":"","comment_count":"0","filter":"raw"}],"autores-libros":[{"ID":8379,"post_author":"3","post_date":"2022-09-30 09:48:08","post_date_gmt":"2022-09-30 07:48:08","post_content":"","post_title":"LEO TIMMERS","post_excerpt":"","post_status":"publish","comment_status":"closed","ping_status":"closed","post_password":"","post_name":"leo-timmers","to_ping":"","pinged":"","post_modified":"2022-09-30 09:48:08","post_modified_gmt":"2022-09-30 07:48:08","post_content_filtered":"","post_parent":0,"guid":"http:\/\/dev.claret.cat\/autor\/leo-timmers\/","menu_order":0,"post_type":"autor","post_mime_type":"","comment_count":"0","filter":"raw"}],"autor":"TIMMERS, LEO","codart":"849846134","libros-coleccion":"","ediciones":"1","encuadernacion":"Carton\u00e9","fecha_de_publicacion":"31\/03\/2008","novedad":"0","paginas":"32","subtitulo":"","orden":"999","portada":"0","idioma":"cat"},"aioseo_notices":[],"_links":{"self":[{"href":"https:\/\/www.claret.cat\/es\/wp-json\/wp\/v2\/product\/367342","targetHints":{"allow":["GET"]}}],"collection":[{"href":"https:\/\/www.claret.cat\/es\/wp-json\/wp\/v2\/product"}],"about":[{"href":"https:\/\/www.claret.cat\/es\/wp-json\/wp\/v2\/types\/product"}],"wp:featuredmedia":[{"embeddable":true,"href":"https:\/\/www.claret.cat\/es\/wp-json\/wp\/v2\/media\/367343"}],"wp:attachment":[{"href":"https:\/\/www.claret.cat\/es\/wp-json\/wp\/v2\/media?parent=367342"}],"wp:term":[{"taxonomy":"product_brand","embeddable":true,"href":"https:\/\/www.claret.cat\/es\/wp-json\/wp\/v2\/product_brand?post=367342"},{"taxonomy":"product_cat","embeddable":true,"href":"https:\/\/www.claret.cat\/es\/wp-json\/wp\/v2\/product_cat?post=367342"},{"taxonomy":"product_tag","embeddable":true,"href":"https:\/\/www.claret.cat\/es\/wp-json\/wp\/v2\/product_tag?post=367342"}],"curies":[{"name":"wp","href":"https:\/\/api.w.org\/{rel}","templated":true}]}}