{"id":367368,"date":"2023-01-15T20:40:39","date_gmt":"2023-01-15T19:40:39","guid":{"rendered":"https:\/\/www.claret.cat\/llibre\/prente-temps-vii-9788498461459\/"},"modified":"2025-02-13T17:51:07","modified_gmt":"2025-02-13T16:51:07","slug":"prente-temps-vii-9788498461459","status":"publish","type":"product","link":"https:\/\/www.claret.cat\/es\/libro\/prente-temps-vii-9788498461459\/","title":{"rendered":"PREN-TE TEMPS VII"},"content":{"rendered":"<p>\u00abEvangelitzar no sempre \u00e9s f\u00e0cil. \u00c9s per aquest motiu que hem volgut fer tot un recull de din\u00e0miques i celebracions per a viure i cr\u00e9ixer en la fe amb monitors, infants i joves.<br \/>Esperem que aquest material us sigui d\u2019ajut en la vostra tasca di\u00e0ria per a transmetre i viure la fe en el Crist.\u00bb<\/p>\n","protected":false},"excerpt":{"rendered":"<p>FUNDACI\u00d3 PERE TARR\u00c9S<\/p>\n","protected":false},"featured_media":367369,"template":"","meta":{"_acf_changed":false,"om_disable_all_campaigns":false,"rs_blank_template":"","rs_page_bg_color":"","slide_template_v7":"","inline_featured_image":false,"_monsterinsights_skip_tracking":false,"_monsterinsights_sitenote_active":false,"_monsterinsights_sitenote_note":"","_monsterinsights_sitenote_category":0},"product_brand":[],"product_cat":[90,581,540],"product_tag":[],"class_list":{"0":"post-367368","1":"product","2":"type-product","3":"status-publish","4":"has-post-thumbnail","6":"product_cat-altres","7":"product_cat-editorial-claret","8":"product_cat-otros","10":"first","11":"instock","12":"taxable","13":"shipping-taxable","14":"purchasable","15":"product-type-simple"},"acf":{"editorial":[{"ID":6158,"post_author":"3","post_date":"2022-07-28 17:46:08","post_date_gmt":"2022-07-28 15:46:08","post_content":"","post_title":"CLARET","post_excerpt":"","post_status":"publish","comment_status":"closed","ping_status":"closed","post_password":"","post_name":"claret","to_ping":"","pinged":"","post_modified":"2022-07-28 17:46:08","post_modified_gmt":"2022-07-28 15:46:08","post_content_filtered":"","post_parent":0,"guid":"http:\/\/dev.claret.cat\/editorial\/claret\/","menu_order":0,"post_type":"editorial","post_mime_type":"","comment_count":"0","filter":"raw"}],"autores-libros":[{"ID":5500,"post_author":"3","post_date":"2022-07-28 17:25:19","post_date_gmt":"2022-07-28 15:25:19","post_content":"<span class=\"fontstyle0\">La Fundaci\u00f3 Pere Tarr\u00e9s, amb 60 anys d\u2019exist\u00e8ncia, \u00e9s una organitzaci\u00f3 no lucrativa educativa i d\u2019acci\u00f3 social que va n\u00e9ixer amb la finalitat de promoure l\u2019educaci\u00f3 en el lleure d\u2019infants i joves.<\/span>\r\n\r\n<span class=\"fontstyle0\">Dedicada a la promoci\u00f3 de l\u2019educaci\u00f3 en el temps lliure, el voluntariat, la millora de la intervenci\u00f3 social i l\u2019enfortiment del teixit associatiu, amb el temps la seva acci\u00f3 s\u2019ha ampliat a altres \u00e0mbits de l\u2019acci\u00f3 social com ara la formaci\u00f3, la recerca i la gesti\u00f3.<\/span>","post_title":"FUNDACI\u00d3 PERE TARR\u00c9S","post_excerpt":"","post_status":"publish","comment_status":"closed","ping_status":"closed","post_password":"","post_name":"fundacio-pere-tarres","to_ping":"","pinged":"","post_modified":"2024-02-05 11:51:01","post_modified_gmt":"2024-02-05 10:51:01","post_content_filtered":"","post_parent":0,"guid":"http:\/\/dev.claret.cat\/autor\/fundacio-pere-tarres\/","menu_order":0,"post_type":"autor","post_mime_type":"","comment_count":"0","filter":"raw"}],"autor":"FUNDACI\u00d3 PERE TARR\u00c9S","codart":"849846145","libros-coleccion":"","ediciones":"0","encuadernacion":"R\u00fastica","fecha_de_publicacion":"26\/02\/2008","novedad":"0","paginas":"144","subtitulo":"PREG\u00c0RIES I MATERIALS PER A LA REFLEXI\u00d3. PASQUA: COMPROM\u00cdS","orden":"999","portada":"0","idioma":"cat","booktrailer":"","linkebook":"","ficha":"849846145_1689073579.pdf","muestra":"","precioebook":"0","presentacion":"","resenas":""},"aioseo_notices":[],"_links":{"self":[{"href":"https:\/\/www.claret.cat\/es\/wp-json\/wp\/v2\/product\/367368","targetHints":{"allow":["GET"]}}],"collection":[{"href":"https:\/\/www.claret.cat\/es\/wp-json\/wp\/v2\/product"}],"about":[{"href":"https:\/\/www.claret.cat\/es\/wp-json\/wp\/v2\/types\/product"}],"wp:featuredmedia":[{"embeddable":true,"href":"https:\/\/www.claret.cat\/es\/wp-json\/wp\/v2\/media\/367369"}],"wp:attachment":[{"href":"https:\/\/www.claret.cat\/es\/wp-json\/wp\/v2\/media?parent=367368"}],"wp:term":[{"taxonomy":"product_brand","embeddable":true,"href":"https:\/\/www.claret.cat\/es\/wp-json\/wp\/v2\/product_brand?post=367368"},{"taxonomy":"product_cat","embeddable":true,"href":"https:\/\/www.claret.cat\/es\/wp-json\/wp\/v2\/product_cat?post=367368"},{"taxonomy":"product_tag","embeddable":true,"href":"https:\/\/www.claret.cat\/es\/wp-json\/wp\/v2\/product_tag?post=367368"}],"curies":[{"name":"wp","href":"https:\/\/api.w.org\/{rel}","templated":true}]}}