{"id":367380,"date":"2023-01-15T20:41:28","date_gmt":"2023-01-15T19:41:28","guid":{"rendered":"https:\/\/www.claret.cat\/llibre\/el-tejedor-de-dios-9788498461497\/"},"modified":"2025-02-10T10:51:09","modified_gmt":"2025-02-10T09:51:09","slug":"el-tejedor-de-dios-9788498461497","status":"publish","type":"product","link":"https:\/\/www.claret.cat\/es\/libro\/el-tejedor-de-dios-9788498461497\/","title":{"rendered":"EL TEJEDOR DE DIOS"},"content":{"rendered":"<p>Inicios del siglo XIX. El joven Antonio, contra la voluntad de su padre, abandona sus estudios para convertirse en sacerdote.<br \/>Este es el punto de partida de esta novela hist\u00f3rica que, siguiendo la biograf\u00eda de san Antonio Mar\u00eda Claret, nos conducir\u00e1 desde el pueblo de Sallent, en la Catalu\u00f1a central, hasta la corte de Madrid.<br \/>Misionero itinerante en Catalu\u00f1a y en las Canarias, obispo de Santiago de Cuba, confesor de la reina Isabel II, exiliado en Francia, impulsor del concilio Vaticano I&#8230; la apasionante vida de Claret constituye una historia \u00fanica que nos lleva a lo largo del convulso siglo XIX espa\u00f1ol.<br \/>Poderosos enemigos y m\u00faltiples intrigas pondr\u00e1n en peligro continuamente su vida y su misi\u00f3n.<\/p>\n","protected":false},"excerpt":{"rendered":"<p>SILKE PORATH<\/p>\n","protected":false},"featured_media":1004265,"template":"","meta":{"_acf_changed":false,"om_disable_all_campaigns":false,"rs_blank_template":"","rs_page_bg_color":"","slide_template_v7":"","inline_featured_image":false,"_monsterinsights_skip_tracking":false,"_monsterinsights_sitenote_active":false,"_monsterinsights_sitenote_note":"","_monsterinsights_sitenote_category":0},"product_brand":[],"product_cat":[549,99,301,422,581,345,79,92,542],"product_tag":[],"class_list":{"0":"post-367380","1":"product","2":"type-product","3":"status-publish","4":"has-post-thumbnail","6":"product_cat-biografias","7":"product_cat-biografies","8":"product_cat-claretiana","9":"product_cat-claretiana-espiritualidad-1_espiritualidad","10":"product_cat-editorial-claret","11":"product_cat-espiritualidad","12":"product_cat-espiritualitat","13":"product_cat-vida-religiosa","14":"product_cat-vida-religiosa-1_espiritualidad-spa","16":"first","17":"outofstock","18":"taxable","19":"shipping-taxable","20":"purchasable","21":"product-type-simple"},"acf":{"editorial":[{"ID":6158,"post_author":"3","post_date":"2022-07-28 17:46:08","post_date_gmt":"2022-07-28 15:46:08","post_content":"","post_title":"CLARET","post_excerpt":"","post_status":"publish","comment_status":"closed","ping_status":"closed","post_password":"","post_name":"claret","to_ping":"","pinged":"","post_modified":"2022-07-28 17:46:08","post_modified_gmt":"2022-07-28 15:46:08","post_content_filtered":"","post_parent":0,"guid":"http:\/\/dev.claret.cat\/editorial\/claret\/","menu_order":0,"post_type":"editorial","post_mime_type":"","comment_count":"0","filter":"raw"}],"autores-libros":[{"ID":367379,"post_author":"3","post_date":"2023-01-15 20:41:24","post_date_gmt":"2023-01-15 19:41:24","post_content":"","post_title":"SILKE PORATH","post_excerpt":"","post_status":"publish","comment_status":"closed","ping_status":"closed","post_password":"","post_name":"silke-porath","to_ping":"","pinged":"","post_modified":"2023-01-15 20:41:24","post_modified_gmt":"2023-01-15 19:41:24","post_content_filtered":"","post_parent":0,"guid":"https:\/\/www.claret.cat\/autor\/silke-porath\/","menu_order":0,"post_type":"autor","post_mime_type":"","comment_count":"0","filter":"raw"}],"autor":"SILKE PORATH","codart":"849846149","libros-coleccion":"","ediciones":"1","encuadernacion":"R\u00fastica","fecha_de_publicacion":"19\/02\/2008","novedad":"0","paginas":"408","subtitulo":"NOVELA HIST\u00d3RICA SOBRE LA  VIDA DE SANT ANTONIO MAR\u00cdA CLARET","orden":"999","portada":"0","idioma":"spa","booktrailer":"","linkebook":"","ficha":"849846149_1688650471.pdf","muestra":"","precioebook":"0","presentacion":"","resenas":""},"aioseo_notices":[],"_links":{"self":[{"href":"https:\/\/www.claret.cat\/es\/wp-json\/wp\/v2\/product\/367380","targetHints":{"allow":["GET"]}}],"collection":[{"href":"https:\/\/www.claret.cat\/es\/wp-json\/wp\/v2\/product"}],"about":[{"href":"https:\/\/www.claret.cat\/es\/wp-json\/wp\/v2\/types\/product"}],"wp:featuredmedia":[{"embeddable":true,"href":"https:\/\/www.claret.cat\/es\/wp-json\/wp\/v2\/media\/1004265"}],"wp:attachment":[{"href":"https:\/\/www.claret.cat\/es\/wp-json\/wp\/v2\/media?parent=367380"}],"wp:term":[{"taxonomy":"product_brand","embeddable":true,"href":"https:\/\/www.claret.cat\/es\/wp-json\/wp\/v2\/product_brand?post=367380"},{"taxonomy":"product_cat","embeddable":true,"href":"https:\/\/www.claret.cat\/es\/wp-json\/wp\/v2\/product_cat?post=367380"},{"taxonomy":"product_tag","embeddable":true,"href":"https:\/\/www.claret.cat\/es\/wp-json\/wp\/v2\/product_tag?post=367380"}],"curies":[{"name":"wp","href":"https:\/\/api.w.org\/{rel}","templated":true}]}}