{"id":367426,"date":"2023-01-15T20:50:25","date_gmt":"2023-01-15T19:50:25","guid":{"rendered":"https:\/\/www.claret.cat\/llibre\/animo-9788498461671\/"},"modified":"2024-05-22T18:55:55","modified_gmt":"2024-05-22T16:55:55","slug":"animo-9788498461671","status":"publish","type":"product","link":"https:\/\/www.claret.cat\/es\/libro\/animo-9788498461671\/","title":{"rendered":"\u00a1\u00c1NIMO!"},"content":{"rendered":"<p>Una aportaci\u00f3n necesaria para personas que se plantean muchos interrogantes por el simple hecho de que no encuentras la paz interior y su vida est\u00e1 falta de \u00e1nimo.<\/p>\n","protected":false},"excerpt":{"rendered":"<p>ALIMBAU, JOS\u00c9 MAR\u00cdA<\/p>\n","protected":false},"featured_media":367427,"template":"","meta":{"_acf_changed":false,"om_disable_all_campaigns":false,"rs_blank_template":"","rs_page_bg_color":"","slide_template_v7":"","inline_featured_image":false,"_monsterinsights_skip_tracking":false,"_monsterinsights_sitenote_active":false,"_monsterinsights_sitenote_note":"","_monsterinsights_sitenote_category":0},"product_brand":[],"product_cat":[90,581,540],"product_tag":[],"class_list":{"0":"post-367426","1":"product","2":"type-product","3":"status-publish","4":"has-post-thumbnail","6":"product_cat-altres","7":"product_cat-editorial-claret","8":"product_cat-otros","10":"first","11":"outofstock","12":"taxable","13":"shipping-taxable","14":"purchasable","15":"product-type-simple"},"acf":{"editorial":[{"ID":6158,"post_author":"3","post_date":"2022-07-28 17:46:08","post_date_gmt":"2022-07-28 15:46:08","post_content":"","post_title":"CLARET","post_excerpt":"","post_status":"publish","comment_status":"closed","ping_status":"closed","post_password":"","post_name":"claret","to_ping":"","pinged":"","post_modified":"2022-07-28 17:46:08","post_modified_gmt":"2022-07-28 15:46:08","post_content_filtered":"","post_parent":0,"guid":"http:\/\/dev.claret.cat\/editorial\/claret\/","menu_order":0,"post_type":"editorial","post_mime_type":"","comment_count":"0","filter":"raw"}],"autores-libros":[{"ID":160436,"post_author":"3","post_date":"2022-10-14 15:53:03","post_date_gmt":"2022-10-14 13:53:03","post_content":"","post_title":"JOSE MARIA ALIMBAU","post_excerpt":"","post_status":"publish","comment_status":"closed","ping_status":"closed","post_password":"","post_name":"jose-maria-alimbau","to_ping":"","pinged":"","post_modified":"2022-10-14 15:53:03","post_modified_gmt":"2022-10-14 13:53:03","post_content_filtered":"","post_parent":0,"guid":"http:\/\/dev.claret.cat\/autor\/jose-maria-alimbau\/","menu_order":0,"post_type":"autor","post_mime_type":"","comment_count":"0","filter":"raw"}],"autor":"ALIMBAU, JOS\u00c9 MAR\u00cdA","codart":"849846167","libros-coleccion":"","ediciones":"1","encuadernacion":"R\u00fastica","fecha_de_publicacion":"15\/03\/2011","novedad":"0","paginas":"212","subtitulo":"TEN Y DA: VALOR, FUERZA, CORAJE, EMPUJE, ALIENTO, VIDA","orden":"999","portada":"0","idioma":"spa"},"aioseo_notices":[],"_links":{"self":[{"href":"https:\/\/www.claret.cat\/es\/wp-json\/wp\/v2\/product\/367426","targetHints":{"allow":["GET"]}}],"collection":[{"href":"https:\/\/www.claret.cat\/es\/wp-json\/wp\/v2\/product"}],"about":[{"href":"https:\/\/www.claret.cat\/es\/wp-json\/wp\/v2\/types\/product"}],"wp:featuredmedia":[{"embeddable":true,"href":"https:\/\/www.claret.cat\/es\/wp-json\/wp\/v2\/media\/367427"}],"wp:attachment":[{"href":"https:\/\/www.claret.cat\/es\/wp-json\/wp\/v2\/media?parent=367426"}],"wp:term":[{"taxonomy":"product_brand","embeddable":true,"href":"https:\/\/www.claret.cat\/es\/wp-json\/wp\/v2\/product_brand?post=367426"},{"taxonomy":"product_cat","embeddable":true,"href":"https:\/\/www.claret.cat\/es\/wp-json\/wp\/v2\/product_cat?post=367426"},{"taxonomy":"product_tag","embeddable":true,"href":"https:\/\/www.claret.cat\/es\/wp-json\/wp\/v2\/product_tag?post=367426"}],"curies":[{"name":"wp","href":"https:\/\/api.w.org\/{rel}","templated":true}]}}