{"id":36745,"date":"2022-10-02T18:24:22","date_gmt":"2022-10-02T16:24:22","guid":{"rendered":"http:\/\/dev.claret.cat\/producte\/la-mujer-del-perfume\/"},"modified":"2026-01-30T12:39:23","modified_gmt":"2026-01-30T11:39:23","slug":"la-mujer-del-perfume-9788428566568","status":"publish","type":"product","link":"https:\/\/www.claret.cat\/es\/libro\/la-mujer-del-perfume-9788428566568\/","title":{"rendered":"LA MUJER DEL PERFUME"},"content":{"rendered":"<p>La escena de la mujer que unge a Jes\u00fas con perfume aparece en los cuatro evangelios, narrada con diversos matices. Margarita Salda\u00f1a se detiene en la versi\u00f3n del evangelio de Marcos, que pone de relieve el sentido del placer y la belleza, la densidad de la profec\u00eda que se trasluce en este gesto, que anticipa el embalsamamiento del cuerpo de Jes\u00fas; su capacidad de denuncia y de anuncio, y su profunda vinculaci\u00f3n con la \u00daltima Cena y con la eucarist\u00eda.<\/p>\n","protected":false},"excerpt":{"rendered":"<p>SALDA\u00d1A MOSTAJO, MARGARITA<\/p>\n","protected":false},"featured_media":1079890,"template":"","meta":{"_acf_changed":false,"om_disable_all_campaigns":false,"rs_blank_template":"","rs_page_bg_color":"","slide_template_v7":"","inline_featured_image":false,"_monsterinsights_skip_tracking":false,"_monsterinsights_sitenote_active":false,"_monsterinsights_sitenote_note":"","_monsterinsights_sitenote_category":0},"product_brand":[],"product_cat":[491,241,240,395],"product_tag":[],"class_list":{"0":"post-36745","1":"product","2":"type-product","3":"status-publish","4":"has-post-thumbnail","6":"product_cat-testimonios","7":"product_cat-testimonis","8":"product_cat-vida-religiosa-espiritualitat","9":"product_cat-vida-religiosa-espiritualidad-1_espiritualidad","11":"first","12":"instock","13":"taxable","14":"shipping-taxable","15":"purchasable","16":"product-type-simple"},"acf":{"autor":"SALDA\u00d1A MOSTAJO, MARGARITA","codart":"842856656","libros-coleccion":"FORA DE COL.LECCI\u00d3","ediciones":"1","encuadernacion":"R\u00fastica","fecha_de_publicacion":"01\/05\/2022","novedad":"1","paginas":"65","subtitulo":"(MC 14,3-9)","orden":"0","portada":"0","idioma":"spa","editorial":[{"ID":6356,"post_author":"3","post_date":"2022-07-28 17:50:26","post_date_gmt":"2022-07-28 15:50:26","post_content":"","post_title":"SAN PABLO COMUNICACI\u00d3N","post_excerpt":"","post_status":"publish","comment_status":"closed","ping_status":"closed","post_password":"","post_name":"san-pablo-comunicacion","to_ping":"","pinged":"","post_modified":"2022-07-28 17:50:26","post_modified_gmt":"2022-07-28 15:50:26","post_content_filtered":"","post_parent":0,"guid":"http:\/\/dev.claret.cat\/editorial\/san-pablo-comunicacion\/","menu_order":0,"post_type":"editorial","post_mime_type":"","comment_count":"0","filter":"raw"}],"autores-libros":[{"ID":163488,"post_author":"3","post_date":"2022-10-14 17:39:26","post_date_gmt":"2022-10-14 15:39:26","post_content":"","post_title":"MARGARITA SALDA\u00d1A MOSTAJO","post_excerpt":"","post_status":"publish","comment_status":"closed","ping_status":"closed","post_password":"","post_name":"margarita-saldana-mostajo","to_ping":"","pinged":"","post_modified":"2022-10-14 17:39:26","post_modified_gmt":"2022-10-14 15:39:26","post_content_filtered":"","post_parent":0,"guid":"http:\/\/dev.claret.cat\/autor\/margarita-saldana-mostajo\/","menu_order":0,"post_type":"autor","post_mime_type":"","comment_count":"0","filter":"raw"}],"booktrailer":"","resenas":""},"aioseo_notices":[],"_links":{"self":[{"href":"https:\/\/www.claret.cat\/es\/wp-json\/wp\/v2\/product\/36745","targetHints":{"allow":["GET"]}}],"collection":[{"href":"https:\/\/www.claret.cat\/es\/wp-json\/wp\/v2\/product"}],"about":[{"href":"https:\/\/www.claret.cat\/es\/wp-json\/wp\/v2\/types\/product"}],"wp:featuredmedia":[{"embeddable":true,"href":"https:\/\/www.claret.cat\/es\/wp-json\/wp\/v2\/media\/1079890"}],"wp:attachment":[{"href":"https:\/\/www.claret.cat\/es\/wp-json\/wp\/v2\/media?parent=36745"}],"wp:term":[{"taxonomy":"product_brand","embeddable":true,"href":"https:\/\/www.claret.cat\/es\/wp-json\/wp\/v2\/product_brand?post=36745"},{"taxonomy":"product_cat","embeddable":true,"href":"https:\/\/www.claret.cat\/es\/wp-json\/wp\/v2\/product_cat?post=36745"},{"taxonomy":"product_tag","embeddable":true,"href":"https:\/\/www.claret.cat\/es\/wp-json\/wp\/v2\/product_tag?post=36745"}],"curies":[{"name":"wp","href":"https:\/\/api.w.org\/{rel}","templated":true}]}}