{"id":367462,"date":"2023-01-15T20:52:42","date_gmt":"2023-01-15T19:52:42","guid":{"rendered":"https:\/\/www.claret.cat\/llibre\/prente-temps-v-9788498462005\/"},"modified":"2024-05-22T18:53:01","modified_gmt":"2024-05-22T16:53:01","slug":"prente-temps-v-9788498462005","status":"publish","type":"product","link":"https:\/\/www.claret.cat\/es\/libro\/prente-temps-v-9788498462005\/","title":{"rendered":"PREN-TE TEMPS V"},"content":{"rendered":"<p>La preg\u00e0ria \u00e9s important en la nostra vida, ja que \u00e9s l\u2019aliment que necessitem per reflexionar el que fem i com ho vivim.<br \/>Aquest recull de textos per a la reflexi\u00f3 i la preg\u00e0ria vol ajudar en la tasca evangelitzadora dins els grups de monitors, joves i infants.<br \/>\u00abPren-te temps\u00bb \u00e9s una eina que ja fa anys que acompanya nombroses reunions de joves i les preg\u00e0ries de campaments i d\u2019esplai. Un instrument que ha estat per a molts mat\u00e8ria de reflexi\u00f3 i preg\u00e0ria. En les seves successives edicions, \u00abPren-te temps\u00bb ha demostrat ser una eina v\u00e0lida i que tothom valora.<br \/>Els diversos textos es reparteixen en set blocs diferents: Contes, Nadal, Valors, D\u00e9u-Preg\u00e0ria, Infants, Monitors, i Textos per a la reflexi\u00f3.<\/p>\n","protected":false},"excerpt":{"rendered":"<p>FUNDACI\u00d3 PERE TARR\u00c9S<\/p>\n","protected":false},"featured_media":367463,"template":"","meta":{"_acf_changed":false,"om_disable_all_campaigns":false,"rs_blank_template":"","rs_page_bg_color":"","slide_template_v7":"","inline_featured_image":false,"_monsterinsights_skip_tracking":false,"_monsterinsights_sitenote_active":false,"_monsterinsights_sitenote_note":"","_monsterinsights_sitenote_category":0},"product_brand":[],"product_cat":[90,581,540],"product_tag":[],"class_list":{"0":"post-367462","1":"product","2":"type-product","3":"status-publish","4":"has-post-thumbnail","6":"product_cat-altres","7":"product_cat-editorial-claret","8":"product_cat-otros","10":"first","11":"instock","12":"taxable","13":"shipping-taxable","14":"purchasable","15":"product-type-simple"},"acf":{"editorial":[{"ID":6158,"post_author":"3","post_date":"2022-07-28 17:46:08","post_date_gmt":"2022-07-28 15:46:08","post_content":"","post_title":"CLARET","post_excerpt":"","post_status":"publish","comment_status":"closed","ping_status":"closed","post_password":"","post_name":"claret","to_ping":"","pinged":"","post_modified":"2022-07-28 17:46:08","post_modified_gmt":"2022-07-28 15:46:08","post_content_filtered":"","post_parent":0,"guid":"http:\/\/dev.claret.cat\/editorial\/claret\/","menu_order":0,"post_type":"editorial","post_mime_type":"","comment_count":"0","filter":"raw"}],"autores-libros":[{"ID":5500,"post_author":"3","post_date":"2022-07-28 17:25:19","post_date_gmt":"2022-07-28 15:25:19","post_content":"<span class=\"fontstyle0\">La Fundaci\u00f3 Pere Tarr\u00e9s, amb 60 anys d\u2019exist\u00e8ncia, \u00e9s una organitzaci\u00f3 no lucrativa educativa i d\u2019acci\u00f3 social que va n\u00e9ixer amb la finalitat de promoure l\u2019educaci\u00f3 en el lleure d\u2019infants i joves.<\/span>\r\n\r\n<span class=\"fontstyle0\">Dedicada a la promoci\u00f3 de l\u2019educaci\u00f3 en el temps lliure, el voluntariat, la millora de la intervenci\u00f3 social i l\u2019enfortiment del teixit associatiu, amb el temps la seva acci\u00f3 s\u2019ha ampliat a altres \u00e0mbits de l\u2019acci\u00f3 social com ara la formaci\u00f3, la recerca i la gesti\u00f3.<\/span>","post_title":"FUNDACI\u00d3 PERE TARR\u00c9S","post_excerpt":"","post_status":"publish","comment_status":"closed","ping_status":"closed","post_password":"","post_name":"fundacio-pere-tarres","to_ping":"","pinged":"","post_modified":"2024-02-05 11:51:01","post_modified_gmt":"2024-02-05 10:51:01","post_content_filtered":"","post_parent":0,"guid":"http:\/\/dev.claret.cat\/autor\/fundacio-pere-tarres\/","menu_order":0,"post_type":"autor","post_mime_type":"","comment_count":"0","filter":"raw"}],"autor":"FUNDACI\u00d3 PERE TARR\u00c9S","codart":"849846200","libros-coleccion":"","ediciones":"0","encuadernacion":"R\u00fastica","fecha_de_publicacion":"11\/07\/2008","novedad":"0","paginas":"152","subtitulo":"PREG\u00c0RIES I MATERIALS PER A LA REFLEXI\u00d3","orden":"999","portada":"0","idioma":"cat"},"aioseo_notices":[],"_links":{"self":[{"href":"https:\/\/www.claret.cat\/es\/wp-json\/wp\/v2\/product\/367462","targetHints":{"allow":["GET"]}}],"collection":[{"href":"https:\/\/www.claret.cat\/es\/wp-json\/wp\/v2\/product"}],"about":[{"href":"https:\/\/www.claret.cat\/es\/wp-json\/wp\/v2\/types\/product"}],"wp:featuredmedia":[{"embeddable":true,"href":"https:\/\/www.claret.cat\/es\/wp-json\/wp\/v2\/media\/367463"}],"wp:attachment":[{"href":"https:\/\/www.claret.cat\/es\/wp-json\/wp\/v2\/media?parent=367462"}],"wp:term":[{"taxonomy":"product_brand","embeddable":true,"href":"https:\/\/www.claret.cat\/es\/wp-json\/wp\/v2\/product_brand?post=367462"},{"taxonomy":"product_cat","embeddable":true,"href":"https:\/\/www.claret.cat\/es\/wp-json\/wp\/v2\/product_cat?post=367462"},{"taxonomy":"product_tag","embeddable":true,"href":"https:\/\/www.claret.cat\/es\/wp-json\/wp\/v2\/product_tag?post=367462"}],"curies":[{"name":"wp","href":"https:\/\/api.w.org\/{rel}","templated":true}]}}