{"id":367482,"date":"2023-01-15T20:53:58","date_gmt":"2023-01-15T19:53:58","guid":{"rendered":"https:\/\/www.claret.cat\/llibre\/abecedari-sobre-la-pregaria-9788498462104\/"},"modified":"2024-05-22T18:51:24","modified_gmt":"2024-05-22T16:51:24","slug":"abecedari-sobre-la-pregaria-9788498462104","status":"publish","type":"product","link":"https:\/\/www.claret.cat\/es\/libro\/abecedari-sobre-la-pregaria-9788498462104\/","title":{"rendered":"ABECEDARI SOBRE LA PREG\u00c0RIA"},"content":{"rendered":"<p>Abecedari sobre la preg\u00e0ria \u00e9s una invitaci\u00f3 a viure un encontre cordial amb Jes\u00fas, deixant-se conduir a la preg\u00e0ria, suggerint en cada lletra, possibles rutes orants. \u00c9s en la preg\u00e0ria on la Paraula de D\u00e9u sempre pot suscitar una novetat en el cor que t\u2019omplir\u00e0 de goig i donar\u00e0 lluminositat i amplitud a totes les coses senzilles que vius en la vida quotidiana.<\/p>\n<p>El m\u00e9s original de la preg\u00e0ria \u00e9s que neix de la relaci\u00f3 interpersonal amb el Crist i, com tota relaci\u00f3, \u00e9s feta d\u2019escolta i obertura, de desitjos i paraules, de silencis i pres\u00e8ncies\u2026 pressentint que ens habita una dol\u00e7a Pres\u00e8ncia que ens amara i il\u00b7lumina tot l\u2019\u00e9sser.<\/p>\n<p>Pregar \u00e9s com obrir les finestres del cor perqu\u00e8 hi pugui entrar el sol, l\u2019amistat\u2026 D\u00e9u.<\/p>\n","protected":false},"excerpt":{"rendered":"<p>BOSCH PONS, GADI<\/p>\n","protected":false},"featured_media":367483,"template":"","meta":{"_acf_changed":false,"om_disable_all_campaigns":false,"rs_blank_template":"","rs_page_bg_color":"","slide_template_v7":"","inline_featured_image":false,"_monsterinsights_skip_tracking":false,"_monsterinsights_sitenote_active":false,"_monsterinsights_sitenote_note":"","_monsterinsights_sitenote_category":0},"product_brand":[],"product_cat":[90,581,540],"product_tag":[],"class_list":{"0":"post-367482","1":"product","2":"type-product","3":"status-publish","4":"has-post-thumbnail","6":"product_cat-altres","7":"product_cat-editorial-claret","8":"product_cat-otros","10":"first","11":"instock","12":"taxable","13":"shipping-taxable","14":"purchasable","15":"product-type-simple"},"acf":{"editorial":[{"ID":6158,"post_author":"3","post_date":"2022-07-28 17:46:08","post_date_gmt":"2022-07-28 15:46:08","post_content":"","post_title":"CLARET","post_excerpt":"","post_status":"publish","comment_status":"closed","ping_status":"closed","post_password":"","post_name":"claret","to_ping":"","pinged":"","post_modified":"2022-07-28 17:46:08","post_modified_gmt":"2022-07-28 15:46:08","post_content_filtered":"","post_parent":0,"guid":"http:\/\/dev.claret.cat\/editorial\/claret\/","menu_order":0,"post_type":"editorial","post_mime_type":"","comment_count":"0","filter":"raw"}],"autores-libros":[{"ID":323163,"post_author":"3","post_date":"2023-01-03 05:24:41","post_date_gmt":"2023-01-03 04:24:41","post_content":"<div class=\"bio\">\r\n<div class=\"col-full\">\r\n<div class=\"datos\">\r\n\r\n<span class=\"fontstyle0\">Gadi Bosch Pons, nascuda a Ciutadella el 1959. El 1980 entr\u00e0 a la comunitat de<strong> germanes clarisses<\/strong> del monestir de Santa Clara de Ciutadella. Junt amb les germanes ha acompanyat molts grups de preg\u00e0ria, i tots els dies, v\u00e0ries vegades al llarg de la jornada, ha tingut a les mans l\u2019amable <strong>llibre dels Salms<\/strong> en l\u2019oraci\u00f3 de la fraternitat contemplativa. <\/span>\r\n\r\n<span class=\"fontstyle0\">Des del juliol del 2023, Gadi Bosch viu un temps de discerniment fora del monestir, estimant i lloant D\u00e9u en la senzillesa de la vida quotidiana. Ha publicat <\/span><span class=\"fontstyle2\"><a href=\"https:\/\/www.editorialclaret.cat\/producte\/brins-desperanca-8498460506\/?c\"><strong><em>Brins d\u2019esperan\u00e7a<\/em> <\/strong><\/a>(2007)<\/span><span class=\"fontstyle0\">,<em><strong>\u00a0<\/strong><\/em><\/span><span class=\"fontstyle2\"><a href=\"https:\/\/www.claret.cat\/llibre\/em-dic-clara-dassis-9788498832389\/?c=\"><em><strong>E<\/strong><\/em><em><strong>m dic Clara d\u2019Ass\u00eds <\/strong><\/em><\/a>(<\/span><span class=\"fontstyle0\">2010), <\/span><span class=\"fontstyle2\"><a href=\"https:\/\/www.claret.cat\/llibre\/abecedari-sobre-la-pregaria-9788498462104\/?c=\"><em><strong>Abecedari de la preg\u00e0ria<\/strong><\/em><\/a> (<\/span><span class=\"fontstyle0\">2011), <\/span><span class=\"fontstyle2\"><em><strong>Comentaris Paraula i vida<\/strong><\/em> (<\/span><span class=\"fontstyle0\">2012) i <em><strong>Brins de salms.<\/strong><\/em><\/span>\r\n\r\n<\/div>\r\n<\/div>\r\n<\/div>\r\n<div class=\"libros\">\r\n<div class=\"col-full\"><\/div>\r\n<\/div>","post_title":"GADI BOSCH PONS","post_excerpt":"","post_status":"publish","comment_status":"closed","ping_status":"closed","post_password":"","post_name":"gadi-bosch-pons","to_ping":"","pinged":"","post_modified":"2024-07-09 13:03:16","post_modified_gmt":"2024-07-09 11:03:16","post_content_filtered":"","post_parent":0,"guid":"https:\/\/www.claret.cat\/autor\/gadi-bosch-pons\/","menu_order":0,"post_type":"autor","post_mime_type":"","comment_count":"0","filter":"raw"}],"autor":"BOSCH PONS, GADI","codart":"849846210","libros-coleccion":"","ediciones":"1","encuadernacion":"Grapado","fecha_de_publicacion":"30\/03\/2011","novedad":"0","paginas":"31","subtitulo":"","orden":"999","portada":"0","idioma":"cat"},"aioseo_notices":[],"_links":{"self":[{"href":"https:\/\/www.claret.cat\/es\/wp-json\/wp\/v2\/product\/367482","targetHints":{"allow":["GET"]}}],"collection":[{"href":"https:\/\/www.claret.cat\/es\/wp-json\/wp\/v2\/product"}],"about":[{"href":"https:\/\/www.claret.cat\/es\/wp-json\/wp\/v2\/types\/product"}],"wp:featuredmedia":[{"embeddable":true,"href":"https:\/\/www.claret.cat\/es\/wp-json\/wp\/v2\/media\/367483"}],"wp:attachment":[{"href":"https:\/\/www.claret.cat\/es\/wp-json\/wp\/v2\/media?parent=367482"}],"wp:term":[{"taxonomy":"product_brand","embeddable":true,"href":"https:\/\/www.claret.cat\/es\/wp-json\/wp\/v2\/product_brand?post=367482"},{"taxonomy":"product_cat","embeddable":true,"href":"https:\/\/www.claret.cat\/es\/wp-json\/wp\/v2\/product_cat?post=367482"},{"taxonomy":"product_tag","embeddable":true,"href":"https:\/\/www.claret.cat\/es\/wp-json\/wp\/v2\/product_tag?post=367482"}],"curies":[{"name":"wp","href":"https:\/\/api.w.org\/{rel}","templated":true}]}}