{"id":367525,"date":"2023-01-15T21:00:41","date_gmt":"2023-01-15T20:00:41","guid":{"rendered":"https:\/\/www.claret.cat\/llibre\/jo-soc-el-rei-9788498462265\/"},"modified":"2024-05-22T18:50:40","modified_gmt":"2024-05-22T16:50:40","slug":"jo-soc-el-rei-9788498462265","status":"publish","type":"product","link":"https:\/\/www.claret.cat\/es\/libro\/jo-soc-el-rei-9788498462265\/","title":{"rendered":"JO S\u00d3C EL REI!"},"content":{"rendered":"<p>Un mat\u00ed la Tortuga apareix de sobte amb una corona. \u00abVisca!\u00bb, pensa, \u00abs\u00f3c el Rei!\u00bb. Els seus amics se&#8217;n riuen. El Boc, el Flamenc, la Serp, el Porc, el Cocodril, l&#8217;Elefant i l&#8217;Orangutan, tots voldrien ser el Rei. Per\u00f2 qui \u00e9s el Rei de deb\u00f2?<br \/>Un conte enginy\u00f3s amb il\u00b7lustracions alegres sobre la gelosia i les ganes de manar. Per a petits pr\u00ednceps i princeses a partir de tres anys.<\/p>\n","protected":false},"excerpt":{"rendered":"<p>TIMMERS, LEO<\/p>\n","protected":false},"featured_media":481286,"template":"","meta":{"_acf_changed":false,"om_disable_all_campaigns":false,"rs_blank_template":"","rs_page_bg_color":"","slide_template_v7":"","inline_featured_image":false,"_monsterinsights_skip_tracking":false,"_monsterinsights_sitenote_active":false,"_monsterinsights_sitenote_note":"","_monsterinsights_sitenote_category":0},"product_brand":[],"product_cat":[131,361,581],"product_tag":[],"class_list":{"0":"post-367525","1":"product","2":"type-product","3":"status-publish","4":"has-post-thumbnail","6":"product_cat-contes-per-infants-0-6-anys","7":"product_cat-cuentos-para-ninos-0-6-anos","8":"product_cat-editorial-claret","10":"first","11":"instock","12":"taxable","13":"shipping-taxable","14":"purchasable","15":"product-type-simple"},"acf":{"editorial":[{"ID":6158,"post_author":"3","post_date":"2022-07-28 17:46:08","post_date_gmt":"2022-07-28 15:46:08","post_content":"","post_title":"CLARET","post_excerpt":"","post_status":"publish","comment_status":"closed","ping_status":"closed","post_password":"","post_name":"claret","to_ping":"","pinged":"","post_modified":"2022-07-28 17:46:08","post_modified_gmt":"2022-07-28 15:46:08","post_content_filtered":"","post_parent":0,"guid":"http:\/\/dev.claret.cat\/editorial\/claret\/","menu_order":0,"post_type":"editorial","post_mime_type":"","comment_count":"0","filter":"raw"}],"autores-libros":[{"ID":8379,"post_author":"3","post_date":"2022-09-30 09:48:08","post_date_gmt":"2022-09-30 07:48:08","post_content":"","post_title":"LEO TIMMERS","post_excerpt":"","post_status":"publish","comment_status":"closed","ping_status":"closed","post_password":"","post_name":"leo-timmers","to_ping":"","pinged":"","post_modified":"2022-09-30 09:48:08","post_modified_gmt":"2022-09-30 07:48:08","post_content_filtered":"","post_parent":0,"guid":"http:\/\/dev.claret.cat\/autor\/leo-timmers\/","menu_order":0,"post_type":"autor","post_mime_type":"","comment_count":"0","filter":"raw"}],"autor":"TIMMERS, LEO","codart":"849846226","libros-coleccion":"Claret Kids","ediciones":"1","encuadernacion":"Carton\u00e9","fecha_de_publicacion":"10\/11\/2008","novedad":"0","paginas":"28","subtitulo":"","orden":"999","portada":"0","idioma":"cat"},"aioseo_notices":[],"_links":{"self":[{"href":"https:\/\/www.claret.cat\/es\/wp-json\/wp\/v2\/product\/367525","targetHints":{"allow":["GET"]}}],"collection":[{"href":"https:\/\/www.claret.cat\/es\/wp-json\/wp\/v2\/product"}],"about":[{"href":"https:\/\/www.claret.cat\/es\/wp-json\/wp\/v2\/types\/product"}],"wp:featuredmedia":[{"embeddable":true,"href":"https:\/\/www.claret.cat\/es\/wp-json\/wp\/v2\/media\/481286"}],"wp:attachment":[{"href":"https:\/\/www.claret.cat\/es\/wp-json\/wp\/v2\/media?parent=367525"}],"wp:term":[{"taxonomy":"product_brand","embeddable":true,"href":"https:\/\/www.claret.cat\/es\/wp-json\/wp\/v2\/product_brand?post=367525"},{"taxonomy":"product_cat","embeddable":true,"href":"https:\/\/www.claret.cat\/es\/wp-json\/wp\/v2\/product_cat?post=367525"},{"taxonomy":"product_tag","embeddable":true,"href":"https:\/\/www.claret.cat\/es\/wp-json\/wp\/v2\/product_tag?post=367525"}],"curies":[{"name":"wp","href":"https:\/\/api.w.org\/{rel}","templated":true}]}}