{"id":367528,"date":"2023-01-15T21:01:01","date_gmt":"2023-01-15T20:01:01","guid":{"rendered":"https:\/\/www.claret.cat\/llibre\/yo-soy-el-rey-9788498462272\/"},"modified":"2026-03-11T13:35:20","modified_gmt":"2026-03-11T12:35:20","slug":"yo-soy-el-rey-9788498462272","status":"publish","type":"product","link":"https:\/\/www.claret.cat\/es\/libro\/yo-soy-el-rey-9788498462272\/","title":{"rendered":"\u00a1YO SOY EL REY!"},"content":{"rendered":"<p>Una ma\u00f1ana, la Tortuga aparece de repente con una corona. \u00abViva\u00bb, piensa, \u00ab\u00a1soy el Rey!\u00bb. Sus amigos se r\u00eden de ella. La Cabra, el Flamenco, la Serpiente, el Cerdo, el Cocodrilo, el Elefante y el Orangut\u00e1n, todos querr\u00edan ser el Rey. Pero \u00bfqui\u00e9n es el verdadero Rey?<br \/>Un cuento ingenioso con alegres ilustraciones sobre los celos y los deseos de mandar. Para peque\u00f1os pr\u00edncipes y princesas a partir de tres a\u00f1os.<\/p>\n","protected":false},"excerpt":{"rendered":"<p>TIMMERS, LEO<\/p>\n","protected":false},"featured_media":367529,"template":"","meta":{"_acf_changed":false,"om_disable_all_campaigns":false,"rs_blank_template":"","rs_page_bg_color":"","slide_template_v7":"","inline_featured_image":false,"_monsterinsights_skip_tracking":false,"_monsterinsights_sitenote_active":false,"_monsterinsights_sitenote_note":"","_monsterinsights_sitenote_category":0},"product_brand":[],"product_cat":[131,361,581],"product_tag":[],"class_list":{"0":"post-367528","1":"product","2":"type-product","3":"status-publish","4":"has-post-thumbnail","6":"product_cat-contes-per-infants-0-6-anys","7":"product_cat-cuentos-para-ninos-0-6-anos","8":"product_cat-editorial-claret","10":"first","11":"instock","12":"taxable","13":"shipping-taxable","14":"purchasable","15":"product-type-simple"},"acf":{"editorial":[{"ID":6158,"post_author":"3","post_date":"2022-07-28 17:46:08","post_date_gmt":"2022-07-28 15:46:08","post_content":"","post_title":"CLARET","post_excerpt":"","post_status":"publish","comment_status":"closed","ping_status":"closed","post_password":"","post_name":"claret","to_ping":"","pinged":"","post_modified":"2022-07-28 17:46:08","post_modified_gmt":"2022-07-28 15:46:08","post_content_filtered":"","post_parent":0,"guid":"http:\/\/dev.claret.cat\/editorial\/claret\/","menu_order":0,"post_type":"editorial","post_mime_type":"","comment_count":"0","filter":"raw"}],"autores-libros":[{"ID":8379,"post_author":"3","post_date":"2022-09-30 09:48:08","post_date_gmt":"2022-09-30 07:48:08","post_content":"","post_title":"LEO TIMMERS","post_excerpt":"","post_status":"publish","comment_status":"closed","ping_status":"closed","post_password":"","post_name":"leo-timmers","to_ping":"","pinged":"","post_modified":"2022-09-30 09:48:08","post_modified_gmt":"2022-09-30 07:48:08","post_content_filtered":"","post_parent":0,"guid":"http:\/\/dev.claret.cat\/autor\/leo-timmers\/","menu_order":0,"post_type":"autor","post_mime_type":"","comment_count":"0","filter":"raw"}],"autor":"TIMMERS, LEO","codart":"849846227","libros-coleccion":"Claret Kids","ediciones":"1","encuadernacion":"Carton\u00e9","fecha_de_publicacion":"10\/11\/2008","novedad":"0","paginas":"28","subtitulo":"","orden":"999","portada":"0","idioma":"spa","booktrailer":"","resenas":""},"aioseo_notices":[],"_links":{"self":[{"href":"https:\/\/www.claret.cat\/es\/wp-json\/wp\/v2\/product\/367528","targetHints":{"allow":["GET"]}}],"collection":[{"href":"https:\/\/www.claret.cat\/es\/wp-json\/wp\/v2\/product"}],"about":[{"href":"https:\/\/www.claret.cat\/es\/wp-json\/wp\/v2\/types\/product"}],"wp:featuredmedia":[{"embeddable":true,"href":"https:\/\/www.claret.cat\/es\/wp-json\/wp\/v2\/media\/367529"}],"wp:attachment":[{"href":"https:\/\/www.claret.cat\/es\/wp-json\/wp\/v2\/media?parent=367528"}],"wp:term":[{"taxonomy":"product_brand","embeddable":true,"href":"https:\/\/www.claret.cat\/es\/wp-json\/wp\/v2\/product_brand?post=367528"},{"taxonomy":"product_cat","embeddable":true,"href":"https:\/\/www.claret.cat\/es\/wp-json\/wp\/v2\/product_cat?post=367528"},{"taxonomy":"product_tag","embeddable":true,"href":"https:\/\/www.claret.cat\/es\/wp-json\/wp\/v2\/product_tag?post=367528"}],"curies":[{"name":"wp","href":"https:\/\/api.w.org\/{rel}","templated":true}]}}