{"id":367573,"date":"2023-01-15T21:07:37","date_gmt":"2023-01-15T20:07:37","guid":{"rendered":"https:\/\/www.claret.cat\/llibre\/pau-de-perseguidor-a-apostol-9788498462845\/"},"modified":"2024-05-22T18:45:27","modified_gmt":"2024-05-22T16:45:27","slug":"pau-de-perseguidor-a-apostol-9788498462845","status":"publish","type":"product","link":"https:\/\/www.claret.cat\/es\/libro\/pau-de-perseguidor-a-apostol-9788498462845\/","title":{"rendered":"PAU, DE PERSEGUIDOR A AP\u00d2STOL"},"content":{"rendered":"<p>Aquest llibret, publicat en ocasi\u00f3 de l&#8217;Any de Sant Pau, recull alguns dels textos m\u00e9s significatius de l&#8217;ap\u00f2stol il\u00b7lustrats amb imatges suggeridores.<br \/>Pau va ser el primer pensador cristi\u00e0 de talla que ha influ\u00eft tant en les confessions cristianes. Per\u00f2 sobretot va ser missioner, proclamant incansable el missatge de felicitat anunciat per Jes\u00fas. Els seus textos traspuen la frescor dels or\u00edgens de l&#8217;Esgl\u00e9sia, per\u00f2 tamb\u00e9 ens ajuden a traduir el missatge de Jes\u00fas al nostre m\u00f3n actual.<\/p>\n","protected":false},"excerpt":{"rendered":"<p>RICART F\u00c0BREGAS, IGNASI<\/p>\n","protected":false},"featured_media":367574,"template":"","meta":{"_acf_changed":false,"om_disable_all_campaigns":false,"rs_blank_template":"","rs_page_bg_color":"","slide_template_v7":"","inline_featured_image":false,"_monsterinsights_skip_tracking":false,"_monsterinsights_sitenote_active":false,"_monsterinsights_sitenote_note":"","_monsterinsights_sitenote_category":0},"product_brand":[],"product_cat":[90,581,540],"product_tag":[],"class_list":{"0":"post-367573","1":"product","2":"type-product","3":"status-publish","4":"has-post-thumbnail","6":"product_cat-altres","7":"product_cat-editorial-claret","8":"product_cat-otros","10":"first","11":"instock","12":"taxable","13":"shipping-taxable","14":"purchasable","15":"product-type-simple"},"acf":{"editorial":[{"ID":6158,"post_author":"3","post_date":"2022-07-28 17:46:08","post_date_gmt":"2022-07-28 15:46:08","post_content":"","post_title":"CLARET","post_excerpt":"","post_status":"publish","comment_status":"closed","ping_status":"closed","post_password":"","post_name":"claret","to_ping":"","pinged":"","post_modified":"2022-07-28 17:46:08","post_modified_gmt":"2022-07-28 15:46:08","post_content_filtered":"","post_parent":0,"guid":"http:\/\/dev.claret.cat\/editorial\/claret\/","menu_order":0,"post_type":"editorial","post_mime_type":"","comment_count":"0","filter":"raw"}],"autores-libros":[{"ID":314260,"post_author":"3","post_date":"2022-12-29 11:35:54","post_date_gmt":"2022-12-29 10:35:54","post_content":"","post_title":"IGNASI RICART F\u00c0BREGAS","post_excerpt":"","post_status":"publish","comment_status":"closed","ping_status":"closed","post_password":"","post_name":"ignasi-ricart-fabregas","to_ping":"","pinged":"","post_modified":"2022-12-29 11:35:54","post_modified_gmt":"2022-12-29 10:35:54","post_content_filtered":"","post_parent":0,"guid":"https:\/\/www.claret.cat\/autor\/ignasi-ricart-fabregas\/","menu_order":0,"post_type":"autor","post_mime_type":"","comment_count":"0","filter":"raw"}],"autor":"RICART F\u00c0BREGAS, IGNASI","codart":"849846284","libros-coleccion":"","ediciones":"0","encuadernacion":"R\u00fastica","fecha_de_publicacion":"08\/01\/2009","novedad":"0","paginas":"32","subtitulo":"","orden":"999","portada":"0","idioma":"cat"},"aioseo_notices":[],"_links":{"self":[{"href":"https:\/\/www.claret.cat\/es\/wp-json\/wp\/v2\/product\/367573","targetHints":{"allow":["GET"]}}],"collection":[{"href":"https:\/\/www.claret.cat\/es\/wp-json\/wp\/v2\/product"}],"about":[{"href":"https:\/\/www.claret.cat\/es\/wp-json\/wp\/v2\/types\/product"}],"wp:featuredmedia":[{"embeddable":true,"href":"https:\/\/www.claret.cat\/es\/wp-json\/wp\/v2\/media\/367574"}],"wp:attachment":[{"href":"https:\/\/www.claret.cat\/es\/wp-json\/wp\/v2\/media?parent=367573"}],"wp:term":[{"taxonomy":"product_brand","embeddable":true,"href":"https:\/\/www.claret.cat\/es\/wp-json\/wp\/v2\/product_brand?post=367573"},{"taxonomy":"product_cat","embeddable":true,"href":"https:\/\/www.claret.cat\/es\/wp-json\/wp\/v2\/product_cat?post=367573"},{"taxonomy":"product_tag","embeddable":true,"href":"https:\/\/www.claret.cat\/es\/wp-json\/wp\/v2\/product_tag?post=367573"}],"curies":[{"name":"wp","href":"https:\/\/api.w.org\/{rel}","templated":true}]}}