{"id":36760,"date":"2022-10-02T18:24:35","date_gmt":"2022-10-02T16:24:35","guid":{"rendered":"http:\/\/dev.claret.cat\/producte\/san-felipe-neri-el-santo-de-la-alegria\/"},"modified":"2024-12-10T11:45:32","modified_gmt":"2024-12-10T10:45:32","slug":"san-felipe-neri-el-santo-de-la-alegria-9788417204730","status":"publish","type":"product","link":"https:\/\/www.claret.cat\/es\/libro\/san-felipe-neri-el-santo-de-la-alegria-9788417204730\/","title":{"rendered":"SAN FELIPE NERI, EL SANTO DE LA ALEGR\u00cdA"},"content":{"rendered":"<p>La alegr\u00eda es una consecuencia inevitable para quien vive una fe profunda. Esto lo supo y lo transmiti\u00f3 san Felipe Neri a lo largo de su vida. <br \/> En estas p\u00e1ginas se nos revelan, de un modo ameno y documentado, an\u00e9cdotas, ense\u00f1anzas y la obra de este santo, que nos invita a seguir a Jes\u00fas con un coraz\u00f3n agradecido.<\/p>\n","protected":false},"excerpt":{"rendered":"<p>LASCURAIN, CRISTI\u00c1N ABEL<\/p>\n","protected":false},"featured_media":313115,"template":"","meta":{"_acf_changed":false,"om_disable_all_campaigns":false,"rs_blank_template":"","rs_page_bg_color":"","slide_template_v7":"","inline_featured_image":false,"_monsterinsights_skip_tracking":false,"_monsterinsights_sitenote_active":false,"_monsterinsights_sitenote_note":"","_monsterinsights_sitenote_category":0},"product_brand":[],"product_cat":[92,542],"product_tag":[],"class_list":{"0":"post-36760","1":"product","2":"type-product","3":"status-publish","4":"has-post-thumbnail","6":"product_cat-vida-religiosa","7":"product_cat-vida-religiosa-1_espiritualidad-spa","9":"first","10":"instock","11":"taxable","12":"shipping-taxable","13":"purchasable","14":"product-type-simple"},"acf":{"autor":"LASCURAIN, CRISTI\u00c1N ABEL","codart":"841720473","libros-coleccion":"Vidas y semblanzas","ediciones":"1","encuadernacion":"R\u00fastica","fecha_de_publicacion":"01\/04\/2022","novedad":"1","paginas":"144","subtitulo":"","orden":"0","portada":"0","idioma":"spa","editorial":[{"ID":147774,"post_author":"3","post_date":"2022-10-14 11:53:07","post_date_gmt":"2022-10-14 09:53:07","post_content":"","post_title":"EDIBESA","post_excerpt":"","post_status":"publish","comment_status":"closed","ping_status":"closed","post_password":"","post_name":"edibesa","to_ping":"","pinged":"","post_modified":"2022-10-14 11:53:07","post_modified_gmt":"2022-10-14 09:53:07","post_content_filtered":"","post_parent":0,"guid":"http:\/\/dev.claret.cat\/editorial\/edibesa\/","menu_order":0,"post_type":"editorial","post_mime_type":"","comment_count":"0","filter":"raw"}],"autores-libros":[{"ID":153285,"post_author":"3","post_date":"2022-10-14 14:55:33","post_date_gmt":"2022-10-14 12:55:33","post_content":"","post_title":"CRISTI\u00c1N ABEL LASCURAIN","post_excerpt":"","post_status":"publish","comment_status":"closed","ping_status":"closed","post_password":"","post_name":"cristian-abel-lascurain","to_ping":"","pinged":"","post_modified":"2022-10-14 14:55:33","post_modified_gmt":"2022-10-14 12:55:33","post_content_filtered":"","post_parent":0,"guid":"http:\/\/dev.claret.cat\/autor\/cristian-abel-lascurain\/","menu_order":0,"post_type":"autor","post_mime_type":"","comment_count":"0","filter":"raw"}]},"aioseo_notices":[],"_links":{"self":[{"href":"https:\/\/www.claret.cat\/es\/wp-json\/wp\/v2\/product\/36760","targetHints":{"allow":["GET"]}}],"collection":[{"href":"https:\/\/www.claret.cat\/es\/wp-json\/wp\/v2\/product"}],"about":[{"href":"https:\/\/www.claret.cat\/es\/wp-json\/wp\/v2\/types\/product"}],"wp:featuredmedia":[{"embeddable":true,"href":"https:\/\/www.claret.cat\/es\/wp-json\/wp\/v2\/media\/313115"}],"wp:attachment":[{"href":"https:\/\/www.claret.cat\/es\/wp-json\/wp\/v2\/media?parent=36760"}],"wp:term":[{"taxonomy":"product_brand","embeddable":true,"href":"https:\/\/www.claret.cat\/es\/wp-json\/wp\/v2\/product_brand?post=36760"},{"taxonomy":"product_cat","embeddable":true,"href":"https:\/\/www.claret.cat\/es\/wp-json\/wp\/v2\/product_cat?post=36760"},{"taxonomy":"product_tag","embeddable":true,"href":"https:\/\/www.claret.cat\/es\/wp-json\/wp\/v2\/product_tag?post=36760"}],"curies":[{"name":"wp","href":"https:\/\/api.w.org\/{rel}","templated":true}]}}