{"id":367639,"date":"2023-01-15T21:25:31","date_gmt":"2023-01-15T20:25:31","guid":{"rendered":"https:\/\/www.claret.cat\/llibre\/atrapats-en-la-violencia-9788498463293\/"},"modified":"2024-05-22T18:42:34","modified_gmt":"2024-05-22T16:42:34","slug":"atrapats-en-la-violencia-9788498463293","status":"publish","type":"product","link":"https:\/\/www.claret.cat\/es\/libro\/atrapats-en-la-violencia-9788498463293\/","title":{"rendered":"ATRAPATS EN LA VIOL\u00c8NCIA"},"content":{"rendered":"<p>\u00abQuan resulta normal tenir armes a casa, quan els delinq\u00fcents consideren que matar l\u2019agredit forma part del ritual, quan les pel\u00b7l\u00edcules de distracci\u00f3 estan plenes de sang i de morts, quan els nostres fills es cremen les pestanyes amb els videojocs violents, quan sembla normal tenir ex\u00e8rcit i resoldre els conflictes internacionals amb la llei del m\u00e9s fort, llavors ens trobem immersos en la cultura de la viol\u00e8ncia.\u00bb<br \/>Davant aquesta realitat, Jos\u00e9 Sols ha elaborat de forma breu, documentada i amb una bona dosi cr\u00edtica, una an\u00e0lisi multidisciplinar de la viol\u00e8ncia, un apropament a les posicions de l\u2019Esgl\u00e9sia al respecte i les possibles implicacions dels cristians.<br \/>Sols fa una aposta per la cultura de la pau, m\u00e9s enll\u00e0 d\u2019una cultura de \u00abseguretat\u00bb que pugui allunyar-nos temporalment del perill, per\u00f2 sense eliminar-lo. Una cultura de la pau que ha d\u2019incidir, per tant, en les causes m\u00e9s profundes de la viol\u00e8ncia.<br \/>La part final del llibre resulta especialment encoratjadora i tamb\u00e9 valenta, en la mesura en qu\u00e8 es distancia del concepte de \u00abguerra justa\u00bb i es pronuncia d\u2019una manera clara per les opcions de la no-viol\u00e8ncia.<\/p>\n","protected":false},"excerpt":{"rendered":"<p>SOLS LUCIA, JOS\u00c9<\/p>\n","protected":false},"featured_media":367657,"template":"","meta":{"_acf_changed":false,"om_disable_all_campaigns":false,"rs_blank_template":"","rs_page_bg_color":"","slide_template_v7":"","inline_featured_image":false,"_monsterinsights_skip_tracking":false,"_monsterinsights_sitenote_active":false,"_monsterinsights_sitenote_note":"","_monsterinsights_sitenote_category":0},"product_brand":[],"product_cat":[90,581,540],"product_tag":[],"class_list":{"0":"post-367639","1":"product","2":"type-product","3":"status-publish","4":"has-post-thumbnail","6":"product_cat-altres","7":"product_cat-editorial-claret","8":"product_cat-otros","10":"first","11":"instock","12":"taxable","13":"shipping-taxable","14":"purchasable","15":"product-type-simple"},"acf":{"editorial":[{"ID":6158,"post_author":"3","post_date":"2022-07-28 17:46:08","post_date_gmt":"2022-07-28 15:46:08","post_content":"","post_title":"CLARET","post_excerpt":"","post_status":"publish","comment_status":"closed","ping_status":"closed","post_password":"","post_name":"claret","to_ping":"","pinged":"","post_modified":"2022-07-28 17:46:08","post_modified_gmt":"2022-07-28 15:46:08","post_content_filtered":"","post_parent":0,"guid":"http:\/\/dev.claret.cat\/editorial\/claret\/","menu_order":0,"post_type":"editorial","post_mime_type":"","comment_count":"0","filter":"raw"}],"autores-libros":[{"ID":160583,"post_author":"3","post_date":"2022-10-14 15:54:15","post_date_gmt":"2022-10-14 13:54:15","post_content":"","post_title":"JOS\u00c9 SOLS LUCIA","post_excerpt":"","post_status":"publish","comment_status":"closed","ping_status":"closed","post_password":"","post_name":"jose-sols-lucia","to_ping":"","pinged":"","post_modified":"2022-10-14 15:54:15","post_modified_gmt":"2022-10-14 13:54:15","post_content_filtered":"","post_parent":0,"guid":"http:\/\/dev.claret.cat\/autor\/jose-sols-lucia\/","menu_order":0,"post_type":"autor","post_mime_type":"","comment_count":"0","filter":"raw"}],"autor":"SOLS LUCIA, JOS\u00c9","codart":"849846329","libros-coleccion":"","ediciones":"1","encuadernacion":"[Vac\u00edo]","fecha_de_publicacion":"23\/11\/2009","novedad":"0","paginas":"104","subtitulo":"CAMINS DE SORTIDA","orden":"999","portada":"0","idioma":"cat"},"aioseo_notices":[],"_links":{"self":[{"href":"https:\/\/www.claret.cat\/es\/wp-json\/wp\/v2\/product\/367639","targetHints":{"allow":["GET"]}}],"collection":[{"href":"https:\/\/www.claret.cat\/es\/wp-json\/wp\/v2\/product"}],"about":[{"href":"https:\/\/www.claret.cat\/es\/wp-json\/wp\/v2\/types\/product"}],"wp:featuredmedia":[{"embeddable":true,"href":"https:\/\/www.claret.cat\/es\/wp-json\/wp\/v2\/media\/367657"}],"wp:attachment":[{"href":"https:\/\/www.claret.cat\/es\/wp-json\/wp\/v2\/media?parent=367639"}],"wp:term":[{"taxonomy":"product_brand","embeddable":true,"href":"https:\/\/www.claret.cat\/es\/wp-json\/wp\/v2\/product_brand?post=367639"},{"taxonomy":"product_cat","embeddable":true,"href":"https:\/\/www.claret.cat\/es\/wp-json\/wp\/v2\/product_cat?post=367639"},{"taxonomy":"product_tag","embeddable":true,"href":"https:\/\/www.claret.cat\/es\/wp-json\/wp\/v2\/product_tag?post=367639"}],"curies":[{"name":"wp","href":"https:\/\/api.w.org\/{rel}","templated":true}]}}