{"id":367666,"date":"2023-01-15T21:35:37","date_gmt":"2023-01-15T20:35:37","guid":{"rendered":"https:\/\/www.claret.cat\/llibre\/jesus-es-el-senor-primer-cuaderno-de-ejercicios-9788498463354\/"},"modified":"2025-11-24T19:01:29","modified_gmt":"2025-11-24T18:01:29","slug":"jesus-es-el-senor-primer-cuaderno-de-ejercicios-9788498463354","status":"publish","type":"product","link":"https:\/\/www.claret.cat\/es\/libro\/jesus-es-el-senor-primer-cuaderno-de-ejercicios-9788498463354\/","title":{"rendered":"JES\u00daS ES EL SE\u00d1OR. PRIMER CUADERNO DE EJERCICIOS"},"content":{"rendered":"<p>El Servicio de Catequesis ha elaborado este cuaderno de ejercicios para poder trabajar los contenidos de los temas de la primera parte del Catecismo \u00abJes\u00fas es el Se\u00f1or\u00bb, de forma sencilla, ordenada y progresiva. Se trata de una propuesta de trabajo para que los ni\u00f1os y ni\u00f1as de 1r Curso de Catequesis realicen unos ejercicios variados y pr\u00e1cticos que les ayuden a construir una verdadera experiencia de fe cristiana infantil, en cada momento de su proceso de crecimiento.<\/p>\n","protected":false},"excerpt":{"rendered":"<p>MART\u00cdNEZ DESCHAMPS, MONTS<\/p>\n","protected":false},"featured_media":367667,"template":"","meta":{"_acf_changed":false,"om_disable_all_campaigns":false,"rs_blank_template":"","rs_page_bg_color":"","slide_template_v7":"","inline_featured_image":false,"_monsterinsights_skip_tracking":false,"_monsterinsights_sitenote_active":false,"_monsterinsights_sitenote_note":"","_monsterinsights_sitenote_category":0},"product_brand":[],"product_cat":[90,581,540],"product_tag":[],"class_list":{"0":"post-367666","1":"product","2":"type-product","3":"status-publish","4":"has-post-thumbnail","6":"product_cat-altres","7":"product_cat-editorial-claret","8":"product_cat-otros","10":"first","11":"instock","12":"taxable","13":"shipping-taxable","14":"purchasable","15":"product-type-simple"},"acf":{"editorial":[{"ID":6158,"post_author":"3","post_date":"2022-07-28 17:46:08","post_date_gmt":"2022-07-28 15:46:08","post_content":"","post_title":"CLARET","post_excerpt":"","post_status":"publish","comment_status":"closed","ping_status":"closed","post_password":"","post_name":"claret","to_ping":"","pinged":"","post_modified":"2022-07-28 17:46:08","post_modified_gmt":"2022-07-28 15:46:08","post_content_filtered":"","post_parent":0,"guid":"http:\/\/dev.claret.cat\/editorial\/claret\/","menu_order":0,"post_type":"editorial","post_mime_type":"","comment_count":"0","filter":"raw"}],"autores-libros":[{"ID":367662,"post_author":"3","post_date":"2023-01-15 21:35:22","post_date_gmt":"2023-01-15 20:35:22","post_content":"","post_title":"MONTSERRAT MART\u00cdNEZ DESCHAMPS","post_excerpt":"","post_status":"publish","comment_status":"closed","ping_status":"closed","post_password":"","post_name":"montserrat-martinez-deschamps-2","to_ping":"","pinged":"","post_modified":"2023-01-15 21:35:22","post_modified_gmt":"2023-01-15 20:35:22","post_content_filtered":"","post_parent":0,"guid":"https:\/\/www.claret.cat\/autor\/montserrat-martinez-deschamps-2\/","menu_order":0,"post_type":"autor","post_mime_type":"","comment_count":"0","filter":"raw"}],"autor":"MART\u00cdNEZ DESCHAMPS, MONTS","codart":"849846335","libros-coleccion":"","ediciones":"1","encuadernacion":"R\u00fastica","fecha_de_publicacion":"02\/12\/2009","novedad":"0","paginas":"63","subtitulo":"CORRESPONDIENTE AL CATECISMO","orden":"999","portada":"0","idioma":"spa","booktrailer":"","resenas":""},"aioseo_notices":[],"_links":{"self":[{"href":"https:\/\/www.claret.cat\/es\/wp-json\/wp\/v2\/product\/367666","targetHints":{"allow":["GET"]}}],"collection":[{"href":"https:\/\/www.claret.cat\/es\/wp-json\/wp\/v2\/product"}],"about":[{"href":"https:\/\/www.claret.cat\/es\/wp-json\/wp\/v2\/types\/product"}],"wp:featuredmedia":[{"embeddable":true,"href":"https:\/\/www.claret.cat\/es\/wp-json\/wp\/v2\/media\/367667"}],"wp:attachment":[{"href":"https:\/\/www.claret.cat\/es\/wp-json\/wp\/v2\/media?parent=367666"}],"wp:term":[{"taxonomy":"product_brand","embeddable":true,"href":"https:\/\/www.claret.cat\/es\/wp-json\/wp\/v2\/product_brand?post=367666"},{"taxonomy":"product_cat","embeddable":true,"href":"https:\/\/www.claret.cat\/es\/wp-json\/wp\/v2\/product_cat?post=367666"},{"taxonomy":"product_tag","embeddable":true,"href":"https:\/\/www.claret.cat\/es\/wp-json\/wp\/v2\/product_tag?post=367666"}],"curies":[{"name":"wp","href":"https:\/\/api.w.org\/{rel}","templated":true}]}}